{"id":15518,"date":"2021-04-13T19:07:21","date_gmt":"2021-04-13T19:07:21","guid":{"rendered":"https:\/\/fotofestivalpelt.be\/?page_id=15518"},"modified":"2023-02-26T18:46:00","modified_gmt":"2023-02-26T18:46:00","slug":"video","status":"publish","type":"page","link":"https:\/\/fotofestivalpelt.be\/fr\/video\/","title":{"rendered":"CLIPS VID\u00c9O AVEC LES PHOTOS"},"content":{"rendered":"<p>[et_pb_section fb_built=\u00a0\u00bb1&Prime; _builder_version=\u00a0\u00bb4.16&Prime; background_color=\u00a0\u00bb#5e5e5e\u00a0\u00bb custom_padding=\u00a0\u00bb9px|0px|2px|0px|false|false\u00a0\u00bb global_colors_info=\u00a0\u00bb{}\u00a0\u00bb][et_pb_row admin_label=\u00a0\u00bbVid\u00e9o\u00a0\u00bb _builder_version=\u00a0\u00bb4.16&Prime; global_colors_info=\u00a0\u00bb{}\u00a0\u00bb][et_pb_column type=\u00a0\u00bb4_4&Prime; _builder_version=\u00a0\u00bb4.16&Prime; custom_padding=\u00a0\u00bb|||\u00a0\u00bb global_colors_info=\u00a0\u00bb{}\u00a0\u00bb custom_padding__hover=\u00a0\u00bb|||\u00a0\u00bb][et_pb_text admin_label=\u00a0\u00bbVideo\u00a0\u00bb _builder_version=\u00a0\u00bb4.20.0&Prime; text_font=\u00a0\u00bbMontserrat||||||||\u00a0\u00bb text_text_color=\u00a0\u00bb#ffffff\u00a0\u00bb text_font_size=\u00a0\u00bb16px\u00a0\u00bb text_line_height=\u00a0\u00bb2.2em\u00a0\u00bb header_font=\u00a0\u00bb||||||||\u00a0\u00bb header_3_font=\u00a0\u00bb||||||||\u00a0\u00bb header_3_text_color=\u00a0\u00bb#000000&Prime; header_4_text_color=\u00a0\u00bb#F19413&Prime; global_colors_info=\u00a0\u00bb{}\u00a0\u00bb]<\/p>\n<h3><strong>Clips vid\u00e9o sur les photos expos\u00e9es<\/strong><\/h3>\n<p>&nbsp;<\/p>\n<p>\u00c0 la suite de l&rsquo;\u00e9dition 2021 de Lens op de Mens, nous souhaitons \u00e0 nouveau ajouter des clips vid\u00e9o qui racontent l&rsquo;histoire du photographe et de ses photos.<br \/>Tous les auteurs des photos expos\u00e9es peuvent soumettre un clip vid\u00e9o dans lequel ils donnent une explication concise sur leur(s) photo(s) et se pr\u00e9sentent \u00e9ventuellement bri\u00e8vement.<\/p>\n<p>Toutes les photos pour lesquelles il existe une vid\u00e9o correspondante se verront attribuer un code QR qui permet de visionner cette vid\u00e9o via YouTube sur un appareil portable tel qu&rsquo;un t\u00e9l\u00e9phone mobile ou une tablette.<\/p>\n<p>Gr\u00e2ce \u00e0 ces liens, vous pouvez d\u00e9j\u00e0 voir quelques exemples de 2021 de ce que nous esp\u00e9rons \u00eatre une belle valeur ajout\u00e9e pour le festival.<\/p>\n<p><a href=\"https:\/\/youtu.be\/p1XY0foEEAM\" target=\"_blank\" rel=\"noopener\">https:\/\/youtu.be\/p1XY0foEEAM<\/a><br \/><a href=\"https:\/\/youtu.be\/JnLhIxnS7wM\" target=\"_blank\" rel=\"noopener\">https:\/\/youtu.be\/JnLhIxnS7wM\u00a0<\/a><br \/><a href=\"https:\/\/youtu.be\/ewAn6-8od4I\" target=\"_blank\" rel=\"noopener\">https:\/\/youtu.be\/ewAn6-8od4I\u00a0<\/a><\/p>\n<h3 class=\"font_7\">\u200b<\/h3>\n<p>[\/et_pb_text][et_pb_text admin_label=\u00a0\u00bbR\u00e8glement\u00a0\u00bb _builder_version=\u00a0\u00bb4.20.0&Prime; text_font=\u00a0\u00bbMontserrat||||||||\u00a0\u00bb text_text_color=\u00a0\u00bb#ffffff\u00a0\u00bb text_font_size=\u00a0\u00bb16px\u00a0\u00bb text_line_height=\u00a0\u00bb2.2em\u00a0\u00bb header_font=\u00a0\u00bb||||||||\u00a0\u00bb header_3_font=\u00a0\u00bb||||||||\u00a0\u00bb header_3_text_color=\u00a0\u00bb#000000&Prime; header_4_text_color=\u00a0\u00bb#F19413&Prime; global_colors_info=\u00a0\u00bb{}\u00a0\u00bb]<\/p>\n<h3><strong>R\u00e8gles pour l&rsquo;envoi de clips vid\u00e9o<\/strong><\/h3>\n<p>&nbsp;<\/p>\n<h4>Format, qualit\u00e9 et longueur<\/h4>\n<p>La vid\u00e9o soumise doit \u00eatre en format HD (1920 x 1080 px &#8211; 16:9). Les vid\u00e9os doivent \u00e9galement avoir les codecs et l&rsquo;extension de fichier appropri\u00e9s pour \u00eatre t\u00e9l\u00e9charg\u00e9es sur YouTube.<\/p>\n<p><strong>YouTube recommande les \u00e9l\u00e9ments suivants :<\/strong><\/p>\n<ul>\n<li>extension de fichier : MP4<\/li>\n<li>taille 16:9 (1920x1080px pour la HD)<\/li>\n<li>codec vid\u00e9o : H.264<\/li>\n<li>codec audio : AAC-LC.<\/li>\n<\/ul>\n<p>Les vid\u00e9os soumises doivent avoir une qualit\u00e9 d&rsquo;image et de son suffisamment \u00e9lev\u00e9e et peuvent avoir une dur\u00e9e maximale de 120 secondes.<br \/>Aucune musique ne peut \u00eatre entendue ou ajout\u00e9e aux vid\u00e9os.<br \/>Le nom de fichier de la vid\u00e9o doit \u00eatre Nom_Pr\u00e9nom_num\u00e9ro de s\u00e9rie.extension (mp4).<br \/>Par exemple : Vanpelt_Jan_A328.mp4 ou Leenders_Mia_P182.mp4<br \/>Le num\u00e9ro de s\u00e9rie de la photo est le num\u00e9ro qui appara\u00eet en bas \u00e0 droite de la photo d&rsquo;exemple envoy\u00e9e par e-mail, compos\u00e9 d&rsquo;un A+chiffre pour une photo de la cat\u00e9gorie amateur ou d&rsquo;un P+chiffre pour une photo de la cat\u00e9gorie professionnelle.<br \/>Si la vid\u00e9o d\u00e9crit une s\u00e9rie de photos, il suffit d&rsquo;inclure le num\u00e9ro de s\u00e9quence le plus bas dans le nom du fichier.<\/p>\n<h4>Droits d&rsquo;auteur et permissions<\/h4>\n<p>L&rsquo;auteur doit disposer de tous les droits d&rsquo;utilisation de la vid\u00e9o soumise :<\/p>\n<ul>\n<li>\u00e0 la vid\u00e9o elle-m\u00eame<\/li>\n<li>vers toutes les images montr\u00e9es dans la vid\u00e9o<\/li>\n<li>le cas \u00e9ch\u00e9ant, aux \u0153uvres d&rsquo;art, b\u00e2timents, etc. repr\u00e9sent\u00e9s dans la vid\u00e9o (d\u00e9charges de droits d&rsquo;auteur et d\u00e9charges de propri\u00e9t\u00e9)<\/li>\n<li>le consentement de toutes les personnes repr\u00e9sent\u00e9es de mani\u00e8re reconnaissable dans la vid\u00e9o (model releases).<\/li>\n<\/ul>\n<h4>Droit d&rsquo;utilisation par Lens Op De Mens<\/h4>\n<p>L&rsquo;intention est que les vid\u00e9os soient utilis\u00e9es pour donner une br\u00e8ve explication sur une image, une s\u00e9rie d&rsquo;images et\/ou l&rsquo;auteur des images en question. Par cons\u00e9quent, un code QR sera fourni avec chaque image expos\u00e9e, dont la vid\u00e9o est \u00e9galement accompagn\u00e9e, ce qui permet de visionner la vid\u00e9o via YouTube sur un appareil portable tel qu&rsquo;un t\u00e9l\u00e9phone mobile ou une tablette.<\/p>\n<p>En soumettant son travail, le photographe\/auteur de l&rsquo;envoi donne l&rsquo;autorisation explicite \u00e0 l&rsquo;asbl Lens op de Mens de publier les vid\u00e9os sur la cha\u00eene YouTube et les m\u00e9dias sociaux de l&rsquo;asbl.<\/p>\n<p>En soumettant son travail, le photographe\/auteur de l&rsquo;envoi accorde \u00e9galement \u00e0 l&rsquo;asbl Lens op de Mens le droit d&rsquo;utiliser les vid\u00e9os soumises pour la promotion du festival international de photographie \u00ab\u00a0Lens op de Mens\u00a0\u00bb.<\/p>\n<p>Le festival a le droit d&rsquo;ajouter une g\u00e9n\u00e9rique de d\u00e9but et de fin afin d&rsquo;obtenir une uniformit\u00e9 entre toutes les vid\u00e9os.<\/p>\n<h4>Date limite de soumission<\/h4>\n<p>Les vid\u00e9os doivent \u00eatre soumises avant le 1er juin 2023 via <a href=\"https:\/\/wetransfer.com\/\" target=\"_blank\" rel=\"noopener\">wetransfer.com<\/a> \u00e0 l&rsquo;adresse \u00e9lectronique <a href=\"mailto:info@fotofestivalpelt.be\" target=\"_blank\" rel=\"noopener\">info@fotofestivalpelt.be<\/a><\/p>\n<p>[\/et_pb_text][et_pb_text admin_label=\u00a0\u00bbTips\u00a0\u00bb _builder_version=\u00a0\u00bb4.20.0&Prime; text_font=\u00a0\u00bbMontserrat||||||||\u00a0\u00bb text_text_color=\u00a0\u00bb#ffffff\u00a0\u00bb text_font_size=\u00a0\u00bb16px\u00a0\u00bb text_line_height=\u00a0\u00bb2.2em\u00a0\u00bb header_font=\u00a0\u00bb||||||||\u00a0\u00bb header_3_font=\u00a0\u00bb||||||||\u00a0\u00bb header_3_text_color=\u00a0\u00bb#000000&Prime; header_4_text_color=\u00a0\u00bb#F19413&Prime; hover_enabled=\u00a0\u00bb0&Prime; global_colors_info=\u00a0\u00bb{}\u00a0\u00bb sticky_enabled=\u00a0\u00bb0&Prime;]<\/p>\n<h4>Conseils pour am\u00e9liorer vos clips vid\u00e9o<\/h4>\n<ul>\n<li>filmez toujours en mode horizontal lorsque vous filmez avec votre t\u00e9l\u00e9phone portable<\/li>\n<li>ne filmez pas avec le contre-jour d&rsquo;une fen\u00eatre en arri\u00e8re-plan<\/li>\n<li>dites quelque chose sur les photos que vous avez s\u00e9lectionn\u00e9es, c&rsquo;est ce que nous aimons vraiment voir<\/li>\n<li>n&rsquo;en faites pas une publicit\u00e9 pour votre entreprise, ce n&rsquo;est pas le but recherch\u00e9<\/li>\n<li>pr\u00e9sentez-vous bri\u00e8vement, pas d&rsquo;histoire de vie, pas de longue liste d&rsquo;\u00e9tudes, etc.<\/li>\n<li>veillez \u00e0 ne pas faire bouger votre t\u00e9l\u00e9phone portable ou votre cam\u00e9ra<\/li>\n<li>la technique du selfie avec le bras tendu n&rsquo;est pas recommand\u00e9e<\/li>\n<li>stabilisez votre t\u00e9l\u00e9phone portable ou votre appareil photo en le reposant contre un objet ou utilisez un tr\u00e9pied (de table)<\/li>\n<li>choisissez un arri\u00e8re-plan calme sans \u00e9l\u00e9ments de couleur vive susceptibles de vous distraire<\/li>\n<li>\u00e9vitez un arri\u00e8re-plan d\u00e9sordonn\u00e9<\/li>\n<\/ul>\n<p>&nbsp;<\/p>\n<p>&nbsp;<\/p>\n<p>[\/et_pb_text][\/et_pb_column][\/et_pb_row][\/et_pb_section][et_pb_section fb_built=\u00a0\u00bb1&Prime; _builder_version=\u00a0\u00bb4.16&Prime; custom_padding=\u00a0\u00bb0|0px|0|0px|false|false\u00a0\u00bb global_colors_info=\u00a0\u00bb{}\u00a0\u00bb][et_pb_row column_structure=\u00a0\u00bb1_4,1_4,1_4,1_4&Prime; use_custom_gutter=\u00a0\u00bbon\u00a0\u00bb gutter_width=\u00a0\u00bb1&Prime; module_class=\u00a0\u00bb et_pb_row_fullwidth\u00a0\u00bb _builder_version=\u00a0\u00bb4.16&Prime; width=\u00a0\u00bb100%\u00a0\u00bb width_tablet=\u00a0\u00bb100%\u00a0\u00bb width_phone=\u00a0\u00bb\u00a0\u00bb width_last_edited=\u00a0\u00bbon|desktop\u00a0\u00bb max_width=\u00a0\u00bb100%\u00a0\u00bb max_width_tablet=\u00a0\u00bb100%\u00a0\u00bb max_width_phone=\u00a0\u00bb\u00a0\u00bb max_width_last_edited=\u00a0\u00bbon|desktop\u00a0\u00bb custom_padding=\u00a0\u00bb0|0px|30px|0px|false|false\u00a0\u00bb make_fullwidth=\u00a0\u00bbon\u00a0\u00bb locked=\u00a0\u00bboff\u00a0\u00bb global_colors_info=\u00a0\u00bb{}\u00a0\u00bb][et_pb_column type=\u00a0\u00bb1_4&Prime; _builder_version=\u00a0\u00bb4.16&Prime; custom_padding=\u00a0\u00bb|||\u00a0\u00bb global_colors_info=\u00a0\u00bb{}\u00a0\u00bb custom_padding__hover=\u00a0\u00bb|||\u00a0\u00bb][et_pb_image src=\u00a0\u00bbhttps:\/\/fotofestivalpelt.be\/wp-content\/uploads\/2021\/06\/LodM-2021_4893_HD_Lindepaadje.jpg\u00a0\u00bb alt=\u00a0\u00bbLodM 2021 &#8211; Lindepaadje\u00a0\u00bb title_text=\u00a0\u00bbLodM 2021_4893_HD_Lindepaadje\u00a0\u00bb align_tablet=\u00a0\u00bbcenter\u00a0\u00bb align_phone=\u00a0\u00bb\u00a0\u00bb align_last_edited=\u00a0\u00bbon|desktop\u00a0\u00bb admin_label=\u00a0\u00bbLindepaadje\u00a0\u00bb _builder_version=\u00a0\u00bb4.16&Prime; global_colors_info=\u00a0\u00bb{}\u00a0\u00bb][\/et_pb_image][\/et_pb_column][et_pb_column type=\u00a0\u00bb1_4&Prime; _builder_version=\u00a0\u00bb4.16&Prime; custom_padding=\u00a0\u00bb|||\u00a0\u00bb global_colors_info=\u00a0\u00bb{}\u00a0\u00bb custom_padding__hover=\u00a0\u00bb|||\u00a0\u00bb][et_pb_image src=\u00a0\u00bbhttps:\/\/fotofestivalpelt.be\/wp-content\/uploads\/2021\/06\/LodM-2021_4867_HD.jpg\u00a0\u00bb alt=\u00a0\u00bbLodM 2021 &#8211; gemeentehuis\u00a0\u00bb title_text=\u00a0\u00bbLodM 2021_4867_HD\u00a0\u00bb align_tablet=\u00a0\u00bbcenter\u00a0\u00bb align_phone=\u00a0\u00bb\u00a0\u00bb align_last_edited=\u00a0\u00bbon|desktop\u00a0\u00bb admin_label=\u00a0\u00bbGemeentehuis\u00a0\u00bb _builder_version=\u00a0\u00bb4.16&Prime; global_colors_info=\u00a0\u00bb{}\u00a0\u00bb][\/et_pb_image][\/et_pb_column][et_pb_column type=\u00a0\u00bb1_4&Prime; _builder_version=\u00a0\u00bb4.16&Prime; custom_padding=\u00a0\u00bb|||\u00a0\u00bb global_colors_info=\u00a0\u00bb{}\u00a0\u00bb custom_padding__hover=\u00a0\u00bb|||\u00a0\u00bb][et_pb_image src=\u00a0\u00bbhttps:\/\/fotofestivalpelt.be\/wp-content\/uploads\/2021\/06\/LodM-2021_4855_HD.jpg\u00a0\u00bb alt=\u00a0\u00bbLodM 2021 &#8211; Kerkdijk: laureaten 2019&Prime; title_text=\u00a0\u00bbLodM 2021_4855_HD\u00a0\u00bb align_tablet=\u00a0\u00bbcenter\u00a0\u00bb align_phone=\u00a0\u00bb\u00a0\u00bb align_last_edited=\u00a0\u00bbon|desktop\u00a0\u00bb admin_label=\u00a0\u00bbKerkdijk\u00a0\u00bb _builder_version=\u00a0\u00bb4.16&Prime; global_colors_info=\u00a0\u00bb{}\u00a0\u00bb][\/et_pb_image][\/et_pb_column][et_pb_column type=\u00a0\u00bb1_4&Prime; _builder_version=\u00a0\u00bb4.16&Prime; custom_padding=\u00a0\u00bb|||\u00a0\u00bb global_colors_info=\u00a0\u00bb{}\u00a0\u00bb custom_padding__hover=\u00a0\u00bb|||\u00a0\u00bb][et_pb_image src=\u00a0\u00bbhttps:\/\/fotofestivalpelt.be\/wp-content\/uploads\/2021\/06\/LodM-2021_4893_HD_Lindepaadje.jpg\u00a0\u00bb alt=\u00a0\u00bbLodM 2021 &#8211; Lindepaadje\u00a0\u00bb title_text=\u00a0\u00bbLodM 2021_4893_HD_Lindepaadje\u00a0\u00bb align_tablet=\u00a0\u00bbcenter\u00a0\u00bb align_phone=\u00a0\u00bb\u00a0\u00bb align_last_edited=\u00a0\u00bbon|desktop\u00a0\u00bb admin_label=\u00a0\u00bbLindepaadje\u00a0\u00bb _builder_version=\u00a0\u00bb4.16&Prime; global_colors_info=\u00a0\u00bb{}\u00a0\u00bb][\/et_pb_image][\/et_pb_column][\/et_pb_row][\/et_pb_section]<\/p>\n","protected":false},"excerpt":{"rendered":"<p>Clips vid\u00e9o sur les photos expos\u00e9es &nbsp; \u00c0 la suite de l&rsquo;\u00e9dition 2021 de Lens op de Mens, nous souhaitons \u00e0 nouveau ajouter des clips vid\u00e9o qui racontent l&rsquo;histoire du photographe et de ses photos.Tous les auteurs des photos expos\u00e9es peuvent soumettre un clip vid\u00e9o dans lequel ils donnent une explication concise sur leur(s) photo(s) [&hellip;]<\/p>\n","protected":false},"author":2,"featured_media":0,"parent":0,"menu_order":0,"comment_status":"closed","ping_status":"closed","template":"","meta":{"_et_pb_use_builder":"on","_et_pb_old_content":"","_et_gb_content_width":"","footnotes":""},"class_list":["post-15518","page","type-page","status-publish","hentry"],"_links":{"self":[{"href":"https:\/\/fotofestivalpelt.be\/fr\/wp-json\/wp\/v2\/pages\/15518","targetHints":{"allow":["GET"]}}],"collection":[{"href":"https:\/\/fotofestivalpelt.be\/fr\/wp-json\/wp\/v2\/pages"}],"about":[{"href":"https:\/\/fotofestivalpelt.be\/fr\/wp-json\/wp\/v2\/types\/page"}],"author":[{"embeddable":true,"href":"https:\/\/fotofestivalpelt.be\/fr\/wp-json\/wp\/v2\/users\/2"}],"replies":[{"embeddable":true,"href":"https:\/\/fotofestivalpelt.be\/fr\/wp-json\/wp\/v2\/comments?post=15518"}],"version-history":[{"count":32,"href":"https:\/\/fotofestivalpelt.be\/fr\/wp-json\/wp\/v2\/pages\/15518\/revisions"}],"predecessor-version":[{"id":19017,"href":"https:\/\/fotofestivalpelt.be\/fr\/wp-json\/wp\/v2\/pages\/15518\/revisions\/19017"}],"wp:attachment":[{"href":"https:\/\/fotofestivalpelt.be\/fr\/wp-json\/wp\/v2\/media?parent=15518"}],"curies":[{"name":"wp","href":"https:\/\/api.w.org\/{rel}","templated":true}]}}