{"id":15791,"date":"2021-04-29T15:56:49","date_gmt":"2021-04-29T15:56:49","guid":{"rendered":"https:\/\/fotofestivalpelt.be\/?page_id=15791"},"modified":"2021-05-03T13:36:28","modified_gmt":"2021-05-03T13:36:28","slug":"participants-2021","status":"publish","type":"page","link":"https:\/\/fotofestivalpelt.be\/fr\/participants-2021\/","title":{"rendered":"PARTICIPANTS 2021"},"content":{"rendered":"<p>[et_pb_section fb_built=\u00a0\u00bb1&Prime; _builder_version=\u00a0\u00bb3.22.3&Prime; background_color=\u00a0\u00bb#5e5e5e\u00a0\u00bb custom_padding=\u00a0\u00bb9px|0px|2px|0px|false|false\u00a0\u00bb][et_pb_row admin_label=\u00a0\u00bbAwards hoofding\u00a0\u00bb _builder_version=\u00a0\u00bb3.25&Prime;][et_pb_column type=\u00a0\u00bb4_4&Prime; _builder_version=\u00a0\u00bb3.25&Prime; custom_padding=\u00a0\u00bb|||\u00a0\u00bb custom_padding__hover=\u00a0\u00bb|||\u00a0\u00bb][et_pb_text admin_label=\u00a0\u00bbIntroduction pays\u00a0\u00bb _builder_version=\u00a0\u00bb4.9.4&Prime; text_font=\u00a0\u00bbMontserrat||||||||\u00a0\u00bb text_text_color=\u00a0\u00bb#ffffff\u00a0\u00bb text_font_size=\u00a0\u00bb16px\u00a0\u00bb text_line_height=\u00a0\u00bb2.2em\u00a0\u00bb header_font=\u00a0\u00bb||||||||\u00a0\u00bb header_3_font=\u00a0\u00bb||||||||\u00a0\u00bb header_3_text_color=\u00a0\u00bb#000000&Prime;]<\/p>\n<h3 class=\"font_7\">PARTICIPANTS EDITION 2021<\/h3>\n<p>Pour la troisi\u00e8me \u00e9dition de Lens op de Mens, 323 photographes de 12 pays ont envoy\u00e9 leurs photos \u00e0 Pelt. Le nombre et la qualit\u00e9 des photos ont largement d\u00e9pass\u00e9 le succ\u00e8s des \u00e9ditions pr\u00e9c\u00e9dentes.<\/p>\n<p>Gr\u00e2ce \u00e0 la collaboration continue avec beroepsfotografen.be, asbl Studio, BREEDBEELD, LensCulture et RPS, le festival a touch\u00e9 un tr\u00e8s large \u00e9ventail de photographes.<\/p>\n<p>Les participants venaient del &lsquo;Allemagne, de la France, de l&rsquo;Irlande, de l&rsquo;Inde, des Pays-Bas, de la Pologne, de la Roumanie, de la Russie, des \u00c9tats-Unis, du Royaume-Uni et de la Su\u00e8de. Les membres du club de photographie Digipelt, les \u00e9tudiants de CVO Cursa et GO Next Level et les \u00e9l\u00e8ves de Mater Dei ont \u00e9galement envoy\u00e9 leurs images.<\/p>\n<p>Un jury international compos\u00e9 de professionnels exp\u00e9riment\u00e9s a \u00e9valu\u00e9 et s\u00e9lectionn\u00e9 les photos en fonction de leurs qualit\u00e9s photographiques et esth\u00e9tiques.<\/p>\n<p>Les photos des photographes suivants ont \u00e9t\u00e9 s\u00e9lectionn\u00e9es :<\/p>\n<p>[\/et_pb_text][\/et_pb_column][\/et_pb_row][et_pb_row column_structure=\u00a0\u00bb1_3,1_3,1_3&Prime; _builder_version=\u00a0\u00bb3.25&Prime;][et_pb_column type=\u00a0\u00bb1_3&Prime; _builder_version=\u00a0\u00bb3.25&Prime; custom_padding=\u00a0\u00bb|||\u00a0\u00bb custom_padding__hover=\u00a0\u00bb|||\u00a0\u00bb][et_pb_text admin_label=\u00a0\u00bbAmateurs\u00a0\u00bb _builder_version=\u00a0\u00bb4.9.4&Prime; text_font=\u00a0\u00bbMontserrat||||||||\u00a0\u00bb text_text_color=\u00a0\u00bb#ffffff\u00a0\u00bb text_font_size=\u00a0\u00bb16px\u00a0\u00bb text_line_height=\u00a0\u00bb2.2em\u00a0\u00bb header_font=\u00a0\u00bb||||||||\u00a0\u00bb header_3_font=\u00a0\u00bb||||||||\u00a0\u00bb header_3_text_color=\u00a0\u00bb#000000&Prime; hover_enabled=\u00a0\u00bb0&Prime; sticky_enabled=\u00a0\u00bb0&Prime;]<\/p>\n<h3>Photographes amateurs<\/h3>\n<p>Yasmin Abrahams<br \/>Mari\u00ebtte Aernoudts<br \/>Leon Alders<br \/>Marc Apers<br \/>Hilde Baeken<br \/>Andr\u00e9 Bergmans<br \/>Livinus Bleyen<br \/>Ilse Bloemen<br \/>Elly Bollen<br \/>Stephanie Bomans<br \/>Jochen Bongaerts<br \/>Kevin Bonneux<br \/>Jos Bonninga<br \/>Robert Boons<br \/>Peter Borghs<br \/>Wilco Bosems<br \/>Rita Bredael<br \/>Frans Buitendijk<br \/>Marc Buys<br \/>Suzy Calluy<br \/>Amilia Camps<br \/>Stijn Cardinaels<br \/>Alain Carette<br \/>Victor Carpentier<br \/>Jo\u00eblle Carton<br \/>Ria Ceelen<br \/>Annelies Claes<br \/>Alana Clemens<br \/>Katrien Colenbie<br \/>Alje Creteer<br \/>Philip De Backer<br \/>Arlet De Baere<br \/>Dirk De Beuckelaer<br \/>Lieve De Bleser<br \/>August De Coux<br \/>Jeffrey De Keyser<br \/>Marijn De Keyzer<br \/>Mich\u00e8le De Meersman<br \/>Klaus De Pillecyn<br \/>Jef De Puydt<br \/>Itamar De Rooze<br \/>Sean Declerck<br \/>Guy Defernelmont<br \/>Alidoor Dellafaille<br \/>Kim Dendas<br \/>Claude Descamps<br \/>Anne Dhoore<br \/>Eveline Dierynck<br \/>Marcel Dupont<br \/>Nivedita Dutta<br \/>Frank Emmers<br \/>Dorcas Engels<br \/>Gonnie Feijen<br \/>Adriaan Franssen<br \/>Robrecht Froyman<br \/>Dirk Galle<br \/>Marijke Geurts<br \/>Natascha Geysen<br \/>Herman Gielen<\/p>\n<p>[\/et_pb_text][et_pb_text admin_label=\u00a0\u00bbCVO\u00a0\u00bb _builder_version=\u00a0\u00bb4.9.4&Prime; text_font=\u00a0\u00bbMontserrat||||||||\u00a0\u00bb text_text_color=\u00a0\u00bb#ffffff\u00a0\u00bb text_font_size=\u00a0\u00bb16px\u00a0\u00bb text_line_height=\u00a0\u00bb2.2em\u00a0\u00bb header_font=\u00a0\u00bb||||||||\u00a0\u00bb header_3_font=\u00a0\u00bb||||||||\u00a0\u00bb header_3_text_color=\u00a0\u00bb#000000&Prime;]<\/p>\n<h3><img loading=\"lazy\" decoding=\"async\" class=\"alignnone wp-image-15732\" src=\"https:\/\/fotofestivalpelt.be\/wp-content\/uploads\/2021\/04\/Cursa_logo_300px.png\" alt=\"CVO Cursa\" width=\"200\" height=\"118\" \/><\/h3>\n<p>Hilde Bleyen<br \/>Filip Bollen<br \/>Diana Boons<br \/>Arlet De Baere<br \/>Vienna Detrez<br \/>Yvette Jansen<br \/>V\u00e9ronique \u00a0Kochuyt<br \/>Rina Loos<br \/>N. Magera \u2013 H. Cervinkova<br \/>Wil Smits<br \/>Germa van de Kamp<br \/>Ludovicus Vandeweyer<br \/>Jeanne Vaske<br \/>Guido Vermeulen<\/p>\n<p>[\/et_pb_text][et_pb_text admin_label=\u00a0\u00bbProfs\u00a0\u00bb _builder_version=\u00a0\u00bb4.9.4&Prime; text_font=\u00a0\u00bbMontserrat||||||||\u00a0\u00bb text_text_color=\u00a0\u00bb#ffffff\u00a0\u00bb text_font_size=\u00a0\u00bb16px\u00a0\u00bb text_line_height=\u00a0\u00bb2.2em\u00a0\u00bb header_font=\u00a0\u00bb||||||||\u00a0\u00bb header_3_font=\u00a0\u00bb||||||||\u00a0\u00bb header_3_text_color=\u00a0\u00bb#000000&Prime;]<\/p>\n<h3>Photographes professionels<\/h3>\n<p>2Photographers<br \/>Anna Ajtner<br \/>Anke Berckmans<br \/>Patrick Biesbrouck<br \/>Robert Biesemans<br \/>Manu Bloemen<br \/>Stef Boey<br \/>Bart Boodts<br \/>Katti Borr\u00e9<br \/>Hendrik Braet<br \/>Demi Cauwenbergh<br \/>Pieter Clicteur<br \/>Caroline Colon<br \/>Ann Coppens<br \/>Johan Cr\u00e9<br \/>Esther Daamen<br \/>Jan Darthet<br \/>Luc De Cock<br \/>Didier de Daniloff<br \/>Leendert de Vis<br \/>Katia De Wasch<br \/>Ra\u00efs De Weirdt<br \/>Sabine De Wilde<br \/>Rodney Decnuddew<br \/>Gino Defauww<br \/>Willem Defijn<br \/>Annick Deprins<br \/>Ludwig Desmet<br \/>Caroline Dupont<br \/>Mieke Engelbos<\/p>\n<p>[\/et_pb_text][\/et_pb_column][et_pb_column type=\u00a0\u00bb1_3&Prime; _builder_version=\u00a0\u00bb3.25&Prime; custom_padding=\u00a0\u00bb|||\u00a0\u00bb custom_padding__hover=\u00a0\u00bb|||\u00a0\u00bb][et_pb_text admin_label=\u00a0\u00bbAmateurs\u00a0\u00bb _builder_version=\u00a0\u00bb4.9.4&Prime; text_font=\u00a0\u00bbMontserrat||||||||\u00a0\u00bb text_text_color=\u00a0\u00bb#ffffff\u00a0\u00bb text_font_size=\u00a0\u00bb16px\u00a0\u00bb text_line_height=\u00a0\u00bb2.2em\u00a0\u00bb header_font=\u00a0\u00bb||||||||\u00a0\u00bb header_3_font=\u00a0\u00bb||||||||\u00a0\u00bb header_3_text_color=\u00a0\u00bb#000000&Prime;]<\/p>\n<h3>Photographes amateurs<\/h3>\n<p>Ingrid Gilis<br \/>Marc Gillain<br \/>Robin Godefridi<br \/>Wim Goovaerts<br \/>Karel Gorissen<br \/>Robert Gosselin<br \/>Miets Grevendonk<br \/>Janet Haines<br \/>Peter Heijlen<br \/>Nettie Hendrikx<br \/>Tom Herbots<br \/>Michou Hermans<br \/>Marleen Hiels<br \/>Anita Horions<br \/>Machteld Houben<br \/>Katleen Hurkmans<br \/>Lukas Indekeu<br \/>Paulina Januszewska<br \/>Manya Kay<br \/>Peter Kerfs<br \/>Anneke Kestelijn<br \/>Suzie Ketelslegers<br \/>Freddy Knippenberg<br \/>Mia Kuppens<br \/>Magy Lagniau<br \/>Peter Leduc<br \/>Heidi Leenaards<br \/>Lut Lenaerts<br \/>Edgard Maelliaert<br \/>Jean Marthoud<br \/>Anja Matheeuwsen<br \/>Nora Mecibah<br \/>Yannick Melotte<br \/>Jochen Mersy<br \/>Jos Mertens<br \/>Iene Mesotten<br \/>Jos Meubis<br \/>Marleen Meyermans<br \/>Johan Meykens<br \/>Manon M\u00f6ller<br \/>Anny Moons<br \/>Sandra Nelles<br \/>Bernard Noffels (Georg Bernoff)<br \/>Kathleen Ooms<br \/>Jean-Pierre Paesen<br \/>Lisette Peeters<br \/>Irene Plessers<br \/>Aim\u00e9 Put<br \/>Bart Put<br \/>Jan Ros<br \/>Ria Schildermans<br \/>Miranda Schmitz<br \/>Fonsy Schoeters<br \/>Koen Schrije<br \/>Ellen Schurmans<br \/>Veronique Slingerland<br \/>Paul Smeets<br \/>Ren\u00e9 Smolders<br \/>David Somers<\/p>\n<p>[\/et_pb_text][et_pb_text admin_label=\u00a0\u00bbGO\u00a0\u00bb _builder_version=\u00a0\u00bb4.9.4&Prime; text_font=\u00a0\u00bbMontserrat||||||||\u00a0\u00bb text_text_color=\u00a0\u00bb#ffffff\u00a0\u00bb text_font_size=\u00a0\u00bb16px\u00a0\u00bb text_line_height=\u00a0\u00bb2.2em\u00a0\u00bb header_font=\u00a0\u00bb||||||||\u00a0\u00bb header_3_font=\u00a0\u00bb||||||||\u00a0\u00bb header_3_text_color=\u00a0\u00bb#000000&Prime;]<\/p>\n<h3>GO Next Level \u2013 Hasselt<\/h3>\n<p>Feyza Altun<br \/>Melih Bingolo<br \/>Elise Briers<br \/>Shad\u00e9 Cartledge<br \/>Lenka Copin<br \/>Jelena De Feyter<br \/>No\u00ebmi Flaminio<br \/>Colin Hallaert<br \/>Aaliyah Kverh<br \/>Bregje Laga<br \/>Merel Libersens<br \/>Luka Mertens<br \/>Mari-Lou Meylaerts<br \/>Liana Nersesyan<br \/>Stephanie Neven<br \/>Nathalie Raymaekers<br \/>Lotte Roovers<\/p>\n<p>[\/et_pb_text][et_pb_text admin_label=\u00a0\u00bbProfs\u00a0\u00bb _builder_version=\u00a0\u00bb4.9.4&Prime; text_font=\u00a0\u00bbMontserrat||||||||\u00a0\u00bb text_text_color=\u00a0\u00bb#ffffff\u00a0\u00bb text_font_size=\u00a0\u00bb16px\u00a0\u00bb text_line_height=\u00a0\u00bb2.2em\u00a0\u00bb header_font=\u00a0\u00bb||||||||\u00a0\u00bb header_3_font=\u00a0\u00bb||||||||\u00a0\u00bb header_3_text_color=\u00a0\u00bb#000000&Prime;]<\/p>\n<h3>Photographes professionels<\/h3>\n<p>Laura-Madeleine Engler<br \/>Lucille Feremans<br \/>Griet Gillisjans<br \/>Eric Greif<br \/>Laurens Janus<br \/>Angela Kerste<br \/>Delphine Kesteloot<br \/>Nina Kiseleva<br \/>Rudi Kumpen<br \/>Marlies Laenen<br \/>Jade Lavreys<br \/>Dave Leemans<br \/>Sylvie Lezier<br \/>William Linthout<br \/>An Lowet<br \/>Sarina Mannaert<br \/>Alexandros Michailidis<br \/>Susanne Middelberg<br \/>Piroska Mihalka<br \/>Maxime Minsen<br \/>Aishling Muller<br \/>Karel Mus<br \/>Nele Naert<br \/>FabienneNaessens<br \/>Harold Naeye<br \/>Hanna Neret<br \/>Yves Nevens<br \/>Kristel Nijskens<br \/>Bob Peeters<br \/>Kjeld Pickery<\/p>\n<p>[\/et_pb_text][\/et_pb_column][et_pb_column type=\u00a0\u00bb1_3&Prime; _builder_version=\u00a0\u00bb3.25&Prime; custom_padding=\u00a0\u00bb|||\u00a0\u00bb custom_padding__hover=\u00a0\u00bb|||\u00a0\u00bb][et_pb_text admin_label=\u00a0\u00bbAmateurs\u00a0\u00bb _builder_version=\u00a0\u00bb4.9.4&Prime; text_font=\u00a0\u00bbMontserrat||||||||\u00a0\u00bb text_text_color=\u00a0\u00bb#ffffff\u00a0\u00bb text_font_size=\u00a0\u00bb16px\u00a0\u00bb text_line_height=\u00a0\u00bb2.2em\u00a0\u00bb header_font=\u00a0\u00bb||||||||\u00a0\u00bb header_3_font=\u00a0\u00bb||||||||\u00a0\u00bb header_3_text_color=\u00a0\u00bb#000000&Prime; custom_margin=\u00a0\u00bb||\u00a0\u00bb hover_enabled=\u00a0\u00bb0&Prime; sticky_enabled=\u00a0\u00bb0&Prime;]<\/p>\n<h3>Photographes amateurs<\/h3>\n<p>Danny Swinnen<br \/>Kris Swinnen<br \/>Marcel Swinnen<br \/>Brigitte \u2018t Sijen<br \/>Edwin Thys<br \/>Jan Tielens<br \/>Johan Torfs<br \/>Anny Truyens<br \/>Ingrid Van Acker<br \/>Freddy Van den Brande<br \/>Irene van den Heuvel<br \/>Diane Van Der Stappen<br \/>Marc Van Dercruyssen<br \/>Tess Van Deynse<br \/>Stefanie F van Dijk<br \/>Marc Van Dingenen<br \/>Peter van Eekelen<br \/>Jolanda van Eijndhoven<br \/>Raymond Van Gompel<br \/>Leon Van Ham<br \/>Alain van Hille<br \/>Leen Van Hoeck<br \/>Hilde van Hove<br \/>Kristin Van Hoyweghen<br \/>Toep Van Kemenade<br \/>Ludo Van Moorleghem<br \/>Stan Van Regenmortel<br \/>Ger Van Beek<br \/>Bea van Winkel<br \/>Victor Van Woensel<br \/>Patje Vandebroek<br \/>Sofie Vandemoortele<br \/>Guy Vanderhenst<br \/>Ton Vanderlaan<br \/>Linda Vangansewinkel<br \/>Ingrid Vangrinsven<br \/>Jan Vanhulle<br \/>Eduard Vankelst<br \/>Nele Veirman<br \/>Dirk Velle<br \/>Saskia Verachtert<br \/>Annie Vercruysse<br \/>Greta Verelst<br \/>Walter Verheyden<br \/>Luc Verhoeven<br \/>Eddy Verloes<br \/>Marc Vermeirsch<br \/>Anne Verrassel<br \/>Nathan Verstraete<br \/>Danielle Verteurve<br \/>Roland Wantens<br \/>Carmen Elena Watkins<br \/>Frank Weren<br \/>Yvonne Westhof<br \/>Paul Willems<br \/>RitaWinters<br \/>Karel Wouters<br \/>Ludo Wouters<br \/>.<\/p>\n<p>[\/et_pb_text][et_pb_text admin_label=\u00a0\u00bbMater Dei\u00a0\u00bb _builder_version=\u00a0\u00bb4.9.4&Prime; text_font=\u00a0\u00bbMontserrat||||||||\u00a0\u00bb text_text_color=\u00a0\u00bb#ffffff\u00a0\u00bb text_font_size=\u00a0\u00bb16px\u00a0\u00bb text_line_height=\u00a0\u00bb2.2em\u00a0\u00bb header_font=\u00a0\u00bb||||||||\u00a0\u00bb header_3_font=\u00a0\u00bb||||||||\u00a0\u00bb header_3_text_color=\u00a0\u00bb#000000&Prime; hover_enabled=\u00a0\u00bb0&Prime; sticky_enabled=\u00a0\u00bb0&Prime;]<\/p>\n<h3>GO Next Level \u2013 Hasselt<\/h3>\n<p>Kaat Schepens<br \/>Pieter Somers<br \/>Cas Stevens<\/p>\n<h3>WICO campus Overpelt<\/h3>\n<p>Bo Geerts<br \/>Lindsey Hulsmans<br \/>Amber Overath<br \/>Timo Schmeits<br \/>Rowan Snoeijen<br \/>Davina Teunissen<br \/>Shana Wautraets<br \/>Jarne Bex<br \/>Mateusz Majster<br \/>Nele Schrijnwerkers<br \/>Eveline Simons<br \/>Mylan van Vugt<\/p>\n<p>[\/et_pb_text][et_pb_text admin_label=\u00a0\u00bbProfs\u00a0\u00bb _builder_version=\u00a0\u00bb4.9.4&Prime; text_font=\u00a0\u00bbMontserrat||||||||\u00a0\u00bb text_text_color=\u00a0\u00bb#ffffff\u00a0\u00bb text_font_size=\u00a0\u00bb16px\u00a0\u00bb text_line_height=\u00a0\u00bb2.2em\u00a0\u00bb header_font=\u00a0\u00bb||||||||\u00a0\u00bb header_3_font=\u00a0\u00bb||||||||\u00a0\u00bb header_3_text_color=\u00a0\u00bb#000000&Prime;]<\/p>\n<h3>Photographes professionels<\/h3>\n<p>Iris Pierloot<br \/>Tijs Posen<br \/>Hans Put<br \/>Anne-Marie Rademakers<br \/>Nele Reumers<br \/>Filip Santens<br \/>Sofie Scheelen<br \/>Guy Schotte<br \/>Sabine Schrayen<br \/>Evelien Sniekers<br \/>Kelly Snoeck<br \/>Berten Steenwegen<br \/>Hans Stockmans<br \/>Caroline Tanghe<br \/>LiannaTarverdyan<br \/>Peter Testelmans<br \/>Iris Teunissen<br \/>Rudi Theunis<br \/>Andr\u00e9 Thys<br \/>Ann Van Coninckxloey<br \/>An Van de Wal<br \/>Johan Van Hoeck<br \/>Astrid Van Nevel<br \/>Kaat Van Parys<br \/>Marieke Vanhulle<br \/>Dan Verbruggen<br \/>Marleen Verbruggen<br \/>Luc Vervliet<br \/>Piet Vranckx<br \/>Selva Wilbers \u2013 Jeroen Van Schaik<br \/>Raf Willems<\/p>\n<p>[\/et_pb_text][\/et_pb_column][\/et_pb_row][\/et_pb_section][et_pb_section fb_built=\u00a0\u00bb1&Prime; _builder_version=\u00a0\u00bb3.22.3&Prime; custom_padding=\u00a0\u00bb0|0px|0|0px|false|false\u00a0\u00bb][et_pb_row _builder_version=\u00a0\u00bb3.25&Prime; custom_padding=\u00a0\u00bb30px|0px|6px|0px|false|false\u00a0\u00bb][et_pb_column type=\u00a0\u00bb4_4&Prime; _builder_version=\u00a0\u00bb3.25&Prime; custom_padding=\u00a0\u00bb|||\u00a0\u00bb custom_padding__hover=\u00a0\u00bb|||\u00a0\u00bb][et_pb_text admin_label=\u00a0\u00bbMerci\u00a0\u00bb _builder_version=\u00a0\u00bb4.9.4&Prime; header_font=\u00a0\u00bb||||||||\u00a0\u00bb header_3_font=\u00a0\u00bb||||||||\u00a0\u00bb header_3_text_color=\u00a0\u00bb#f19413&Prime;]<\/p>\n<h3 style=\"text-align: center;\">Un grand merci \u00e0 tous les photographes qui ont soumis leurs photos pour le festival photo Lens op de Mens.<br \/>Gr\u00e2ce \u00e0 eux, cette troisi\u00e8me \u00e9dition d\u00e9passe toutes les attentes..<\/h3>\n<p>[\/et_pb_text][\/et_pb_column][\/et_pb_row][\/et_pb_section][et_pb_section fb_built=\u00a0\u00bb1&Prime; _builder_version=\u00a0\u00bb3.22.3&Prime; custom_padding=\u00a0\u00bb0|0px|0|0px|false|false\u00a0\u00bb][et_pb_row column_structure=\u00a0\u00bb1_4,1_4,1_4,1_4&Prime; use_custom_gutter=\u00a0\u00bbon\u00a0\u00bb gutter_width=\u00a0\u00bb1&Prime; module_class=\u00a0\u00bb et_pb_row_fullwidth\u00a0\u00bb _builder_version=\u00a0\u00bb3.25&Prime; width=\u00a0\u00bb100%\u00a0\u00bb width_tablet=\u00a0\u00bb100%\u00a0\u00bb width_phone=\u00a0\u00bb\u00a0\u00bb width_last_edited=\u00a0\u00bbon|desktop\u00a0\u00bb max_width=\u00a0\u00bb100%\u00a0\u00bb max_width_tablet=\u00a0\u00bb100%\u00a0\u00bb max_width_phone=\u00a0\u00bb\u00a0\u00bb max_width_last_edited=\u00a0\u00bbon|desktop\u00a0\u00bb custom_padding=\u00a0\u00bb0|0px|30px|0px|false|false\u00a0\u00bb make_fullwidth=\u00a0\u00bbon\u00a0\u00bb][et_pb_column type=\u00a0\u00bb1_4&Prime; _builder_version=\u00a0\u00bb3.25&Prime; custom_padding=\u00a0\u00bb|||\u00a0\u00bb custom_padding__hover=\u00a0\u00bb|||\u00a0\u00bb][et_pb_image src=\u00a0\u00bbhttps:\/\/fotofestivalpelt.be\/wp-content\/uploads\/2019\/03\/2017_Pastorijtuin_1.jpg\u00a0\u00bb align_tablet=\u00a0\u00bbcenter\u00a0\u00bb align_phone=\u00a0\u00bb\u00a0\u00bb align_last_edited=\u00a0\u00bbon|desktop\u00a0\u00bb admin_label=\u00a0\u00bbFoto op de route\u00a0\u00bb _builder_version=\u00a0\u00bb3.23&Prime;][\/et_pb_image][\/et_pb_column][et_pb_column type=\u00a0\u00bb1_4&Prime; _builder_version=\u00a0\u00bb3.25&Prime; custom_padding=\u00a0\u00bb|||\u00a0\u00bb custom_padding__hover=\u00a0\u00bb|||\u00a0\u00bb][et_pb_image src=\u00a0\u00bbhttps:\/\/fotofestivalpelt.be\/wp-content\/uploads\/2019\/03\/2017_De-Heuf_2.jpg\u00a0\u00bb align_tablet=\u00a0\u00bbcenter\u00a0\u00bb align_phone=\u00a0\u00bb\u00a0\u00bb align_last_edited=\u00a0\u00bbon|desktop\u00a0\u00bb admin_label=\u00a0\u00bbFoto op de route\u00a0\u00bb _builder_version=\u00a0\u00bb3.23&Prime;][\/et_pb_image][\/et_pb_column][et_pb_column type=\u00a0\u00bb1_4&Prime; _builder_version=\u00a0\u00bb3.25&Prime; custom_padding=\u00a0\u00bb|||\u00a0\u00bb custom_padding__hover=\u00a0\u00bb|||\u00a0\u00bb][et_pb_image src=\u00a0\u00bbhttps:\/\/fotofestivalpelt.be\/wp-content\/uploads\/2019\/03\/2017_route_20.jpg\u00a0\u00bb align_tablet=\u00a0\u00bbcenter\u00a0\u00bb align_phone=\u00a0\u00bb\u00a0\u00bb align_last_edited=\u00a0\u00bbon|desktop\u00a0\u00bb admin_label=\u00a0\u00bbFoto op de route\u00a0\u00bb _builder_version=\u00a0\u00bb3.23&Prime;][\/et_pb_image][\/et_pb_column][et_pb_column type=\u00a0\u00bb1_4&Prime; _builder_version=\u00a0\u00bb3.25&Prime; custom_padding=\u00a0\u00bb|||\u00a0\u00bb custom_padding__hover=\u00a0\u00bb|||\u00a0\u00bb][et_pb_image src=\u00a0\u00bbhttps:\/\/fotofestivalpelt.be\/wp-content\/uploads\/2019\/03\/2017_route_09.jpg\u00a0\u00bb align_tablet=\u00a0\u00bbcenter\u00a0\u00bb align_phone=\u00a0\u00bb\u00a0\u00bb align_last_edited=\u00a0\u00bbon|desktop\u00a0\u00bb admin_label=\u00a0\u00bbFoto op de route\u00a0\u00bb _builder_version=\u00a0\u00bb3.23&Prime;][\/et_pb_image][\/et_pb_column][\/et_pb_row][\/et_pb_section]<\/p>\n","protected":false},"excerpt":{"rendered":"<p>PARTICIPANTS EDITION 2021 Pour la troisi\u00e8me \u00e9dition de Lens op de Mens, 323 photographes de 12 pays ont envoy\u00e9 leurs photos \u00e0 Pelt. Le nombre et la qualit\u00e9 des photos ont largement d\u00e9pass\u00e9 le succ\u00e8s des \u00e9ditions pr\u00e9c\u00e9dentes. Gr\u00e2ce \u00e0 la collaboration continue avec beroepsfotografen.be, asbl Studio, BREEDBEELD, LensCulture et RPS, le festival a touch\u00e9 [&hellip;]<\/p>\n","protected":false},"author":2,"featured_media":0,"parent":0,"menu_order":0,"comment_status":"closed","ping_status":"closed","template":"","meta":{"_et_pb_use_builder":"on","_et_pb_old_content":"","_et_gb_content_width":"","footnotes":""},"class_list":["post-15791","page","type-page","status-publish","hentry"],"_links":{"self":[{"href":"https:\/\/fotofestivalpelt.be\/fr\/wp-json\/wp\/v2\/pages\/15791","targetHints":{"allow":["GET"]}}],"collection":[{"href":"https:\/\/fotofestivalpelt.be\/fr\/wp-json\/wp\/v2\/pages"}],"about":[{"href":"https:\/\/fotofestivalpelt.be\/fr\/wp-json\/wp\/v2\/types\/page"}],"author":[{"embeddable":true,"href":"https:\/\/fotofestivalpelt.be\/fr\/wp-json\/wp\/v2\/users\/2"}],"replies":[{"embeddable":true,"href":"https:\/\/fotofestivalpelt.be\/fr\/wp-json\/wp\/v2\/comments?post=15791"}],"version-history":[{"count":6,"href":"https:\/\/fotofestivalpelt.be\/fr\/wp-json\/wp\/v2\/pages\/15791\/revisions"}],"predecessor-version":[{"id":15860,"href":"https:\/\/fotofestivalpelt.be\/fr\/wp-json\/wp\/v2\/pages\/15791\/revisions\/15860"}],"wp:attachment":[{"href":"https:\/\/fotofestivalpelt.be\/fr\/wp-json\/wp\/v2\/media?parent=15791"}],"curies":[{"name":"wp","href":"https:\/\/api.w.org\/{rel}","templated":true}]}}