{"id":15978,"date":"2021-05-05T17:54:05","date_gmt":"2021-05-05T17:54:05","guid":{"rendered":"https:\/\/fotofestivalpelt.be\/?page_id=15978"},"modified":"2021-06-25T11:15:18","modified_gmt":"2021-06-25T11:15:18","slug":"itineraire-2021","status":"publish","type":"page","link":"https:\/\/fotofestivalpelt.be\/fr\/itineraire-2021\/","title":{"rendered":"ITIN\u00c9RAIRE 2021"},"content":{"rendered":"<p>[et_pb_section fb_built=\u00a0\u00bb1&Prime; _builder_version=\u00a0\u00bb3.22.3&Prime; background_color=\u00a0\u00bb#5e5e5e\u00a0\u00bb custom_padding=\u00a0\u00bb9px|0px|2px|0px|false|false\u00a0\u00bb][et_pb_row _builder_version=\u00a0\u00bb3.25&Prime;][et_pb_column type=\u00a0\u00bb4_4&Prime; _builder_version=\u00a0\u00bb3.25&Prime; custom_padding=\u00a0\u00bb|||\u00a0\u00bb custom_padding__hover=\u00a0\u00bb|||\u00a0\u00bb][et_pb_text admin_label=\u00a0\u00bbTitre Itin\u00e9raire 2021&Prime; _builder_version=\u00a0\u00bb4.9.4&Prime; text_font=\u00a0\u00bb||||||||\u00a0\u00bb text_text_color=\u00a0\u00bb#ffffff\u00a0\u00bb header_font=\u00a0\u00bb||||||||\u00a0\u00bb header_2_font=\u00a0\u00bb||||||||\u00a0\u00bb header_3_font=\u00a0\u00bb||||||||\u00a0\u00bb header_3_text_color=\u00a0\u00bb#f19413&Prime; header_4_font=\u00a0\u00bb||||||||\u00a0\u00bb]<\/p>\n<h3><strong>Itin\u00e9raire 2021<\/strong><\/h3>\n<p>[\/et_pb_text][et_pb_image src=\u00a0\u00bbhttps:\/\/fotofestivalpelt.be\/wp-content\/uploads\/2021\/05\/Plan_LodM_def_2000px.jpg\u00a0\u00bb alt=\u00a0\u00bbPlan LodM 2021&Prime; title_text=\u00a0\u00bbPlan LodM 2021&Prime; align=\u00a0\u00bbcenter\u00a0\u00bb align_tablet=\u00a0\u00bbcenter\u00a0\u00bb align_phone=\u00a0\u00bb\u00a0\u00bb align_last_edited=\u00a0\u00bbon|desktop\u00a0\u00bb admin_label=\u00a0\u00bbPlan 2021&Prime; _builder_version=\u00a0\u00bb4.9.4&Prime; box_shadow_style=\u00a0\u00bbpreset2&Prime;][\/et_pb_image][\/et_pb_column][\/et_pb_row][et_pb_row _builder_version=\u00a0\u00bb3.25&Prime;][et_pb_column type=\u00a0\u00bb4_4&Prime; _builder_version=\u00a0\u00bb3.25&Prime; custom_padding=\u00a0\u00bb|||\u00a0\u00bb custom_padding__hover=\u00a0\u00bb|||\u00a0\u00bb][et_pb_text admin_label=\u00a0\u00bbSignalisation\u00a0\u00bb _builder_version=\u00a0\u00bb4.9.4&Prime; text_font=\u00a0\u00bbMontserrat||||||||\u00a0\u00bb text_text_color=\u00a0\u00bb#ffffff\u00a0\u00bb text_font_size=\u00a0\u00bb16px\u00a0\u00bb text_line_height=\u00a0\u00bb2.2em\u00a0\u00bb header_font=\u00a0\u00bb||||||||\u00a0\u00bb header_3_font=\u00a0\u00bb||||||||\u00a0\u00bb header_3_text_color=\u00a0\u00bb#f19413&Prime;]<\/p>\n<p><img loading=\"lazy\" decoding=\"async\" class=\"alignleft wp-image-15955 size-thumbnail\" src=\"https:\/\/fotofestivalpelt.be\/wp-content\/uploads\/2021\/05\/Wegwijzer-150x150.png\" alt=\"Wegwijzer LodM\" width=\"150\" height=\"150\" data-mce-fragment=\"1\" srcset=\"https:\/\/fotofestivalpelt.be\/wp-content\/uploads\/2021\/05\/Wegwijzer-150x150.png 150w, https:\/\/fotofestivalpelt.be\/wp-content\/uploads\/2021\/05\/Wegwijzer.png 300w, https:\/\/fotofestivalpelt.be\/wp-content\/uploads\/2021\/05\/Wegwijzer-51x51.png 51w\" sizes=\"(max-width: 150px) 100vw, 150px\" \/>Suivez les panneaux portant le logo de Lens op de Mens appos\u00e9 sur les poteaux d&rsquo;\u00e9clairage. Les panneaux blancs vous indiquent la trajectoire recommand\u00e9e. Si vous voyez des panneaux noirs, vous faites le trajet en sens inverse.<\/p>\n<p>Si vous voulez faire le parcours en 2 \u00e9tapes, vous pouvez suivre la ligne bleue entre le <em>POI 10 De Heuf<\/em> et le <em>POI 21 Petite place devant l&rsquo;\u00e9glise<\/em>\u00a0pour couper le parcours \u00e0 travers l&rsquo;Oude Markt.<\/p>\n<p>[\/et_pb_text][et_pb_text admin_label=\u00a0\u00bbQR Route online\u00a0\u00bb _builder_version=\u00a0\u00bb4.9.4&Prime; text_font=\u00a0\u00bbMontserrat||||||||\u00a0\u00bb text_text_color=\u00a0\u00bb#ffffff\u00a0\u00bb text_font_size=\u00a0\u00bb16px\u00a0\u00bb text_line_height=\u00a0\u00bb2.2em\u00a0\u00bb header_font=\u00a0\u00bb||||||||\u00a0\u00bb header_3_font=\u00a0\u00bb||||||||\u00a0\u00bb header_3_text_color=\u00a0\u00bb#f19413&Prime; locked=\u00a0\u00bboff\u00a0\u00bb]<\/p>\n<h3>Suivez l&rsquo;itin\u00e9raire en ligne<\/h3>\n<p>&nbsp;<\/p>\n<p><a href=\"https:\/\/ffp2021.atelier53.be\" target=\"_blank\" rel=\"noopener\"><img loading=\"lazy\" decoding=\"async\" class=\"alignleft wp-image-16240 size-thumbnail\" src=\"https:\/\/fotofestivalpelt.be\/wp-content\/uploads\/2021\/05\/QR-code_online_routekaart-150x150.png\" alt=\"QR-code LodM online routekaart\" width=\"150\" height=\"150\" srcset=\"https:\/\/fotofestivalpelt.be\/wp-content\/uploads\/2021\/05\/QR-code_online_routekaart-150x150.png 150w, https:\/\/fotofestivalpelt.be\/wp-content\/uploads\/2021\/05\/QR-code_online_routekaart-300x300.png 300w, https:\/\/fotofestivalpelt.be\/wp-content\/uploads\/2021\/05\/QR-code_online_routekaart-350x350.png 350w, https:\/\/fotofestivalpelt.be\/wp-content\/uploads\/2021\/05\/QR-code_online_routekaart-51x51.png 51w, https:\/\/fotofestivalpelt.be\/wp-content\/uploads\/2021\/05\/QR-code_online_routekaart.png 400w\" sizes=\"(max-width: 150px) 100vw, 150px\" \/><\/a><\/p>\n<p>Gr\u00e2ce \u00e0 ce code QR, vous pouvez suivre le parcours de l&rsquo;exposition en ligne sur votre smartphone ou votre tablette.<\/p>\n<p>Cliquez sur les ic\u00f4nes le long du chemin pour savoir \u00e0 quel POI (point d&rsquo;int\u00e9r\u00eat) vous vous trouvez et s&rsquo;il y \u00e0 une exposition invit\u00e9e \u00e0 cet endroit.<\/p>\n<p>&nbsp;<\/p>\n<p>[\/et_pb_text][et_pb_text admin_label=\u00a0\u00bbO\u00f9, qui?\u00a0\u00bb _builder_version=\u00a0\u00bb4.9.4&Prime; text_font=\u00a0\u00bbMontserrat||||||||\u00a0\u00bb text_text_color=\u00a0\u00bb#ffffff\u00a0\u00bb text_font_size=\u00a0\u00bb16px\u00a0\u00bb text_line_height=\u00a0\u00bb2.2em\u00a0\u00bb header_font=\u00a0\u00bb||||||||\u00a0\u00bb header_3_font=\u00a0\u00bb||||||||\u00a0\u00bb header_3_text_color=\u00a0\u00bb#f19413&Prime;]<\/p>\n<h3>O\u00f9 trouver les photos de quel photographe?<\/h3>\n<p>R\u00e9partis sur le parcours, vous trouverez des panneaux d&rsquo;information avec les noms des photographes dont les photos sont expos\u00e9es dans les environs.<\/p>\n<p>[\/et_pb_text][et_pb_text admin_label=\u00a0\u00bbO\u00f9 trouver mes photos?\u00a0\u00bb _builder_version=\u00a0\u00bb4.9.7&Prime; text_font=\u00a0\u00bbMontserrat||||||||\u00a0\u00bb text_text_color=\u00a0\u00bb#ffffff\u00a0\u00bb text_font_size=\u00a0\u00bb16px\u00a0\u00bb text_line_height=\u00a0\u00bb2.2em\u00a0\u00bb header_font=\u00a0\u00bb||||||||\u00a0\u00bb header_3_font=\u00a0\u00bb||||||||\u00a0\u00bb header_3_text_color=\u00a0\u00bb#f19413&Prime; locked=\u00a0\u00bboff\u00a0\u00bb]<\/p>\n<h3>O\u00f9 trouver mes photos?<\/h3>\n<p>Dans l&#8217;email qui a \u00e9t\u00e9 envoy\u00e9 pr\u00e9c\u00e9demment aux photographes, ils trouveront le num\u00e9ro A(mateur) ou P(rofessionnel) de leurs photos s\u00e9lectionn\u00e9es.<br \/>Tous les photographes s\u00e9lectionn\u00e9s peuvent utiliser les listes ci-dessous pour savoir \u00e0 quel POI &#8211; Point d&rsquo;Int\u00e9r\u00eat &#8211; leurs photos sont expos\u00e9es. L&#8217;emplacement des POI est indiqu\u00e9 sur le plan de route.<\/p>\n<p><a href=\"https:\/\/fotofestivalpelt.be\/wp-content\/uploads\/2021\/06\/LodM-2021_POI-Locaties-AMA.pdf\" target=\"_blank\" rel=\"noopener\">Liste POI Photographes Amateurs<\/a><br \/><a href=\"https:\/\/fotofestivalpelt.be\/wp-content\/uploads\/2021\/06\/LodM-2021_POI-Locaties-PRO_3-1.pdf\" target=\"_blank\" rel=\"noopener\">Liste POI Photographes Professionels<\/a><\/p>\n<p>[\/et_pb_text][\/et_pb_column][\/et_pb_row][et_pb_row column_structure=\u00a0\u00bb1_2,1_2&Prime; _builder_version=\u00a0\u00bb3.25&Prime;][et_pb_column type=\u00a0\u00bb1_2&Prime; _builder_version=\u00a0\u00bb3.25&Prime; custom_padding=\u00a0\u00bb|||\u00a0\u00bb custom_padding__hover=\u00a0\u00bb|||\u00a0\u00bb][et_pb_text admin_label=\u00a0\u00bbRoute POI\u00a0\u00bb _builder_version=\u00a0\u00bb4.9.4&Prime; text_font=\u00a0\u00bbMontserrat||||||||\u00a0\u00bb text_text_color=\u00a0\u00bb#ffffff\u00a0\u00bb text_font_size=\u00a0\u00bb16px\u00a0\u00bb text_line_height=\u00a0\u00bb2.2em\u00a0\u00bb header_font=\u00a0\u00bb||||||||\u00a0\u00bb header_3_font=\u00a0\u00bb||||||||\u00a0\u00bb header_3_text_color=\u00a0\u00bb#f19413&Prime;]<\/p>\n<h3>Itin\u00e9raire\u200b 2021<\/h3>\n<p>\u200bPOI 1 CC Palethe<br \/>POI 2 Pelterke: mur de l&rsquo;ancien cimeti\u00e8re<br \/>POI 3 Pelterke: jardin d&rsquo;enfants<br \/>POI 4 Lindepaadje<br \/>POI 5 Rodenbachlaan<br \/>POI 6 Chemin pi\u00e9tonnier, acc\u00e8s par Rodenbachlaan<br \/>POI 7 Chemin pi\u00e9tonnier, sortie vers Bemvaartstraat<br \/>POI 8 Petite place de la statue<br \/>POI 9 Ancien bureau de police<br \/>POI 10 De Heuf<br \/>POI 11 Oude Markt<br \/>POI 12 Dorpsstraat cl\u00f4ture TIO<br \/>POI 13 Place Schuttersboom<br \/>POI 14 Ambachtsstraat<\/p>\n<p>[\/et_pb_text][\/et_pb_column][et_pb_column type=\u00a0\u00bb1_2&Prime; _builder_version=\u00a0\u00bb3.25&Prime; custom_padding=\u00a0\u00bb|||\u00a0\u00bb custom_padding__hover=\u00a0\u00bb|||\u00a0\u00bb][et_pb_text admin_label=\u00a0\u00bbRoute POI\u00a0\u00bb _builder_version=\u00a0\u00bb4.9.4&Prime; text_font=\u00a0\u00bbMontserrat||||||||\u00a0\u00bb text_text_color=\u00a0\u00bb#ffffff\u00a0\u00bb text_font_size=\u00a0\u00bb16px\u00a0\u00bb text_line_height=\u00a0\u00bb2.2em\u00a0\u00bb header_font=\u00a0\u00bb||||||||\u00a0\u00bb header_3_font=\u00a0\u00bb||||||||\u00a0\u00bb header_3_text_color=\u00a0\u00bb#f19413&Prime;]<\/p>\n<h3>Itin\u00e9raire\u200b 2021<\/h3>\n<p>POI 15 Coin Ambachtsstraat-Peltanusstraat<br \/>POI 16 Peltanusstraat cl\u00f4ture TIO<br \/>POI 17 Nieuwe Markt<br \/>POI 18 Chemin pi\u00e9tonnier entre Nieuwe Markt et Ursulinenstraat<br \/>POI 19 Ursulinenstraat (ancienne Kloosterstraat)<br \/>POI 20 Kerkdijk, \u00e0 c\u00f4t\u00e9 de l&rsquo;\u00e9glise St. Martin<br \/>POI 21 Petite place devant l&rsquo;\u00e9glise<br \/>POI 22 Kerkdijk: mur du jardin du presbyt\u00e8re<br \/>POI 23 Coin Kerkdijk-Vloeterstraat<br \/>POI 24 Pastorietuin \/ Jardin du presbyt\u00e8re<br \/>POI 25 Kloostertuin \/ Jardin du couvent<br \/>POI 26 Piste Finlandaise au Kerkdijk<br \/>POI 27 Mur du vieux cimeti\u00e8re \u00e0 c\u00f4t\u00e9 du CC Palethe<\/p>\n<p>[\/et_pb_text][\/et_pb_column][\/et_pb_row][et_pb_row _builder_version=\u00a0\u00bb3.25&Prime;][et_pb_column type=\u00a0\u00bb4_4&Prime; _builder_version=\u00a0\u00bb3.25&Prime; custom_padding=\u00a0\u00bb|||\u00a0\u00bb custom_padding__hover=\u00a0\u00bb|||\u00a0\u00bb][et_pb_text admin_label=\u00a0\u00bbPhotographes invit\u00e9s\u00a0\u00bb _builder_version=\u00a0\u00bb4.9.4&Prime; text_font=\u00a0\u00bbMontserrat||||||||\u00a0\u00bb text_text_color=\u00a0\u00bb#ffffff\u00a0\u00bb text_font_size=\u00a0\u00bb16px\u00a0\u00bb text_line_height=\u00a0\u00bb2.2em\u00a0\u00bb header_font=\u00a0\u00bb||||||||\u00a0\u00bb header_3_font=\u00a0\u00bb||||||||\u00a0\u00bb header_3_text_color=\u00a0\u00bb#f19413&Prime;]<\/p>\n<div class=\"et_pb_module et_pb_text et_pb_text_6 et_pb_text_align_left et_pb_bg_layout_light\">\n<div class=\"et_pb_text_inner\">\n<h3>O\u00f9 trouver nos photographes invit\u00e9s?<\/h3>\n<\/div>\n<\/div>\n<div class=\"et_pb_module et_pb_text et_pb_text_7 et_pb_text_align_left et_pb_bg_layout_light\">\n<div class=\"et_pb_text_inner\">\n<p>Aux emplacements marqu\u00e9s avec un point bleu num\u00e9rot\u00e9, vous trouverez nos photographes invit\u00e9s.<\/p>\n<ol>\n<li>CC Palethe: RPS \u2013 Royal Photographic Society |\u00a0<em>Benelux Chapter 2021 Print Exhibition<\/em><\/li>\n<li>CC Palethe: Barbara Vandendriessche |\u00a0<em>Capturing the emotional body \u2013 Exploring visual poetry<\/em><\/li>\n<li>CC Palethe: Eddy Verloes |\u00a0<em>Buiten zinnen\/Losing our minds<\/em><\/li>\n<li>CC Palethe: WPC \u2013 World Photographic Cup 2021 | <em>Team Belgium<\/em><\/li>\n<li>Chemin pi\u00e9tonnier, entr\u00e9e par la Rodenbachstraat: membres du jury 2021<br \/><em>Johan Brouwers, Caroline Alida, Zjuul Devens, Andy Hens, Kattoo Hillewaere, Jim Lowe, Carol Olerud, Jos Verhoogen<\/em><\/li>\n<li>Nieuwe Markt: Ilan Wittenberg (NZL) |\u00a0<em>Faces of Cairo<\/em><\/li>\n<li>Kerkdijk, \u00e0 c\u00f4t\u00e9 de l&rsquo;\u00e9glise St. Martin: Laur\u00e9ats 2019<br \/><em>Marc Apers, Livinus Bleyen, Martin Kryst\u00fdnek, Tijs Posen, Filip Santens, Peter Testelmans, Patje Vandebroek, Glenn Vanderbeke<\/em><\/li>\n<li>\u00c9glise Saint Martin: Bert Daenen | <em>Achter het masker\/Behind the mask\/Derri\u00e8re le masque<\/em><\/li>\n<li>Jardin du couvent: Evi Polak | <em>Real heroes never sleep<\/em><\/li>\n<li>Piste finlandaise: Vizualizator (SRB) | <em>Servische topfotografen<\/em><\/li>\n<li>Piste finlandaise: HelPhoto (FIN) | <em>Nordic Village<\/em><\/li>\n<\/ol>\n<\/div>\n<\/div>\n<p>[\/et_pb_text][et_pb_text admin_label=\u00a0\u00bbRecherche photos\u00a0\u00bb _builder_version=\u00a0\u00bb4.9.5&Prime; text_font=\u00a0\u00bbMontserrat||||||||\u00a0\u00bb text_text_color=\u00a0\u00bb#ffffff\u00a0\u00bb text_font_size=\u00a0\u00bb16px\u00a0\u00bb header_font=\u00a0\u00bb||||||||\u00a0\u00bb header_3_font=\u00a0\u00bb||||||||\u00a0\u00bb header_3_text_color=\u00a0\u00bb#f19413&Prime; header_4_font=\u00a0\u00bb||||||||\u00a0\u00bb header_4_text_color=\u00a0\u00bb#0098af\u00a0\u00bb header_5_font=\u00a0\u00bb||||||||\u00a0\u00bb locked=\u00a0\u00bboff\u00a0\u00bb]<\/p>\n<h3 class=\"font_7\">Concours de recherche de photos<\/h3>\n<h3>\u00a0<\/h3>\n<p class=\"font_8\"><img loading=\"lazy\" decoding=\"async\" class=\"alignleft wp-image-6089\" src=\"https:\/\/fotofestivalpelt.be\/wp-content\/uploads\/2019\/07\/LodM_2019_Zoektocht_1-300x169.jpg\" alt=\"Lens op de Mens 2019 | Fotozoektocht\" width=\"200\" height=\"113\" srcset=\"https:\/\/fotofestivalpelt.be\/wp-content\/uploads\/2019\/07\/LodM_2019_Zoektocht_1-300x169.jpg 300w, https:\/\/fotofestivalpelt.be\/wp-content\/uploads\/2019\/07\/LodM_2019_Zoektocht_1-768x432.jpg 768w, https:\/\/fotofestivalpelt.be\/wp-content\/uploads\/2019\/07\/LodM_2019_Zoektocht_1-1024x576.jpg 1024w, https:\/\/fotofestivalpelt.be\/wp-content\/uploads\/2019\/07\/LodM_2019_Zoektocht_1-1080x608.jpg 1080w, https:\/\/fotofestivalpelt.be\/wp-content\/uploads\/2019\/07\/LodM_2019_Zoektocht_1-350x197.jpg 350w, https:\/\/fotofestivalpelt.be\/wp-content\/uploads\/2019\/07\/LodM_2019_Zoektocht_1-1100x619.jpg 1100w, https:\/\/fotofestivalpelt.be\/wp-content\/uploads\/2019\/07\/LodM_2019_Zoektocht_1.jpg 1200w\" sizes=\"(max-width: 200px) 100vw, 200px\" \/><\/p>\n<p>Cette ann\u00e9e encore, nous organisons un concours de recherche de photos pour tous les \u00e2ges.<\/p>\n<p>Vous pouvez retirer le formulaire de participation au CC Palethe, 4 Jeugdlaan. Le guichet du CC Palethe sera ferm\u00e9 pendant le week-end. Vous pouvez t\u00e9l\u00e9charger les formulaires via les liens ci-dessous et les imprimer chez vous avant de venir \u00e0 Pelt.<\/p>\n<p>Il y a des formulaires pour 3 cat\u00e9gories d&rsquo;\u00e2ge :<\/p>\n<ul>\n<li><a href=\"https:\/\/fotofestivalpelt.be\/wp-content\/uploads\/2021\/06\/2021-Fotozoektocht-volwassen_3.pdf\" target=\"_blank\" rel=\"noopener\">Formulaire 6-8 ans<\/a><\/li>\n<li><a href=\"https:\/\/fotofestivalpelt.be\/wp-content\/uploads\/2021\/06\/2021-Fotozoektocht-tieners_3.pdf\" target=\"_blank\" rel=\"noopener\">Formulaire 8-12 ans<\/a><\/li>\n<li><a href=\"https:\/\/fotofestivalpelt.be\/wp-content\/uploads\/2021\/05\/2021-Fotozoektocht-volwassen_2.pdf\" target=\"_blank\" rel=\"noopener\">Formulaire +12 ans et adultes<\/a><\/li>\n<\/ul>\n<p>Sur ce formulaire, vous trouverez des d\u00e9tails sur les photos \u00e0 rechercher le long du parcours de l&rsquo;exposition en plein air. Sur chaque photo expos\u00e9e, vous trouverez un num\u00e9ro de s\u00e9rie commen\u00e7ant par A (photographe amateur) ou P (photographe professionnel) dans le coin inf\u00e9rieur droit. Notez le num\u00e9ro de la photographie qui correspond au d\u00e9tail du formulaire de participation.<br \/>Vous pouvez apporter le formulaire rempli \u00e0 l&rsquo;office du tourisme de CC Palethe. Un joli cadeau vous attendra.<\/p>\n<p>&nbsp;<\/p>\n<p>[\/et_pb_text][et_pb_text admin_label=\u00a0\u00bbHoreca\u00a0\u00bb _builder_version=\u00a0\u00bb4.9.4&Prime; text_font=\u00a0\u00bbMontserrat||||||||\u00a0\u00bb text_text_color=\u00a0\u00bb#ffffff\u00a0\u00bb text_font_size=\u00a0\u00bb16px\u00a0\u00bb text_line_height=\u00a0\u00bb2.2em\u00a0\u00bb header_font=\u00a0\u00bb||||||||\u00a0\u00bb header_3_font=\u00a0\u00bb||||||||\u00a0\u00bb header_3_text_color=\u00a0\u00bb#f19413&Prime;]<\/p>\n<h3>Horeca le long de l&rsquo;itin\u00e9raire<\/h3>\n<p>Les noms en italique sur la carte de l&rsquo;itin\u00e9raire indiquent les \u00e9tablissements de restauration situ\u00e9s le long de l&rsquo;itin\u00e9raire.<\/p>\n<p>&nbsp;<\/p>\n<p>[\/et_pb_text][\/et_pb_column][\/et_pb_row][\/et_pb_section][et_pb_section fb_built=\u00a0\u00bb1&Prime; _builder_version=\u00a0\u00bb3.22.3&Prime; custom_padding=\u00a0\u00bb0|0px|0|0px|false|false\u00a0\u00bb][et_pb_row _builder_version=\u00a0\u00bb3.25&Prime; custom_padding=\u00a0\u00bb30px|0px|6px|0px|false|false\u00a0\u00bb][et_pb_column type=\u00a0\u00bb4_4&Prime; _builder_version=\u00a0\u00bb3.25&Prime; custom_padding=\u00a0\u00bb|||\u00a0\u00bb custom_padding__hover=\u00a0\u00bb|||\u00a0\u00bb][et_pb_text admin_label=\u00a0\u00bbMerci\u00a0\u00bb _builder_version=\u00a0\u00bb4.9.4&Prime; text_font=\u00a0\u00bb||||||||\u00a0\u00bb header_font=\u00a0\u00bb||||||||\u00a0\u00bb header_3_font=\u00a0\u00bb||||||||\u00a0\u00bb header_3_text_color=\u00a0\u00bb#f19413&Prime; text_orientation=\u00a0\u00bbcenter\u00a0\u00bb]<\/p>\n<h3>Un grand merci \u00e0 tous ceux qui ont particip\u00e9 \u00e0 l&rsquo;\u00e9laboration de cet itin\u00e9raire et \u00e0 la construction de l&rsquo;exposition<\/h3>\n<p>&nbsp;<\/p>\n<p>[\/et_pb_text][\/et_pb_column][\/et_pb_row][\/et_pb_section][et_pb_section fb_built=\u00a0\u00bb1&Prime; _builder_version=\u00a0\u00bb3.22.3&Prime; custom_padding=\u00a0\u00bb0|0px|0|0px|false|false\u00a0\u00bb][et_pb_row column_structure=\u00a0\u00bb1_4,1_4,1_4,1_4&Prime; use_custom_gutter=\u00a0\u00bbon\u00a0\u00bb gutter_width=\u00a0\u00bb1&Prime; module_class=\u00a0\u00bb et_pb_row_fullwidth\u00a0\u00bb _builder_version=\u00a0\u00bb3.25&Prime; width=\u00a0\u00bb100%\u00a0\u00bb width_tablet=\u00a0\u00bb100%\u00a0\u00bb width_phone=\u00a0\u00bb\u00a0\u00bb width_last_edited=\u00a0\u00bbon|desktop\u00a0\u00bb max_width=\u00a0\u00bb100%\u00a0\u00bb max_width_tablet=\u00a0\u00bb100%\u00a0\u00bb max_width_phone=\u00a0\u00bb\u00a0\u00bb max_width_last_edited=\u00a0\u00bbon|desktop\u00a0\u00bb custom_padding=\u00a0\u00bb0|0px|30px|0px|false|false\u00a0\u00bb make_fullwidth=\u00a0\u00bbon\u00a0\u00bb][et_pb_column type=\u00a0\u00bb1_4&Prime; _builder_version=\u00a0\u00bb3.25&Prime; custom_padding=\u00a0\u00bb|||\u00a0\u00bb custom_padding__hover=\u00a0\u00bb|||\u00a0\u00bb][et_pb_image src=\u00a0\u00bbhttps:\/\/fotofestivalpelt.be\/wp-content\/uploads\/2021\/06\/LodM-2021_4845_HD.jpg\u00a0\u00bb align_tablet=\u00a0\u00bbcenter\u00a0\u00bb align_phone=\u00a0\u00bb\u00a0\u00bb align_last_edited=\u00a0\u00bbon|desktop\u00a0\u00bb _builder_version=\u00a0\u00bb4.9.7&Prime; hover_enabled=\u00a0\u00bb0&Prime; alt=\u00a0\u00bbLodM 2021 &#8211; Paadje\u00a0\u00bb title_text=\u00a0\u00bbLodM 2021_4845_HD\u00a0\u00bb sticky_enabled=\u00a0\u00bb0&Prime; admin_label=\u00a0\u00bbPaadje\u00a0\u00bb][\/et_pb_image][\/et_pb_column][et_pb_column type=\u00a0\u00bb1_4&Prime; _builder_version=\u00a0\u00bb3.25&Prime; custom_padding=\u00a0\u00bb|||\u00a0\u00bb custom_padding__hover=\u00a0\u00bb|||\u00a0\u00bb][et_pb_image src=\u00a0\u00bbhttps:\/\/fotofestivalpelt.be\/wp-content\/uploads\/2021\/06\/LodM-2021_5015_HD.jpg\u00a0\u00bb align_tablet=\u00a0\u00bbcenter\u00a0\u00bb align_phone=\u00a0\u00bb\u00a0\u00bb align_last_edited=\u00a0\u00bbon|desktop\u00a0\u00bb _builder_version=\u00a0\u00bb4.9.7&Prime; hover_enabled=\u00a0\u00bb0&Prime; alt=\u00a0\u00bbLens op de Mens 2021 | Route | Wegwijzers\u00a0\u00bb title_text=\u00a0\u00bbLens op de Mens 2021 | Route | Wegwijzers\u00a0\u00bb sticky_enabled=\u00a0\u00bb0&Prime; admin_label=\u00a0\u00bbWegwijzer\u00a0\u00bb][\/et_pb_image][\/et_pb_column][et_pb_column type=\u00a0\u00bb1_4&Prime; _builder_version=\u00a0\u00bb3.25&Prime; custom_padding=\u00a0\u00bb|||\u00a0\u00bb custom_padding__hover=\u00a0\u00bb|||\u00a0\u00bb][et_pb_image src=\u00a0\u00bbhttps:\/\/fotofestivalpelt.be\/wp-content\/uploads\/2021\/06\/LodM-2021_4847_HD_Ursulinenstraat-1.jpg\u00a0\u00bb align_tablet=\u00a0\u00bbcenter\u00a0\u00bb align_phone=\u00a0\u00bb\u00a0\u00bb align_last_edited=\u00a0\u00bbon|desktop\u00a0\u00bb _builder_version=\u00a0\u00bb4.9.7&Prime; hover_enabled=\u00a0\u00bb0&Prime; alt=\u00a0\u00bbLens op de Mens 2021 | Route | Ursulinenstraat\u00a0\u00bb title_text=\u00a0\u00bbLodM 2021_4847_HD_Ursulinenstraat\u00a0\u00bb sticky_enabled=\u00a0\u00bb0&Prime; admin_label=\u00a0\u00bbUrsulinenstraat\u00a0\u00bb][\/et_pb_image][\/et_pb_column][et_pb_column type=\u00a0\u00bb1_4&Prime; _builder_version=\u00a0\u00bb3.25&Prime; custom_padding=\u00a0\u00bb|||\u00a0\u00bb custom_padding__hover=\u00a0\u00bb|||\u00a0\u00bb][et_pb_image src=\u00a0\u00bbhttps:\/\/fotofestivalpelt.be\/wp-content\/uploads\/2021\/06\/LodM-2021_4867_HD.jpg\u00a0\u00bb align_tablet=\u00a0\u00bbcenter\u00a0\u00bb align_phone=\u00a0\u00bb\u00a0\u00bb align_last_edited=\u00a0\u00bbon|desktop\u00a0\u00bb _builder_version=\u00a0\u00bb4.9.7&Prime; hover_enabled=\u00a0\u00bb0&Prime; alt=\u00a0\u00bbLodM 2021 &#8211; gemeentehuis\u00a0\u00bb title_text=\u00a0\u00bbLodM 2021_4867_HD\u00a0\u00bb sticky_enabled=\u00a0\u00bb0&Prime; admin_label=\u00a0\u00bbGemeentehuis\u00a0\u00bb][\/et_pb_image][\/et_pb_column][\/et_pb_row][\/et_pb_section]<\/p>\n","protected":false},"excerpt":{"rendered":"<p>Itin\u00e9raire 2021Suivez les panneaux portant le logo de Lens op de Mens appos\u00e9 sur les poteaux d&rsquo;\u00e9clairage. Les panneaux blancs vous indiquent la trajectoire recommand\u00e9e. Si vous voyez des panneaux noirs, vous faites le trajet en sens inverse. Si vous voulez faire le parcours en 2 \u00e9tapes, vous pouvez suivre la ligne bleue entre le [&hellip;]<\/p>\n","protected":false},"author":2,"featured_media":0,"parent":0,"menu_order":0,"comment_status":"closed","ping_status":"closed","template":"","meta":{"_et_pb_use_builder":"on","_et_pb_old_content":"","_et_gb_content_width":"","footnotes":""},"class_list":["post-15978","page","type-page","status-publish","hentry"],"_links":{"self":[{"href":"https:\/\/fotofestivalpelt.be\/fr\/wp-json\/wp\/v2\/pages\/15978","targetHints":{"allow":["GET"]}}],"collection":[{"href":"https:\/\/fotofestivalpelt.be\/fr\/wp-json\/wp\/v2\/pages"}],"about":[{"href":"https:\/\/fotofestivalpelt.be\/fr\/wp-json\/wp\/v2\/types\/page"}],"author":[{"embeddable":true,"href":"https:\/\/fotofestivalpelt.be\/fr\/wp-json\/wp\/v2\/users\/2"}],"replies":[{"embeddable":true,"href":"https:\/\/fotofestivalpelt.be\/fr\/wp-json\/wp\/v2\/comments?post=15978"}],"version-history":[{"count":27,"href":"https:\/\/fotofestivalpelt.be\/fr\/wp-json\/wp\/v2\/pages\/15978\/revisions"}],"predecessor-version":[{"id":17264,"href":"https:\/\/fotofestivalpelt.be\/fr\/wp-json\/wp\/v2\/pages\/15978\/revisions\/17264"}],"wp:attachment":[{"href":"https:\/\/fotofestivalpelt.be\/fr\/wp-json\/wp\/v2\/media?parent=15978"}],"curies":[{"name":"wp","href":"https:\/\/api.w.org\/{rel}","templated":true}]}}