{"id":16633,"date":"2021-06-06T17:32:59","date_gmt":"2021-06-06T17:32:59","guid":{"rendered":"https:\/\/fotofestivalpelt.be\/?page_id=16633"},"modified":"2021-06-06T17:33:04","modified_gmt":"2021-06-06T17:33:04","slug":"laureats-2021","status":"publish","type":"page","link":"https:\/\/fotofestivalpelt.be\/fr\/laureats-2021\/","title":{"rendered":"LAUR\u00c9ATS 2021"},"content":{"rendered":"<p>[et_pb_section fb_built=\u00a0\u00bb1&Prime; _builder_version=\u00a0\u00bb3.22.3&Prime; max_width=\u00a0\u00bb90%\u00a0\u00bb custom_padding=\u00a0\u00bb0|0px|150px|0px|false|false\u00a0\u00bb locked=\u00a0\u00bboff\u00a0\u00bb][et_pb_row column_structure=\u00a0\u00bb2_3,1_3&Prime; use_custom_gutter=\u00a0\u00bbon\u00a0\u00bb gutter_width=\u00a0\u00bb2&Prime; _builder_version=\u00a0\u00bb3.25&Prime; max_width=\u00a0\u00bb1400px\u00a0\u00bb custom_padding=\u00a0\u00bb44px|0px|30px|0px|false|false\u00a0\u00bb use_custom_width=\u00a0\u00bbon\u00a0\u00bb custom_width_px=\u00a0\u00bb1400px\u00a0\u00bb][et_pb_column type=\u00a0\u00bb2_3&Prime; _builder_version=\u00a0\u00bb3.25&Prime; custom_padding=\u00a0\u00bb|||\u00a0\u00bb custom_padding__hover=\u00a0\u00bb|||\u00a0\u00bb][et_pb_gallery gallery_ids=\u00a0\u00bb16615,16618,16597,16600,16606,16612,16603,16609,16582,16585,16570,16576,16573,16579,16591,16594,16588&Prime; posts_number=\u00a0\u00bb20&Prime; hover_overlay_color=\u00a0\u00bbrgba(0,0,0,0)\u00a0\u00bb hover_icon=\u00a0\u00bb%%51%%\u00a0\u00bb admin_label=\u00a0\u00bbGallerie Laur\u00e9ats 2021&Prime; _builder_version=\u00a0\u00bb4.9.4&Prime; title_font=\u00a0\u00bb||||||||\u00a0\u00bb caption_font=\u00a0\u00bb||||||||\u00a0\u00bb pagination_font=\u00a0\u00bb||||||||\u00a0\u00bb module_alignment=\u00a0\u00bbleft\u00a0\u00bb custom_margin=\u00a0\u00bb10px|0px|10px|10px|true\u00a0\u00bb custom_padding=\u00a0\u00bb10px|10px|10px|10px|true|true\u00a0\u00bb border_color_all_image=\u00a0\u00bb#ffffff\u00a0\u00bb box_shadow_style_image=\u00a0\u00bbpreset2&Prime;][\/et_pb_gallery][\/et_pb_column][et_pb_column type=\u00a0\u00bb1_3&Prime; _builder_version=\u00a0\u00bb3.25&Prime; custom_padding=\u00a0\u00bb|||60px\u00a0\u00bb custom_padding__hover=\u00a0\u00bb|||\u00a0\u00bb][et_pb_text admin_label=\u00a0\u00bbLaur\u00e9ats 2021&Prime; _builder_version=\u00a0\u00bb4.9.4&Prime; header_font=\u00a0\u00bb||||||||\u00a0\u00bb header_3_font=\u00a0\u00bb||||||||\u00a0\u00bb header_3_text_color=\u00a0\u00bb#f19413&Prime; header_3_font_size=\u00a0\u00bb26px\u00a0\u00bb header_3_letter_spacing=\u00a0\u00bb11px\u00a0\u00bb header_4_font=\u00a0\u00bb||||||||\u00a0\u00bb header_4_text_color=\u00a0\u00bb#f19413&Prime; header_4_letter_spacing=\u00a0\u00bb1px\u00a0\u00bb]<\/p>\n<h3><strong>LAUR\u00c9ATS 2021<\/strong><\/h3>\n<h4>Photographs Professionels<\/h4>\n<p>&nbsp;<\/p>\n<p><strong>Pris d&rsquo;OR<\/strong><\/p>\n<p>Griet Gillisjans<br \/><em>Lochristi BEL<\/em><\/p>\n<p><strong>Prix d&rsquo;ARGENT<\/strong><\/p>\n<p>Suzanne Middelberg<br \/><em>Den Haag NLD<\/em><\/p>\n<p><strong>Prix de BRONZE<\/strong><\/p>\n<p>Raf Willems<br \/><em>Henderson NV, USA<\/em><\/p>\n<p><strong>MENTION D&rsquo;HONNEUR<\/strong><\/p>\n<p>Gino Defauw<br \/><em>Destelbergen BEL<\/em><\/p>\n<p>Eric Greif<br \/><em>Hechtel-Eksel BEL<\/em><\/p>\n<p>Hanna Neret<br \/><em>T\u00e4by SWE<\/em><\/p>\n<p>Anne-Marie Rademakers<br \/><em>Laarne-Kalken BEL<\/em><\/p>\n<p>Filip Santens<br \/><em>Hansbeke BEL<\/em><\/p>\n<p>&nbsp;<\/p>\n<h3><strong>LAUR\u00c9ATS 2021<\/strong><\/h3>\n<h4>Photographes Amateurs<\/h4>\n<p>&nbsp;<\/p>\n<p><strong>Prix d&rsquo;OR<\/strong><\/p>\n<p>Jef De Puydt<br \/><em>Zonhoven BEL<\/em><\/p>\n<p><strong>Prix d&rsquo;ARGENT<\/strong><\/p>\n<p>Marc Apers<br \/><em>Kontich BEL<\/em><\/p>\n<p><strong>Prix de BRONZE<\/strong><\/p>\n<p>Janet Haines<br \/><em>Torquay GBR<\/em><\/p>\n<p><strong>MENTION D&rsquo;HONNEUR<\/strong><\/p>\n<p>Paulina Januszewska<br \/><em>Oud-Heverlee BEL<\/em><\/p>\n<p>Johan Meykens<br \/><em>Houthalen-Helchteren BEL<\/em><\/p>\n<p>Sandra Nelles<br \/><em>Linter BEL<\/em><\/p>\n<p>&nbsp;<\/p>\n<h3><strong>PRIX<br \/>DE LA<br \/>CR\u00c9ATIVIT\u00c9<br \/>2021<\/strong><\/h3>\n<p>&nbsp;<\/p>\n<p>Pieter Clicteur<br \/><em>Ettelgem BEL<\/em><\/p>\n<h4>\u00a0<\/h4>\n<h3><strong>JEUNE<br \/><\/strong><strong>PHOTOGRAPHE<br \/>PROMETTEUR<br \/>-30 ANS<br \/>2021<\/strong><\/h3>\n<p>&nbsp;<\/p>\n<p>Lukas Indekeu<br \/><em>Everberg BEL<\/em><\/p>\n<p>&nbsp;<\/p>\n<h3><strong>MEILLEURE<br \/>PHOTO<br \/>TH\u00c8ME CORONA<\/strong><\/h3>\n<p>&nbsp;<\/p>\n<p>Ra\u00efs De Weirdt<br \/><em>Nazareth BEL<\/em><\/p>\n<p>&nbsp;<\/p>\n<p>[\/et_pb_text][\/et_pb_column][\/et_pb_row][et_pb_row _builder_version=\u00a0\u00bb3.25&Prime;][et_pb_column type=\u00a0\u00bb4_4&Prime; _builder_version=\u00a0\u00bb3.25&Prime; custom_padding=\u00a0\u00bb|||\u00a0\u00bb custom_padding__hover=\u00a0\u00bb|||\u00a0\u00bb][et_pb_text admin_label=\u00a0\u00bbNieuws Ra\u00efs\u00a0\u00bb _builder_version=\u00a0\u00bb4.9.4&Prime; link_option_url_new_window=\u00a0\u00bbon\u00a0\u00bb]<\/p>\n<h3>Nouvelles de nos laur\u00e9ats<\/h3>\n<h4>Ra\u00efs De Weirdt<\/h4>\n<p>Plus t\u00f4t cette ann\u00e9e, Ra\u00efs De Weirdt, laur\u00e9at du prix Corona, a \u00e9galement remport\u00e9 le prix FEP Young Photographers Award \u00e0 la F\u00e9d\u00e9ration Europ\u00e9enne des Photographes Professionels.<br \/><a href=\"https:\/\/www.europeanphotographers.eu\/competition-gallery\/fep-young-photographer-award-2021-results\/\" target=\"_blank\" rel=\"noopener\">En savoir plus&#8230;<\/a><\/p>\n<p>&nbsp;<\/p>\n<p>[\/et_pb_text][\/et_pb_column][\/et_pb_row][\/et_pb_section]<\/p>\n","protected":false},"excerpt":{"rendered":"<p>LAUR\u00c9ATS 2021 Photographs Professionels &nbsp; Pris d&rsquo;OR Griet GillisjansLochristi BEL Prix d&rsquo;ARGENT Suzanne MiddelbergDen Haag NLD Prix de BRONZE Raf WillemsHenderson NV, USA MENTION D&rsquo;HONNEUR Gino DefauwDestelbergen BEL Eric GreifHechtel-Eksel BEL Hanna NeretT\u00e4by SWE Anne-Marie RademakersLaarne-Kalken BEL Filip SantensHansbeke BEL &nbsp; LAUR\u00c9ATS 2021 Photographes Amateurs &nbsp; Prix d&rsquo;OR Jef De PuydtZonhoven BEL Prix d&rsquo;ARGENT Marc [&hellip;]<\/p>\n","protected":false},"author":2,"featured_media":0,"parent":0,"menu_order":0,"comment_status":"closed","ping_status":"closed","template":"","meta":{"_et_pb_use_builder":"on","_et_pb_old_content":"","_et_gb_content_width":"","footnotes":""},"class_list":["post-16633","page","type-page","status-publish","hentry"],"_links":{"self":[{"href":"https:\/\/fotofestivalpelt.be\/fr\/wp-json\/wp\/v2\/pages\/16633","targetHints":{"allow":["GET"]}}],"collection":[{"href":"https:\/\/fotofestivalpelt.be\/fr\/wp-json\/wp\/v2\/pages"}],"about":[{"href":"https:\/\/fotofestivalpelt.be\/fr\/wp-json\/wp\/v2\/types\/page"}],"author":[{"embeddable":true,"href":"https:\/\/fotofestivalpelt.be\/fr\/wp-json\/wp\/v2\/users\/2"}],"replies":[{"embeddable":true,"href":"https:\/\/fotofestivalpelt.be\/fr\/wp-json\/wp\/v2\/comments?post=16633"}],"version-history":[{"count":7,"href":"https:\/\/fotofestivalpelt.be\/fr\/wp-json\/wp\/v2\/pages\/16633\/revisions"}],"predecessor-version":[{"id":16677,"href":"https:\/\/fotofestivalpelt.be\/fr\/wp-json\/wp\/v2\/pages\/16633\/revisions\/16677"}],"wp:attachment":[{"href":"https:\/\/fotofestivalpelt.be\/fr\/wp-json\/wp\/v2\/media?parent=16633"}],"curies":[{"name":"wp","href":"https:\/\/api.w.org\/{rel}","templated":true}]}}