{"id":4215,"date":"2019-04-06T09:44:52","date_gmt":"2019-04-06T09:44:52","guid":{"rendered":"https:\/\/fotofestivalpelt.be\/?page_id=4215"},"modified":"2023-07-08T15:58:06","modified_gmt":"2023-07-08T15:58:06","slug":"lidee","status":"publish","type":"page","link":"https:\/\/fotofestivalpelt.be\/fr\/lidee\/","title":{"rendered":"L&rsquo;ID\u00c9E"},"content":{"rendered":"<p>[et_pb_section fb_built=\u00a0\u00bb1&Prime; fullwidth=\u00a0\u00bbon\u00a0\u00bb admin_label=\u00a0\u00bbHero Section\u00a0\u00bb _builder_version=\u00a0\u00bb4.16&Prime; custom_padding=\u00a0\u00bb0|0px|0|0px|false|false\u00a0\u00bb global_colors_info=\u00a0\u00bb{}\u00a0\u00bb][et_pb_fullwidth_header title=\u00a0\u00bbPlus de 1000 photos expos\u00e9es dans les rues de la ville de PELT\u00a0\u00bb subhead=\u00a0\u00bb4e \u00e9dition de cette exhibition unique du 4 juin au 1 octobre 2023&Prime; text_orientation=\u00a0\u00bbcenter\u00a0\u00bb header_fullscreen=\u00a0\u00bbon\u00a0\u00bb background_overlay_color=\u00a0\u00bbrgba(0,0,0,0.5)\u00a0\u00bb title_font_color=\u00a0\u00bb#ffffff\u00a0\u00bb subhead_font_color=\u00a0\u00bb#ffffff\u00a0\u00bb _builder_version=\u00a0\u00bb4.21.0&Prime; title_font=\u00a0\u00bbNunito||||||||\u00a0\u00bb title_text_color=\u00a0\u00bb#ffffff\u00a0\u00bb title_font_size=\u00a0\u00bb80px\u00a0\u00bb content_font=\u00a0\u00bb||||||||\u00a0\u00bb subhead_font=\u00a0\u00bbOpen Sans||||||||\u00a0\u00bb subhead_text_color=\u00a0\u00bb#ffffff\u00a0\u00bb subhead_font_size=\u00a0\u00bb24px\u00a0\u00bb subhead_line_height=\u00a0\u00bb1.6em\u00a0\u00bb background_color=\u00a0\u00bbrgba(255,255,255,0)\u00a0\u00bb background_image=\u00a0\u00bbhttps:\/\/fotofestivalpelt.be\/wp-content\/uploads\/2023\/06\/Kerkhofmuur_3609.jpg\u00a0\u00bb parallax=\u00a0\u00bbon\u00a0\u00bb custom_button_one=\u00a0\u00bbon\u00a0\u00bb button_one_text_size=\u00a0\u00bb14px\u00a0\u00bb button_one_text_color=\u00a0\u00bb#ffffff\u00a0\u00bb button_one_bg_color=\u00a0\u00bb#0099e5&Prime; button_one_border_width=\u00a0\u00bb12px\u00a0\u00bb button_one_border_color=\u00a0\u00bb#0099e5&Prime; button_one_border_radius=\u00a0\u00bb0px\u00a0\u00bb button_one_letter_spacing=\u00a0\u00bb2px\u00a0\u00bb button_one_font=\u00a0\u00bbNunito|700||on|||||\u00a0\u00bb button_one_use_icon=\u00a0\u00bboff\u00a0\u00bb background_layout=\u00a0\u00bblight\u00a0\u00bb animation_style=\u00a0\u00bbfade\u00a0\u00bb title_font_size_tablet=\u00a0\u00bb\u00a0\u00bb title_font_size_phone=\u00a0\u00bb48px\u00a0\u00bb title_font_size_last_edited=\u00a0\u00bbon|phone\u00a0\u00bb subhead_font_size_tablet=\u00a0\u00bb\u00a0\u00bb subhead_font_size_phone=\u00a0\u00bb\u00a0\u00bb subhead_font_size_last_edited=\u00a0\u00bbon|phone\u00a0\u00bb button_one_text_color_hover=\u00a0\u00bb#ffffff\u00a0\u00bb button_one_border_color_hover=\u00a0\u00bb#0099e5&Prime; button_one_border_radius_hover=\u00a0\u00bb0px\u00a0\u00bb button_one_letter_spacing_hover=\u00a0\u00bb2px\u00a0\u00bb button_one_bg_color_hover=\u00a0\u00bb#0099e5&Prime; global_colors_info=\u00a0\u00bb{}\u00a0\u00bb button_one_text_size__hover_enabled=\u00a0\u00bboff\u00a0\u00bb button_two_text_size__hover_enabled=\u00a0\u00bboff\u00a0\u00bb button_one_text_color__hover_enabled=\u00a0\u00bbon\u00a0\u00bb button_one_text_color__hover=\u00a0\u00bb#ffffff\u00a0\u00bb button_two_text_color__hover_enabled=\u00a0\u00bboff\u00a0\u00bb button_one_border_width__hover_enabled=\u00a0\u00bboff\u00a0\u00bb button_two_border_width__hover_enabled=\u00a0\u00bboff\u00a0\u00bb button_one_border_color__hover_enabled=\u00a0\u00bbon\u00a0\u00bb button_one_border_color__hover=\u00a0\u00bb#0099e5&Prime; button_two_border_color__hover_enabled=\u00a0\u00bboff\u00a0\u00bb button_one_border_radius__hover_enabled=\u00a0\u00bbon\u00a0\u00bb button_one_border_radius__hover=\u00a0\u00bb0px\u00a0\u00bb button_two_border_radius__hover_enabled=\u00a0\u00bboff\u00a0\u00bb button_one_letter_spacing__hover_enabled=\u00a0\u00bbon\u00a0\u00bb button_one_letter_spacing__hover=\u00a0\u00bb2px\u00a0\u00bb button_two_letter_spacing__hover_enabled=\u00a0\u00bboff\u00a0\u00bb button_one_bg_color__hover_enabled=\u00a0\u00bbon\u00a0\u00bb button_one_bg_color__hover=\u00a0\u00bb#0099e5&Prime; button_two_bg_color__hover_enabled=\u00a0\u00bboff\u00a0\u00bb][\/et_pb_fullwidth_header][\/et_pb_section][et_pb_section fb_built=\u00a0\u00bb1&Prime; admin_label=\u00a0\u00bbFeature Section\u00a0\u00bb _builder_version=\u00a0\u00bb4.16&Prime; custom_padding=\u00a0\u00bb0px||0px|\u00a0\u00bb locked=\u00a0\u00bboff\u00a0\u00bb global_colors_info=\u00a0\u00bb{}\u00a0\u00bb][et_pb_row column_structure=\u00a0\u00bb3_5,2_5&Prime; use_custom_gutter=\u00a0\u00bbon\u00a0\u00bb gutter_width=\u00a0\u00bb1&Prime; make_equal=\u00a0\u00bbon\u00a0\u00bb padding_left_right_link_1=\u00a0\u00bbfalse\u00a0\u00bb padding_left_right_link_2=\u00a0\u00bbtrue\u00a0\u00bb admin_label=\u00a0\u00bbFoto Martin Krystynek\u00a0\u00bb module_class=\u00a0\u00bb et_pb_row_fullwidth\u00a0\u00bb _builder_version=\u00a0\u00bb4.16&Prime; background_image=\u00a0\u00bbhttps:\/\/fotofestivalpelt.be\/wp-content\/uploads\/2020\/04\/P162_Kryst\u00fdnek_Martin_2000px.jpg\u00a0\u00bb width=\u00a0\u00bb100%\u00a0\u00bb width_tablet=\u00a0\u00bb100%\u00a0\u00bb width_phone=\u00a0\u00bb\u00a0\u00bb width_last_edited=\u00a0\u00bbon|desktop\u00a0\u00bb max_width=\u00a0\u00bb100%\u00a0\u00bb max_width_tablet=\u00a0\u00bb100%\u00a0\u00bb max_width_phone=\u00a0\u00bb\u00a0\u00bb max_width_last_edited=\u00a0\u00bbon|desktop\u00a0\u00bb custom_padding=\u00a0\u00bb0px||0px|\u00a0\u00bb make_fullwidth=\u00a0\u00bbon\u00a0\u00bb global_colors_info=\u00a0\u00bb{}\u00a0\u00bb][et_pb_column type=\u00a0\u00bb3_5&Prime; _builder_version=\u00a0\u00bb4.16&Prime; background_color=\u00a0\u00bb#000000&Prime; use_background_color_gradient=\u00a0\u00bbon\u00a0\u00bb background_color_gradient_stops=\u00a0\u00bbrgba(0,0,0,0) 20%|rgba(0,0,0,0.9) 100%\u00a0\u00bb background_color_gradient_overlays_image=\u00a0\u00bbon\u00a0\u00bb background_color_gradient_start=\u00a0\u00bbrgba(0,0,0,0)\u00a0\u00bb background_color_gradient_start_position=\u00a0\u00bb20%\u00a0\u00bb background_color_gradient_end=\u00a0\u00bbrgba(0,0,0,0.9)\u00a0\u00bb custom_padding=\u00a0\u00bb60px|80px|20px|100px\u00a0\u00bb custom_padding_tablet=\u00a0\u00bb\u00a0\u00bb custom_padding_phone=\u00a0\u00bb5px|10px|5px|10px|false|true\u00a0\u00bb custom_padding_last_edited=\u00a0\u00bbon|phone\u00a0\u00bb global_colors_info=\u00a0\u00bb{}\u00a0\u00bb custom_padding__hover=\u00a0\u00bb|||\u00a0\u00bb][et_pb_text admin_label=\u00a0\u00bbL&rsquo;id\u00e9e\u00a0\u00bb _builder_version=\u00a0\u00bb4.21.0&Prime; text_font=\u00a0\u00bbMontserrat||||||||\u00a0\u00bb text_text_color=\u00a0\u00bb#ffffff\u00a0\u00bb text_font_size=\u00a0\u00bb16px\u00a0\u00bb header_font=\u00a0\u00bb||||||||\u00a0\u00bb header_3_font=\u00a0\u00bb||||||||\u00a0\u00bb header_3_text_color=\u00a0\u00bb#f19413&Prime; header_4_font=\u00a0\u00bb||||||||\u00a0\u00bb header_4_text_color=\u00a0\u00bb#0098af\u00a0\u00bb hover_enabled=\u00a0\u00bb0&Prime; global_colors_info=\u00a0\u00bb{}\u00a0\u00bb sticky_enabled=\u00a0\u00bb0&Prime;]<\/p>\n<h3>L&rsquo;id\u00e9e<\/h3>\n<p>\u200b<\/p>\n<p>Les ann\u00e9es pass\u00e9es la photographie a jou\u00e9\u00a0un r\u00f4le de plus en plus important au\u00a0Centre Culturel Palethe \u00e0 Pelt. Avec ses photographes de maison, le Circuit Mensuel de Photographie et plusieurs expositions \u00e0 th\u00e8me divers chaque ann\u00e9e, le centre a \u00e9tabli une belle tradition.<\/p>\n<p>&nbsp;<\/p>\n<h3>L&rsquo;Et\u00e9 des Portraits \u00e0 Bourbon-Lancy, notre source d&rsquo;inspiration<\/h3>\n<p>&nbsp;<\/p>\n<p>En 2014 Carine Van Gerven, photographe et \u00e9chevin pour la culture de la commune d&rsquo;Overpelt, a visit\u00e9 le festival international &lsquo;l&rsquo;Et\u00e9 des Portraits&rsquo; de Bourbon-Lancy. Dans les rues de cette petite ville thermale et m\u00e9di\u00e9vale en Bourgogne du Sud des centaines de photographes professionnels pr\u00e9sentent des portraits du monde entier. Cette exposition \u00e0 ciel ouvert est connue et reconnue par les plus grands.<\/p>\n<p>Carine a \u00e9t\u00e9 tellement impressionn\u00e9e par ce merveilleux \u00e9v\u00e9nement qu&rsquo;elle a pens\u00e9: \u00ab\u00a0Ah, cela devrait \u00eatre possible \u00e0 Overpelt &#8230;\u00a0\u00bb<\/p>\n<p>Aujourd&rsquo;hui le festival photo de (Over)Pelt en est d\u00e9j\u00e0 \u00e0 sa quatri\u00e8me \u00e9dition et nous remercions chaleureusement L\u2019\u00c9t\u00e9 des Portraits pour \u00eatre notre source d\u2019inspiration et pour tout ce que nous en avons appris. Merci les amis de Bourbon!<\/p>\n<p><a href=\"https:\/\/www.letedesportraits.fr\/\" target=\"_blank\" rel=\"noopener noreferrer\"><img loading=\"lazy\" decoding=\"async\" class=\"alignleft wp-image-20811 size-medium\" src=\"https:\/\/fotofestivalpelt.be\/wp-content\/uploads\/2023\/05\/EdP_2024-300x134.jpg\" alt=\"Et\u00e9 des Portraits\" width=\"300\" height=\"134\" srcset=\"https:\/\/fotofestivalpelt.be\/wp-content\/uploads\/2023\/05\/EdP_2024-300x134.jpg 300w, https:\/\/fotofestivalpelt.be\/wp-content\/uploads\/2023\/05\/EdP_2024-350x157.jpg 350w, https:\/\/fotofestivalpelt.be\/wp-content\/uploads\/2023\/05\/EdP_2024.jpg 400w\" sizes=\"(max-width: 300px) 100vw, 300px\" \/><\/a>Nous vous invitons \u00e0 consulter le site Web de L\u2019\u00c9t\u00e9 des Portraits <a href=\"https:\/\/www.letedesportraits.fr\/\" target=\"_blank\" rel=\"noopener noreferrer\">https:\/\/www.letedesportraits.com\/<\/a>.<\/p>\n<p>La 10e \u00e9dition de L&rsquo;Et\u00e9 des Portraits aura lieu \u00e0 l&rsquo;\u00e9t\u00e9 2024.<\/p>\n<p>Ce concours s&rsquo;adresse exclusivement aux photographes professionnels.<\/p>\n<p>Suivez l\u2019Et\u00e9 des Portraits sur <a href=\"https:\/\/www.facebook.com\/groups\/26260856454\/\" target=\"_blank\" rel=\"noopener noreferrer\">https:\/\/www.facebook.com\/groups\/26260856454\/<\/a><\/p>\n<p>Les trois premi\u00e8res \u00e9ditions de \u00ab\u00a0Lens op de Mens\u00a0\u00bb ont \u00e9t\u00e9 un grand succ\u00e8s. De nombreux visiteurs r\u00e9gionaux et de l&rsquo;\u00e9tranger ont visit\u00e9 (Over)Pelt et se sont montr\u00e9s enthousiastes quant \u00e0 la qualit\u00e9 de l&rsquo;exposition.<\/p>\n<p>&nbsp;<\/p>\n<h3>\u200bNos partenaires<\/h3>\n<p>&nbsp;<\/p>\n<p>Avec &lsquo;Lens op de Mens&rsquo; nous voulons r\u00e9unir nature et culture et placer la ville de Pelt sur la carte belge et m\u00eame internationale. Lens op de mens &#8211; Fotofestival Pelt vzw est subventionn\u00e9 par le gouvernement flamand, la commune de Pelt et la Loterie nationale. En collaboration avec CC Palethe, l&rsquo;asbl beroepsfotografen.be, l&rsquo;asbl Studio, BREEDBEELD, Lensculture et de nombreuses autres personnes, nous faisons de Pelt l&rsquo;endroit id\u00e9al pour tous ceux qui s&rsquo;int\u00e9ressent \u00e0 la photographie.<\/p>\n<p>Les associations des photographes professionnels belges n\u00e9erlandophones (asbl beroepsfotografen.be et asbl Studio) disposent d&rsquo;un r\u00e9seau solide national et international. Comme point d&rsquo;appui pour les photographes amateurs en Flandres BREEDBEELD ne peut pas manquer comme partenaire du festival. L&rsquo;id\u00e9e de lancer un festival photo \u00e0 Pelt est acceuillie avec enthousiasme par leurs membres.<\/p>\n<p>Un grand merci \u00e9galement \u00e0 CVO Cursa, Qrios, GO Next Level X, WICO Campus Overpelt, vzw De Klimroos, Dommelhof, Pelle Melle, Koor en stem Limburg, Province du Limbourg, photoclub Digipelt et photoclub Houthalen pour les collaborations dans tous les domaines.<\/p>\n<p>\u200bEn 2019, nous avons re\u00e7u la visite de Janet Haines de la Royal Photographic Society &#8211; RPS du Royaume-Uni. Elle a \u00e9t\u00e9 tr\u00e8s impressionn\u00e9e par notre festival photo et attendait avec impatience une future collaboration. En 2020, Carol Olerud et Jeroen Dorrestein lui ont succ\u00e9d\u00e9 comme interlocuteurs au sein de leur section Benelux. Nous sommes ravis que la RPS soit devenue une partie importante de notre festival depuis l&rsquo;\u00e9dition 2021. L&rsquo;exposition d&rsquo;estampes du chapitre Benelux de RPS a \u00e9t\u00e9 pr\u00e9sent\u00e9e comme l&rsquo;une de nos expositions invit\u00e9es en 2021 et 2023. Le dimanche 24 septembre 2023, comme en 2021, nous organiserons une conf\u00e9rence et un atelier en collaboration avec RPS.<\/p>\n<p>L&rsquo;exposition sp\u00e9ciale \u00ab\u00a0Ils se battent aussi pour nous\u00a0\u00bb n&rsquo;a pu voir le jour que gr\u00e2ce \u00e0 la fantastique coop\u00e9ration avec les associations professionnelles nationales de photographes d&rsquo;Ukraine et de R\u00e9publique tch\u00e8que, l&rsquo;UAPP et l&rsquo;APFCR. Nous remercions tout particuli\u00e8rement Jan Pohribn\u00fd et Igor Malijevsk\u00fd (APFCR), Olga Kovalova, chef de projet, et Mstyslav Chernov, directeur g\u00e9n\u00e9ral de l&rsquo;UAPP.<\/p>\n<p>Pour cette 4\u00e8me \u00e9dition de 2023, nous pourrons utiliser les locaux et les terrains de la Vakschool, l&rsquo;ancien site de TIO campus Wico. Nous remercions vivement la soci\u00e9t\u00e9 Custombuild pour cela.<\/p>\n<p>Nous remercions \u00e9galement les entreprises suivantes pour leur soutien et leur coop\u00e9ration : Totch (tirages photo, banni\u00e8res, toiles, etc.), Milo Profi (tirages photo), Colorfields (ChromaLuxe), Shoot Magazine, Guido Schepers de Zupp (concepteur du site web), Chris Tierney d&rsquo;Infrablue (module de concours), Profel, l&rsquo;assurance DVV Pelt-Lommel et la brasserie M\u00f8lder et Co\u00f6p.<\/p>\n<p>Le soutien de l&rsquo;industrie h\u00f4teli\u00e8re locale a \u00e9galement \u00e9t\u00e9 tr\u00e8s appr\u00e9ci\u00e9 : Banana Split, &lsquo;t 8ste Sacrament, &lsquo;t Pelterke, &lsquo;t Pittig Baguetje, Da Manu, Fresh, Tafeltijd, Peltri.<\/p>\n<p>Du 4 juin au 1 octobre 2023 vous \u00eates tous les bienvenus dans notre belle ville de Pelt.<\/p>\n<p>\u200b<\/p>\n<h3>Une nouvelle structure pour notre organisation<\/h3>\n<p>&nbsp;<\/p>\n<p>Le 14 juillet 2020, Lens op de Mens &#8211; Fotofestival Pelt a \u00e9t\u00e9 officiellement reconnue comme une organisation \u00e0 but non lucratif sous le num\u00e9ro d&rsquo;entreprise 0750.633.312.<\/p>\n<p>Le conseil d&rsquo;administration de l&rsquo;organisation est compos\u00e9 comme suit:<\/p>\n<p>Carine Van Gerven, pr\u00e9sidente<br \/>Johan Brouwers, vice-pr\u00e9sident et pr\u00e9sident du jury du concours<br \/>Rudi Theunis, secr\u00e9taire<br \/>Sonja Sleurs, tr\u00e9sori\u00e8re<br \/>Hilde Stevens, curateur<br \/>Jos Verhoogen, membre du conseil d&rsquo;administration<\/p>\n<p>&nbsp;<\/p>\n<p>[\/et_pb_text][\/et_pb_column][et_pb_column type=\u00a0\u00bb2_5&Prime; _builder_version=\u00a0\u00bb4.16&Prime; use_background_color_gradient=\u00a0\u00bbon\u00a0\u00bb background_color_gradient_stops=\u00a0\u00bbrgba(0,0,0,0) 83%|rgba(0,0,0,0.9) 100%\u00a0\u00bb background_color_gradient_overlays_image=\u00a0\u00bbon\u00a0\u00bb background_color_gradient_start=\u00a0\u00bbrgba(0,0,0,0)\u00a0\u00bb background_color_gradient_start_position=\u00a0\u00bb83%\u00a0\u00bb background_color_gradient_end=\u00a0\u00bbrgba(0,0,0,0.9)\u00a0\u00bb background_image=\u00a0\u00bbhttps:\/\/fotofestivalpelt.be\/wp-content\/uploads\/2020\/04\/P162_Kryst\u00fdnek_Martin_2000px.jpg\u00a0\u00bb background_position=\u00a0\u00bbcenter_left\u00a0\u00bb custom_padding=\u00a0\u00bb20px|20px|0px|20px\u00a0\u00bb custom_padding_tablet=\u00a0\u00bb\u00a0\u00bb custom_padding_phone=\u00a0\u00bb5px|5px|5px|5px|true|true\u00a0\u00bb custom_padding_last_edited=\u00a0\u00bbon|phone\u00a0\u00bb global_colors_info=\u00a0\u00bb{}\u00a0\u00bb custom_padding__hover=\u00a0\u00bb|||\u00a0\u00bb][\/et_pb_column][\/et_pb_row][\/et_pb_section]<\/p>\n","protected":false},"excerpt":{"rendered":"<p>L&rsquo;id\u00e9e \u200b Les ann\u00e9es pass\u00e9es la photographie a jou\u00e9\u00a0un r\u00f4le de plus en plus important au\u00a0Centre Culturel Palethe \u00e0 Pelt. Avec ses photographes de maison, le Circuit Mensuel de Photographie et plusieurs expositions \u00e0 th\u00e8me divers chaque ann\u00e9e, le centre a \u00e9tabli une belle tradition. &nbsp; L&rsquo;Et\u00e9 des Portraits \u00e0 Bourbon-Lancy, notre source d&rsquo;inspiration &nbsp; [&hellip;]<\/p>\n","protected":false},"author":1,"featured_media":0,"parent":0,"menu_order":0,"comment_status":"closed","ping_status":"closed","template":"","meta":{"_et_pb_use_builder":"on","_et_pb_old_content":"","_et_gb_content_width":"","footnotes":""},"class_list":["post-4215","page","type-page","status-publish","hentry"],"_links":{"self":[{"href":"https:\/\/fotofestivalpelt.be\/fr\/wp-json\/wp\/v2\/pages\/4215","targetHints":{"allow":["GET"]}}],"collection":[{"href":"https:\/\/fotofestivalpelt.be\/fr\/wp-json\/wp\/v2\/pages"}],"about":[{"href":"https:\/\/fotofestivalpelt.be\/fr\/wp-json\/wp\/v2\/types\/page"}],"author":[{"embeddable":true,"href":"https:\/\/fotofestivalpelt.be\/fr\/wp-json\/wp\/v2\/users\/1"}],"replies":[{"embeddable":true,"href":"https:\/\/fotofestivalpelt.be\/fr\/wp-json\/wp\/v2\/comments?post=4215"}],"version-history":[{"count":26,"href":"https:\/\/fotofestivalpelt.be\/fr\/wp-json\/wp\/v2\/pages\/4215\/revisions"}],"predecessor-version":[{"id":22035,"href":"https:\/\/fotofestivalpelt.be\/fr\/wp-json\/wp\/v2\/pages\/4215\/revisions\/22035"}],"wp:attachment":[{"href":"https:\/\/fotofestivalpelt.be\/fr\/wp-json\/wp\/v2\/media?parent=4215"}],"curies":[{"name":"wp","href":"https:\/\/api.w.org\/{rel}","templated":true}]}}