{"id":4275,"date":"2019-04-01T12:08:54","date_gmt":"2019-04-01T12:08:54","guid":{"rendered":"https:\/\/fotofestivalpelt.be\/route-2019\/"},"modified":"2019-07-08T10:03:47","modified_gmt":"2019-07-08T10:03:47","slug":"route-2019","status":"publish","type":"page","link":"https:\/\/fotofestivalpelt.be\/fr\/route-2019\/","title":{"rendered":"ROUTE 2019"},"content":{"rendered":"<p>[et_pb_section fb_built=\u00a0\u00bb1&Prime; _builder_version=\u00a0\u00bb3.22.3&Prime; background_color=\u00a0\u00bb#5e5e5e\u00a0\u00bb custom_padding=\u00a0\u00bb9px|0px|2px|0px|false|false\u00a0\u00bb][et_pb_row _builder_version=\u00a0\u00bb3.22.3&Prime;][et_pb_column type=\u00a0\u00bb4_4&Prime; _builder_version=\u00a0\u00bb3.19.18&Prime;][et_pb_text admin_label=\u00a0\u00bbTitel Route 2019&Prime; _builder_version=\u00a0\u00bb3.21.4&Prime; text_font=\u00a0\u00bb||||||||\u00a0\u00bb text_text_color=\u00a0\u00bb#ffffff\u00a0\u00bb header_font=\u00a0\u00bb||||||||\u00a0\u00bb header_2_font=\u00a0\u00bb||||||||\u00a0\u00bb header_3_font=\u00a0\u00bb||||||||\u00a0\u00bb header_3_text_color=\u00a0\u00bb#f19413&Prime; header_4_font=\u00a0\u00bb||||||||\u00a0\u00bb]<\/p>\n<h3><strong>Itin\u00e9raire 2019<\/strong><\/h3>\n<p>[\/et_pb_text][et_pb_text admin_label=\u00a0\u00bbroute.nl app\u00a0\u00bb _builder_version=\u00a0\u00bb3.22.7&Prime; text_font=\u00a0\u00bb||||||||\u00a0\u00bb text_text_color=\u00a0\u00bb#ffffff\u00a0\u00bb]<\/p>\n<p><img loading=\"lazy\" decoding=\"async\" class=\"alignleft wp-image-5160 size-thumbnail\" src=\"https:\/\/fotofestivalpelt.be\/wp-content\/uploads\/2019\/05\/589994_routeQrImage-150x150.png\" alt=\"\" width=\"150\" height=\"150\" srcset=\"https:\/\/fotofestivalpelt.be\/wp-content\/uploads\/2019\/05\/589994_routeQrImage-150x150.png 150w, https:\/\/fotofestivalpelt.be\/wp-content\/uploads\/2019\/05\/589994_routeQrImage-300x300.png 300w, https:\/\/fotofestivalpelt.be\/wp-content\/uploads\/2019\/05\/589994_routeQrImage-350x350.png 350w, https:\/\/fotofestivalpelt.be\/wp-content\/uploads\/2019\/05\/589994_routeQrImage-51x51.png 51w, https:\/\/fotofestivalpelt.be\/wp-content\/uploads\/2019\/05\/589994_routeQrImage.png 500w\" sizes=\"(max-width: 150px) 100vw, 150px\" \/><br \/>Scannez le code QR via l&rsquo;application de <a href=\"https:\/\/www.route.nl\/app\" target=\"_blank\" rel=\"noopener noreferrer\">route.nl<\/a> et vous pouvez voir l&rsquo;int\u00e9gralit\u00e9 de l&rsquo;itin\u00e9raire sur votre smartphone<br \/>Lien direct vers le parcours: <a href=\"https:\/\/www.route.nl\/wandelroute\/589994\/lens-op-de-mens\" target=\"_blank\" rel=\"noopener noreferrer\">https:\/\/www.route.nl\/wandelroute\/589994\/lens-op-de-mens<\/a><\/p>\n<p>Ci-dessous le plan d&rsquo;itin\u00e9raire de 2019<\/p>\n<p>&nbsp;<\/p>\n<p>[\/et_pb_text][et_pb_image src=\u00a0\u00bbhttps:\/\/fotofestivalpelt.be\/wp-content\/uploads\/2019\/05\/Route_2019_589994_carto_6.jpg\u00a0\u00bb admin_label=\u00a0\u00bbRouteplan\u00a0\u00bb _builder_version=\u00a0\u00bb3.22.7&Prime; box_shadow_style=\u00a0\u00bbpreset2&Prime;][\/et_pb_image][\/et_pb_column][\/et_pb_row][et_pb_row _builder_version=\u00a0\u00bb3.22.3&Prime;][et_pb_column type=\u00a0\u00bb1_2&Prime; _builder_version=\u00a0\u00bb3.19.18&Prime;][et_pb_text admin_label=\u00a0\u00bbRoute POI\u00a0\u00bb _builder_version=\u00a0\u00bb3.22.7&Prime; text_font=\u00a0\u00bbMontserrat||||||||\u00a0\u00bb text_text_color=\u00a0\u00bb#ffffff\u00a0\u00bb text_font_size=\u00a0\u00bb16px\u00a0\u00bb text_line_height=\u00a0\u00bb2.2em\u00a0\u00bb header_font=\u00a0\u00bb||||||||\u00a0\u00bb header_3_font=\u00a0\u00bb||||||||\u00a0\u00bb header_3_text_color=\u00a0\u00bb#f19413&Prime;]<\/p>\n<h3>Itin\u00e9raire\u200b 2019<\/h3>\n<p>\u200bPOI 1 CC Palethe<br \/>POI 2 Pelterke: mur de l&rsquo;ancien cimeti\u00e8re<br \/>POI 3 Pelterke: terrain de jeux<br \/>POI 4 Lindepaadje<br \/>POI 5 Rodenbachlaan<br \/>POI 6 Lod Lavkistraat<br \/>POI 7 Petite place au Monument<br \/>POI 8 Centre de Setvice Pelle Melle<br \/>POI 9 Bureau de Police<br \/>POI 10 De Heuf<br \/>De Heuf &gt; Mariaziekenhuis: 400 m \u00e0 pied<\/p>\n<p>[\/et_pb_text][\/et_pb_column][et_pb_column type=\u00a0\u00bb1_2&Prime; _builder_version=\u00a0\u00bb3.19.18&Prime;][et_pb_text admin_label=\u00a0\u00bbRoute POI\u00a0\u00bb _builder_version=\u00a0\u00bb3.22.7&Prime; text_font=\u00a0\u00bbMontserrat||||||||\u00a0\u00bb text_text_color=\u00a0\u00bb#ffffff\u00a0\u00bb text_font_size=\u00a0\u00bb16px\u00a0\u00bb text_line_height=\u00a0\u00bb2.2em\u00a0\u00bb header_font=\u00a0\u00bb||||||||\u00a0\u00bb header_3_font=\u00a0\u00bb||||||||\u00a0\u00bb header_3_text_color=\u00a0\u00bb#f19413&Prime;]<\/p>\n<h3>Itin\u00e9raire\u200b 2019<\/h3>\n<p>POI 11 Oude markt<br \/>\nPOI 12 Maison Communale<br \/>\nPOI 13 Nieuwe Markt<br \/>\nPOI 14 Ursulinnenstraat<br \/>\nPOI 15 Jardin de Presbyt\u00e8re<br \/>\nPOI 16 Sortie jardin du Presbyt\u00e8re \/ Kerkdijk<br \/>\nPOI 17 Kerkdijk<br \/>\nPOI 18 Kerkdijk \/ Mur de l&rsquo;ancien cimeti\u00e8re<br \/>\nDu CC Palethe \u00e0<br \/>\n&#8211; Piscine Dommelslag 2 km<br \/>\n&#8211; Centre r\u00e9sidentiel et de soins Saint Joseph 2,6 km<br \/>\n&#8211; Biblioth\u00e8que Publique de Neerpelt 2,6 km<br \/>\n&#8211; Domaine Provinciale Dommelhof 2,8 km[\/et_pb_text][\/et_pb_column][\/et_pb_row][et_pb_row _builder_version=\u00a0\u00bb3.22.3&Prime;][et_pb_column type=\u00a0\u00bb4_4&Prime; _builder_version=\u00a0\u00bb3.19.18&Prime;][et_pb_text admin_label=\u00a0\u00bbWaar?\u00a0\u00bb _builder_version=\u00a0\u00bb3.21.4&Prime; text_font=\u00a0\u00bbMontserrat||||||||\u00a0\u00bb text_text_color=\u00a0\u00bb#ffffff\u00a0\u00bb text_font_size=\u00a0\u00bb16px\u00a0\u00bb text_line_height=\u00a0\u00bb2.2em\u00a0\u00bb header_font=\u00a0\u00bb||||||||\u00a0\u00bb header_3_font=\u00a0\u00bb||||||||\u00a0\u00bb header_3_text_color=\u00a0\u00bb#f19413&Prime;]<\/p>\n<h3>O\u00f9 trouver les photos de quel photographe?<\/h3>\n<p>[\/et_pb_text][et_pb_text admin_label=\u00a0\u00bbinfo\u00a0\u00bb _builder_version=\u00a0\u00bb3.21.4&Prime; text_font=\u00a0\u00bbMontserrat||||||||\u00a0\u00bb text_text_color=\u00a0\u00bb#ffffff\u00a0\u00bb text_font_size=\u00a0\u00bb16px\u00a0\u00bb text_line_height=\u00a0\u00bb2.2em\u00a0\u00bb header_font=\u00a0\u00bb||||||||\u00a0\u00bb header_3_font=\u00a0\u00bb||||||||\u00a0\u00bb header_3_text_color=\u00a0\u00bb#f19413&Prime;]<\/p>\n<p>R\u00e9partis sur le parcours, vous trouverez des panneaux d&rsquo;information avec les noms des photographes dont les photos sont expos\u00e9es dans les environs.<\/p>\n<p>\u200b<\/p>\n<p>[\/et_pb_text][\/et_pb_column][\/et_pb_row][\/et_pb_section][et_pb_section fb_built=\u00a0\u00bb1&Prime; _builder_version=\u00a0\u00bb3.22.3&Prime; custom_padding=\u00a0\u00bb0|0px|0|0px|false|false\u00a0\u00bb][et_pb_row custom_padding=\u00a0\u00bb30px|0px|6px|0px|false|false\u00a0\u00bb _builder_version=\u00a0\u00bb3.22.3&Prime;][et_pb_column type=\u00a0\u00bb4_4&Prime; _builder_version=\u00a0\u00bb3.19.18&Prime;][et_pb_text admin_label=\u00a0\u00bbDank\u00a0\u00bb _builder_version=\u00a0\u00bb3.22.7&Prime; text_font=\u00a0\u00bb||||||||\u00a0\u00bb header_font=\u00a0\u00bb||||||||\u00a0\u00bb header_3_font=\u00a0\u00bb||||||||\u00a0\u00bb header_3_text_color=\u00a0\u00bb#f19413&Prime; text_orientation=\u00a0\u00bbcenter\u00a0\u00bb]<\/p>\n<h3>Un grand merci \u00e0 route.nl de la coop\u00e9ration extraordinaire<\/h3>\n<p>&nbsp;<\/p>\n<p>[\/et_pb_text][\/et_pb_column][\/et_pb_row][\/et_pb_section][et_pb_section fb_built=\u00a0\u00bb1&Prime; _builder_version=\u00a0\u00bb3.22.3&Prime; custom_padding=\u00a0\u00bb0|0px|0|0px|false|false\u00a0\u00bb][et_pb_row use_custom_gutter=\u00a0\u00bbon\u00a0\u00bb gutter_width=\u00a0\u00bb1&Prime; custom_padding=\u00a0\u00bb0|0px|30px|0px|false|false\u00a0\u00bb module_class=\u00a0\u00bb et_pb_row_fullwidth\u00a0\u00bb _builder_version=\u00a0\u00bb3.22.3&Prime; width=\u00a0\u00bb100%\u00a0\u00bb width_tablet=\u00a0\u00bb100%\u00a0\u00bb width_last_edited=\u00a0\u00bbon|desktop\u00a0\u00bb max_width=\u00a0\u00bb100%\u00a0\u00bb max_width_tablet=\u00a0\u00bb100%\u00a0\u00bb max_width_last_edited=\u00a0\u00bbon|desktop\u00a0\u00bb make_fullwidth=\u00a0\u00bbon\u00a0\u00bb][et_pb_column type=\u00a0\u00bb1_4&Prime; _builder_version=\u00a0\u00bb3.19.18&Prime;][et_pb_image src=\u00a0\u00bbhttps:\/\/fotofestivalpelt.be\/wp-content\/uploads\/2019\/06\/LodM_2019_Doeken-Ursulinenstraat_3080.jpg\u00a0\u00bb _builder_version=\u00a0\u00bb3.22.7&Prime;][\/et_pb_image][\/et_pb_column][et_pb_column type=\u00a0\u00bb1_4&Prime; _builder_version=\u00a0\u00bb3.19.18&Prime;][et_pb_image src=\u00a0\u00bbhttps:\/\/fotofestivalpelt.be\/wp-content\/uploads\/2019\/06\/Lodm_2019_sticker_3086-e1562580007249.jpg\u00a0\u00bb _builder_version=\u00a0\u00bb3.22.7&Prime;][\/et_pb_image][\/et_pb_column][et_pb_column type=\u00a0\u00bb1_4&Prime; _builder_version=\u00a0\u00bb3.19.18&Prime;][et_pb_image src=\u00a0\u00bbhttps:\/\/fotofestivalpelt.be\/wp-content\/uploads\/2019\/06\/Lodm_2019_Martin-Kryst\u00fdnek_3071.jpg\u00a0\u00bb _builder_version=\u00a0\u00bb3.22.7&Prime;][\/et_pb_image][\/et_pb_column][et_pb_column type=\u00a0\u00bb1_4&Prime; _builder_version=\u00a0\u00bb3.19.18&Prime;][et_pb_image src=\u00a0\u00bbhttps:\/\/fotofestivalpelt.be\/wp-content\/uploads\/2019\/06\/LodM_2019_sticker_3060-e1562580079925.jpg\u00a0\u00bb _builder_version=\u00a0\u00bb3.22.7&Prime;][\/et_pb_image][\/et_pb_column][\/et_pb_row][\/et_pb_section]<\/p>\n","protected":false},"excerpt":{"rendered":"<p>Itin\u00e9raire 2019Scannez le code QR via l&rsquo;application de route.nl et vous pouvez voir l&rsquo;int\u00e9gralit\u00e9 de l&rsquo;itin\u00e9raire sur votre smartphoneLien direct vers le parcours: https:\/\/www.route.nl\/wandelroute\/589994\/lens-op-de-mens Ci-dessous le plan d&rsquo;itin\u00e9raire de 2019 &nbsp;Itin\u00e9raire\u200b 2019 \u200bPOI 1 CC PalethePOI 2 Pelterke: mur de l&rsquo;ancien cimeti\u00e8rePOI 3 Pelterke: terrain de jeuxPOI 4 LindepaadjePOI 5 RodenbachlaanPOI 6 Lod LavkistraatPOI 7 [&hellip;]<\/p>\n","protected":false},"author":2,"featured_media":0,"parent":0,"menu_order":0,"comment_status":"closed","ping_status":"closed","template":"","meta":{"_et_pb_use_builder":"on","_et_pb_old_content":"","_et_gb_content_width":"","footnotes":""},"class_list":["post-4275","page","type-page","status-publish","hentry"],"_links":{"self":[{"href":"https:\/\/fotofestivalpelt.be\/fr\/wp-json\/wp\/v2\/pages\/4275","targetHints":{"allow":["GET"]}}],"collection":[{"href":"https:\/\/fotofestivalpelt.be\/fr\/wp-json\/wp\/v2\/pages"}],"about":[{"href":"https:\/\/fotofestivalpelt.be\/fr\/wp-json\/wp\/v2\/types\/page"}],"author":[{"embeddable":true,"href":"https:\/\/fotofestivalpelt.be\/fr\/wp-json\/wp\/v2\/users\/2"}],"replies":[{"embeddable":true,"href":"https:\/\/fotofestivalpelt.be\/fr\/wp-json\/wp\/v2\/comments?post=4275"}],"version-history":[{"count":16,"href":"https:\/\/fotofestivalpelt.be\/fr\/wp-json\/wp\/v2\/pages\/4275\/revisions"}],"predecessor-version":[{"id":6039,"href":"https:\/\/fotofestivalpelt.be\/fr\/wp-json\/wp\/v2\/pages\/4275\/revisions\/6039"}],"wp:attachment":[{"href":"https:\/\/fotofestivalpelt.be\/fr\/wp-json\/wp\/v2\/media?parent=4275"}],"curies":[{"name":"wp","href":"https:\/\/api.w.org\/{rel}","templated":true}]}}