{"id":29851,"date":"2025-10-24T00:14:04","date_gmt":"2025-10-24T00:14:04","guid":{"rendered":"https:\/\/fotofestivalpelt.be\/?page_id=29851"},"modified":"2025-11-15T10:38:39","modified_gmt":"2025-11-15T10:38:39","slug":"expo-80-jaar-vrede","status":"publish","type":"page","link":"https:\/\/fotofestivalpelt.be\/nl\/expo-80-jaar-vrede\/","title":{"rendered":"Expo 80 Jaar Vrede"},"content":{"rendered":"<p>[et_pb_section fb_built=&#8221;1&#8243; admin_label=&#8221;Header&#8221; _builder_version=&#8221;4.27.4&#8243; _module_preset=&#8221;default&#8221; background_color=&#8221;#000000&#8243; use_background_color_gradient=&#8221;on&#8221; background_color_gradient_stops=&#8221;rgba(81,88,69,0.6) 0%|rgba(37,40,31,0.89) 100%&#8221; background_color_gradient_overlays_image=&#8221;on&#8221; background_color_gradient_start=&#8221;rgba(81,88,69,0.6)&#8221; background_color_gradient_end=&#8221;rgba(37,40,31,0.89)&#8221; background_image=&#8221;https:\/\/fotofestivalpelt.be\/wp-content\/uploads\/2025\/10\/Genk-Roermond_affiche.jpg&#8221; background_position=&#8221;top_center&#8221; background_vertical_offset=&#8221;5%&#8221; custom_padding=&#8221;||0px|||&#8221; global_colors_info=&#8221;{}&#8221;][et_pb_row _builder_version=&#8221;4.27.4&#8243; _module_preset=&#8221;default&#8221; background_color=&#8221;RGBA(255,255,255,0)&#8221; global_colors_info=&#8221;{}&#8221;][et_pb_column type=&#8221;4_4&#8243; _builder_version=&#8221;4.16&#8243; _module_preset=&#8221;default&#8221; global_colors_info=&#8221;{}&#8221;][et_pb_text admin_label=&#8221;Expo &#038; Concert 80 Jaar Vrede&#8221; _builder_version=&#8221;4.27.4&#8243; _module_preset=&#8221;d72c0383-6487-4f2c-ac5c-7d48a6376757&#8243; header_font=&#8221;||||||||&#8221; header_text_color=&#8221;#BCA274&#8243; header_font_size=&#8221;100px&#8221; header_line_height=&#8221;1.1em&#8221; background_layout=&#8221;dark&#8221; header_font_size_tablet=&#8221;60px&#8221; header_font_size_phone=&#8221;26px&#8221; header_font_size_last_edited=&#8221;on|phone&#8221; global_colors_info=&#8221;{}&#8221;]<\/p>\n<h1>Expo &amp; Concert<br \/>80 Jaar Vrede<\/h1>\n<p>[\/et_pb_text][\/et_pb_column][\/et_pb_row][et_pb_row column_structure=&#8221;1_2,1_2&#8243; _builder_version=&#8221;4.16&#8243; _module_preset=&#8221;default&#8221; custom_padding=&#8221;||0px|||&#8221; global_colors_info=&#8221;{}&#8221;][et_pb_column type=&#8221;1_2&#8243; _builder_version=&#8221;4.16&#8243; _module_preset=&#8221;default&#8221; global_colors_info=&#8221;{}&#8221;][et_pb_text admin_label=&#8221;Carine VG&#8221; _builder_version=&#8221;4.27.4&#8243; _module_preset=&#8221;32021f09-dd67-47fb-8f9a-832b72a38baf&#8221; header_2_font=&#8221;|600|||||||&#8221; header_2_font_size=&#8221;55px&#8221; header_2_line_height=&#8221;1.2em&#8221; header_3_text_color=&#8221;#BCA274&#8243; background_layout=&#8221;dark&#8221; header_2_font_size_tablet=&#8221;45px&#8221; header_2_font_size_phone=&#8221;20px&#8221; header_2_font_size_last_edited=&#8221;on|phone&#8221; locked=&#8221;off&#8221; global_colors_info=&#8221;{}&#8221;]<\/p>\n<h2>Carine Van Gerven<\/h2>\n<p>[\/et_pb_text][et_pb_text admin_label=&#8221;80 Jaar Vrede&#8221; _builder_version=&#8221;4.27.4&#8243; _module_preset=&#8221;1d866de3-b108-4c5f-bed3-2da9506a6915&#8243; header_font=&#8221;||||||||&#8221; header_3_text_color=&#8221;#BCA274&#8243; header_4_font=&#8221;||||||||&#8221; header_4_font_size=&#8221;30px&#8221; header_4_line_height=&#8221;1.5em&#8221; background_layout=&#8221;dark&#8221; custom_margin=&#8221;||0px||false|false&#8221; header_4_font_size_tablet=&#8221;22px&#8221; header_4_font_size_phone=&#8221;18px&#8221; header_4_font_size_last_edited=&#8221;on|phone&#8221; locked=&#8221;off&#8221; global_colors_info=&#8221;{}&#8221;]<\/p>\n<h4><i>80 Jaar Vrede<\/i><\/h4>\n<p>[\/et_pb_text][et_pb_button button_url=&#8221;#80jaarvrede&#8221; button_text=&#8221;Meer&#8230;&#8221; button_alignment=&#8221;left&#8221; admin_label=&#8221;Knop Meer&#8230;&#8221; _builder_version=&#8221;4.27.4&#8243; _module_preset=&#8221;a93bd5f4-85ca-4af8-aab9-5954042d5969&#8243; custom_button=&#8221;on&#8221; button_text_size=&#8221;14px&#8221; button_bg_color=&#8221;RGBA(0,0,0,0)&#8221; button_border_radius=&#8221;0px&#8221; button_letter_spacing=&#8221;3px&#8221; button_font=&#8221;|700||on|||||&#8221; background_layout=&#8221;dark&#8221; custom_padding=&#8221;14px|30px|14px|30px|true|true&#8221; global_colors_info=&#8221;{}&#8221; button_bg_color__hover=&#8221;#FFFFFF&#8221; button_bg_color__hover_enabled=&#8221;on|hover&#8221; button_text_color__hover=&#8221;#000000&#8243; button_text_color__hover_enabled=&#8221;on|hover&#8221; button_border_color__hover=&#8221;RGBA(0,0,0,0)&#8221; button_border_color__hover_enabled=&#8221;on|desktop&#8221;][\/et_pb_button][et_pb_divider color=&#8221;RGBA(255,255,255,0)&#8221; divider_weight=&#8221;20px&#8221; admin_label=&#8221;Verdeler 20px&#8221; _builder_version=&#8221;4.27.4&#8243; _module_preset=&#8221;default&#8221; global_colors_info=&#8221;{}&#8221;][\/et_pb_divider][\/et_pb_column][et_pb_column type=&#8221;1_2&#8243; _builder_version=&#8221;4.16&#8243; _module_preset=&#8221;default&#8221; global_colors_info=&#8221;{}&#8221;][et_pb_image alt=&#8221;Carla Kogelman \u00a9 Sonja Liebhart&#8221; title_text=&#8221;Carla Kogelman \u00a9 Sonja Liebhart&#8221; disabled_on=&#8221;on|on|on&#8221; _builder_version=&#8221;4.27.4&#8243; _module_preset=&#8221;default&#8221; disabled=&#8221;on&#8221; global_colors_info=&#8221;{}&#8221;][\/et_pb_image][\/et_pb_column][\/et_pb_row][\/et_pb_section][et_pb_section fb_built=&#8221;1&#8243; admin_label=&#8221;Content&#8221; module_id=&#8221;wandelenmetwielen&#8221; _builder_version=&#8221;4.27.4&#8243; _module_preset=&#8221;default&#8221; background_color=&#8221;#f6efe7&#8243; global_colors_info=&#8221;{}&#8221;][et_pb_row module_id=&#8221;80jaarvrede&#8221; _builder_version=&#8221;4.27.4&#8243; _module_preset=&#8221;default&#8221; background_color=&#8221;#515845&#8243; global_colors_info=&#8221;{}&#8221;][et_pb_column type=&#8221;4_4&#8243; _builder_version=&#8221;4.16&#8243; _module_preset=&#8221;default&#8221; global_colors_info=&#8221;{}&#8221;][et_pb_text admin_label=&#8221;Adres en uren&#8221; _builder_version=&#8221;4.27.4&#8243; _module_preset=&#8221;16a54059-cc81-4572-9c70-eda6a6c419bf&#8221; text_font=&#8221;||||||||&#8221; text_text_color=&#8221;#FFFFFF&#8221; text_font_size=&#8221;16px&#8221; text_line_height=&#8221;2em&#8221; link_text_color=&#8221;#F19413&#8243; header_3_text_color=&#8221;#FFFFFF&#8221; custom_margin=&#8221;|30px||30px|false|true&#8221; text_font_size_tablet=&#8221;15px&#8221; text_font_size_phone=&#8221;14px&#8221; text_font_size_last_edited=&#8221;on|phone&#8221; header_font_size_tablet=&#8221;55px&#8221; header_font_size_last_edited=&#8221;off|desktop&#8221; global_colors_info=&#8221;{}&#8221;]<\/p>\n<h3><strong>80 Jaar Vrede | <em>Concert en Expo<\/em><\/strong><\/h3>\n<p><strong><br \/>Sint-Christoffelkathedraal<\/strong><br \/>Grote Kerkstraat 2, 6041 CR Roermond, Nederland<\/p>\n<p><strong>O.L.V. van Fatimakerk<\/strong><br \/>Weg naar As 190, 3600 Genk (Bret-Gelieren), Belgi\u00eb<\/p>\n<p><strong>Concerten:<br \/><\/strong><strong>Sint-Christoffelkathedraal Roermond:<\/strong> 22 november 2025 om 20.00 u<br \/><strong>O.L.V. van Fatimakerk Genk: <\/strong>23 november 2025 om 16.00 u<\/p>\n<p><strong>Tickets voor een concert kosten 15 euro<\/strong> en kan u bestellen via de knop hieronder<\/p>\n<p><strong>Expo<\/strong> te bezichtigen met gids <strong>1 uur v\u00f3\u00f3r en na het concert<br \/><\/strong><strong>Extra dagen Foto-Expo:<\/strong><br \/><strong>Sint-Christoffelkathedraal Roermond:<\/strong> 20-21-22 november 2025 van 14.00 u &#8211; 17.00 u<br \/>Gratis toegang<\/p>\n<p>[\/et_pb_text][\/et_pb_column][\/et_pb_row][et_pb_row module_id=&#8221;rehabbattle&#8221; _builder_version=&#8221;4.27.4&#8243; _module_preset=&#8221;default&#8221; custom_padding=&#8221;75px|||||&#8221; global_colors_info=&#8221;{}&#8221;][et_pb_column type=&#8221;4_4&#8243; _builder_version=&#8221;4.16&#8243; _module_preset=&#8221;default&#8221; global_colors_info=&#8221;{}&#8221;][et_pb_text admin_label=&#8221;Carine Van Gerven | 80 Jaar Vrede titel&#8221; _builder_version=&#8221;4.27.4&#8243; _module_preset=&#8221;16a54059-cc81-4572-9c70-eda6a6c419bf&#8221; text_font=&#8221;||||||||&#8221; text_text_color=&#8221;#000000&#8243; text_font_size=&#8221;16px&#8221; text_line_height=&#8221;2em&#8221; link_text_color=&#8221;#007E37&#8243; text_font_size_tablet=&#8221;15px&#8221; text_font_size_phone=&#8221;14px&#8221; text_font_size_last_edited=&#8221;on|phone&#8221; header_font_size_tablet=&#8221;55px&#8221; header_font_size_last_edited=&#8221;off|desktop&#8221; global_colors_info=&#8221;{}&#8221;]<\/p>\n<h3><strong>80 Jaar Vrede | <em>Concert en Expo<\/em><\/strong><\/h3>\n<p>[\/et_pb_text][\/et_pb_column][\/et_pb_row][et_pb_row column_structure=&#8221;1_4,3_4&#8243; module_id=&#8221;oudekerkhofmuur&#8221; _builder_version=&#8221;4.27.4&#8243; _module_preset=&#8221;default&#8221; custom_padding=&#8221;75px|||||&#8221; global_colors_info=&#8221;{}&#8221;][et_pb_column type=&#8221;1_4&#8243; _builder_version=&#8221;4.16&#8243; _module_preset=&#8221;default&#8221; global_colors_info=&#8221;{}&#8221;][et_pb_image src=&#8221;https:\/\/fotofestivalpelt.be\/wp-content\/uploads\/2025\/10\/80_Jaar_Vrede_affiche_2.jpg&#8221; alt=&#8221;80 Jaar Vrede | Genk-Roermond | affiche 2&#8243; title_text=&#8221;80 Jaar Vrede | Genk-Roermond | affiche 2&#8243; url=&#8221;https:\/\/fotofestivalpelt.be\/wp-content\/uploads\/2025\/10\/80_Jaar_Vrede_affiche_2.jpg&#8221; url_new_window=&#8221;on&#8221; admin_label=&#8221;Afbeelding affiche 2&#8243; _builder_version=&#8221;4.27.4&#8243; _module_preset=&#8221;default&#8221; box_shadow_style=&#8221;preset2&#8243; global_colors_info=&#8221;{}&#8221;][\/et_pb_image][\/et_pb_column][et_pb_column type=&#8221;3_4&#8243; _builder_version=&#8221;4.16&#8243; _module_preset=&#8221;default&#8221; global_colors_info=&#8221;{}&#8221;][et_pb_text admin_label=&#8221;Omschrijving&#8221; _builder_version=&#8221;4.27.4&#8243; _module_preset=&#8221;16a54059-cc81-4572-9c70-eda6a6c419bf&#8221; text_font=&#8221;||||||||&#8221; text_text_color=&#8221;#000000&#8243; text_font_size=&#8221;16px&#8221; text_line_height=&#8221;2em&#8221; link_text_color=&#8221;#007E37&#8243; header_2_text_color=&#8221;#515845&#8243; hover_enabled=&#8221;0&#8243; text_font_size_tablet=&#8221;15px&#8221; text_font_size_phone=&#8221;14px&#8221; text_font_size_last_edited=&#8221;on|phone&#8221; global_colors_info=&#8221;{}&#8221; sticky_enabled=&#8221;0&#8243;]<\/p>\n<p>Ter gelegenheid van &#8220;80 jaar Vrede&#8221; organiseert vocaal ensemble <a href=\"http:\/\/procantione.be\/\" target=\"_blank\" rel=\"noopener\">Pro Cantione<\/a> uit Genk samen met het <a href=\"https:\/\/www.ve-silhouet.nl\/\" target=\"_blank\" rel=\"noopener\">Vocaal Ensemble Silhouet<\/a> uit Roermond een grensoverschrijdende culturele\/muzikale uitwisseling van amateurzangers\/zangeressen en professionele instrumentalisten uit Belgi\u00eb en Nederland met als extra toegevoegd element een bij het thema \u201c80 Jaar Vrede\u201d passende <strong>foto-expositie met recent werk van Carine Van Gerven<\/strong>.<\/p>\n<p>Beide koren worden muzikaal ondersteund door kamerorkest Musica Eyckensis.<br \/>De muzikale leiding is in handen van Hans Heykers en Jeroen Beckers.<\/p>\n<p>[\/et_pb_text][\/et_pb_column][\/et_pb_row][et_pb_row column_structure=&#8221;1_4,3_4&#8243; module_id=&#8221;oudekerkhofmuur&#8221; _builder_version=&#8221;4.27.4&#8243; _module_preset=&#8221;default&#8221; custom_padding=&#8221;50px|||||&#8221; global_colors_info=&#8221;{}&#8221;][et_pb_column type=&#8221;1_4&#8243; _builder_version=&#8221;4.16&#8243; _module_preset=&#8221;default&#8221; global_colors_info=&#8221;{}&#8221;][\/et_pb_column][et_pb_column type=&#8221;3_4&#8243; _builder_version=&#8221;4.16&#8243; _module_preset=&#8221;default&#8221; global_colors_info=&#8221;{}&#8221;][et_pb_text admin_label=&#8221;Omschrijving Concert&#8221; _builder_version=&#8221;4.27.4&#8243; _module_preset=&#8221;16a54059-cc81-4572-9c70-eda6a6c419bf&#8221; text_font=&#8221;||||||||&#8221; text_text_color=&#8221;#000000&#8243; text_font_size=&#8221;16px&#8221; text_line_height=&#8221;2em&#8221; link_text_color=&#8221;#007E37&#8243; header_2_text_color=&#8221;#515845&#8243; text_font_size_tablet=&#8221;15px&#8221; text_font_size_phone=&#8221;14px&#8221; text_font_size_last_edited=&#8221;on|phone&#8221; global_colors_info=&#8221;{}&#8221;]<\/p>\n<h3><strong>Concert &#8216;Van stilte naar licht&#8217;<\/strong><\/h3>\n<h4><em>Muzikale reflecties over rouw, vrede en eeuwigheid<\/em><\/h4>\n<p>&nbsp;<\/p>\n<p>Vier componisten nemen u mee op een muzikale reis van verstilling naar licht:<\/p>\n<ul>\n<li>Peter Cornelius\u2019 Requiem: \u201cSeele, vergiss sie nicht\u201d opent met een po\u00ebtisch gebed van herinnering en liefde.<\/li>\n<li>Herbert Howells\u2019 Take Him, Earth, for Cherishing vertolkt rouw en troost in een warme Engelse klanktaal.<\/li>\n<li>Knut Nystedts Immortal Bach laat de tijd oplossen in pure adem en rust.<\/li>\n<li>En als stralend slot klinkt Morten Lauridsens Lux Aeterna voor koor en orkest \u2013 een lofzang op het eeuwige licht dat troost en vrede schenkt.<\/li>\n<\/ul>\n<p>Van stilte naar licht \u2013 vier stemmen uit vier eeuwen, met \u00e9\u00e9n boodschap: dat vrede begint in stilte, en voltooid wordt in licht.<\/p>\n<p>[\/et_pb_text][et_pb_button button_url=&#8221;https:\/\/shop.stamhoofd.be\/concerten-80-jaar-vrede\/&#8221; url_new_window=&#8221;on&#8221; button_text=&#8221;Koop een ticket&#8221; button_alignment=&#8221;left&#8221; _builder_version=&#8221;4.27.4&#8243; _module_preset=&#8221;default&#8221; custom_button=&#8221;on&#8221; button_text_size=&#8221;14px&#8221; button_text_color=&#8221;#BCA274&#8243; button_bg_color=&#8221;RGBA(0,0,0,0)&#8221; button_border_radius=&#8221;0px&#8221; button_letter_spacing=&#8221;3px&#8221; button_font=&#8221;|700||on|||||&#8221; background_layout=&#8221;dark&#8221; custom_padding=&#8221;14px|30px|14px|30px|true|true&#8221; box_shadow_style=&#8221;preset2&#8243; global_colors_info=&#8221;{}&#8221; button_text_color__hover=&#8221;#FFFFFF&#8221; button_text_color__hover_enabled=&#8221;on|hover&#8221; button_bg_color__hover=&#8221;#BCA274&#8243; button_bg_color__hover_enabled=&#8221;on|hover&#8221; button_border_color__hover=&#8221;RGBA(0,0,0,0)&#8221; button_border_color__hover_enabled=&#8221;on|desktop&#8221;][\/et_pb_button][\/et_pb_column][\/et_pb_row][et_pb_row column_structure=&#8221;1_4,3_4&#8243; module_id=&#8221;oudekerkhofmuur&#8221; _builder_version=&#8221;4.27.4&#8243; _module_preset=&#8221;default&#8221; custom_padding=&#8221;50px|||||&#8221; global_colors_info=&#8221;{}&#8221;][et_pb_column type=&#8221;1_4&#8243; _builder_version=&#8221;4.16&#8243; _module_preset=&#8221;default&#8221; global_colors_info=&#8221;{}&#8221;][et_pb_image src=&#8221;https:\/\/fotofestivalpelt.be\/wp-content\/uploads\/2025\/11\/80-Jaar-Vrede_Affiche_1.png&#8221; alt=&#8221;80 Jaar Vrede | Affiche&#8221; title_text=&#8221;80 Jaar Vrede | Affiche&#8221; url=&#8221;https:\/\/fotofestivalpelt.be\/wp-content\/uploads\/2025\/11\/80-Jaar-Vrede_Affiche_1.png&#8221; url_new_window=&#8221;on&#8221; admin_label=&#8221;Afbeelding affiche 1&#8243; _builder_version=&#8221;4.27.4&#8243; _module_preset=&#8221;default&#8221; box_shadow_style=&#8221;preset2&#8243; global_colors_info=&#8221;{}&#8221;][\/et_pb_image][\/et_pb_column][et_pb_column type=&#8221;3_4&#8243; _builder_version=&#8221;4.16&#8243; _module_preset=&#8221;default&#8221; global_colors_info=&#8221;{}&#8221;][et_pb_text admin_label=&#8221;Omschrijving tentoonstelling Carine&#8221; _builder_version=&#8221;4.27.4&#8243; _module_preset=&#8221;16a54059-cc81-4572-9c70-eda6a6c419bf&#8221; text_font=&#8221;||||||||&#8221; text_text_color=&#8221;#000000&#8243; text_font_size=&#8221;16px&#8221; text_line_height=&#8221;2em&#8221; link_text_color=&#8221;#007E37&#8243; header_2_text_color=&#8221;#515845&#8243; text_font_size_tablet=&#8221;15px&#8221; text_font_size_phone=&#8221;14px&#8221; text_font_size_last_edited=&#8221;on|phone&#8221; global_colors_info=&#8221;{}&#8221;]<\/p>\n<h3><strong>Fototentoonstelling &#8216;Oorlog en Vrede&#8217;<\/strong><\/h3>\n<h4><strong>Carine Van Gerven<\/strong><\/h4>\n<p>&nbsp;<\/p>\n<p>Voorafgaand en aansluitend op het concert kunt u gratis de nieuwe tentoonstelling van kunstfotografe Carine Van Gerven bezoeken.<\/p>\n<p>Haar reeks Oorlog en Vrede werd speciaal gecre\u00eberd voor deze gelegenheid en ademt de geest van herdenking en hoop.<\/p>\n<p><em>\u201cDe beelden van Carine Van Gerven ademen de sfeer van vroegere tijden, maar raken ons midden in het heden. Met een po\u00ebtische en tegelijk kritische blik houdt zij ons een spiegel voor. Haar werk nodigt uit om stil te staan, te kijken en vragen te stellen bij wat er rondom ons gebeurt.\u201d<\/em><\/p>\n<p>Zeven stillevens op witte sokkels \u2013 elk met een eigen kleur \u2013 vormen samen een harmonie van symbolen, waarin fragiliteit en schoonheid hand in hand gaan.<br \/>De twee centrale beelden, Oorlog en Vrede, tonen een moeder met haar kind: universele symbolen van zorg, kwetsbaarheid en hoop.<br \/>Zoals in de muziek van Howells, Cornelius, Nystedt en Lauridsen, vloeien ook in Van Gervens werk klank, licht en emotie samen tot een diep menselijke boodschap.<\/p>\n<p><strong>Gratis te bezichtigen<\/strong> \u2013 \u00e9\u00e9n uur voor en \u00e9\u00e9n uur na de concerten.<\/p>\n<p>&nbsp;<\/p>\n<p>[\/et_pb_text][\/et_pb_column][\/et_pb_row][et_pb_row column_structure=&#8221;1_4,3_4&#8243; module_id=&#8221;oudekerkhofmuur&#8221; _builder_version=&#8221;4.27.4&#8243; _module_preset=&#8221;default&#8221; custom_padding=&#8221;0px|||||&#8221; global_colors_info=&#8221;{}&#8221;][et_pb_column type=&#8221;1_4&#8243; _builder_version=&#8221;4.16&#8243; _module_preset=&#8221;default&#8221; global_colors_info=&#8221;{}&#8221;][et_pb_image src=&#8221;https:\/\/fotofestivalpelt.be\/wp-content\/uploads\/2023\/05\/Carine-Van-Gerven2_400px.jpg&#8221; alt=&#8221;Carine Van Gerven&#8221; title_text=&#8221;Carine Van Gerven&#8221; admin_label=&#8221;Afbeelding Carine&#8221; _builder_version=&#8221;4.27.4&#8243; _module_preset=&#8221;default&#8221; border_radii=&#8221;on|5px|5px|5px|5px&#8221; box_shadow_style=&#8221;preset2&#8243; global_colors_info=&#8221;{}&#8221;][\/et_pb_image][\/et_pb_column][et_pb_column type=&#8221;3_4&#8243; _builder_version=&#8221;4.16&#8243; _module_preset=&#8221;default&#8221; global_colors_info=&#8221;{}&#8221;][et_pb_text admin_label=&#8221;Omschrijving Carine&#8221; _builder_version=&#8221;4.27.4&#8243; _module_preset=&#8221;16a54059-cc81-4572-9c70-eda6a6c419bf&#8221; text_font=&#8221;||||||||&#8221; text_text_color=&#8221;#000000&#8243; text_font_size=&#8221;16px&#8221; text_line_height=&#8221;2em&#8221; link_text_color=&#8221;#007E37&#8243; header_2_text_color=&#8221;#515845&#8243; text_font_size_tablet=&#8221;15px&#8221; text_font_size_phone=&#8221;14px&#8221; text_font_size_last_edited=&#8221;on|phone&#8221; global_colors_info=&#8221;{}&#8221;]<\/p>\n<h3><strong>Over de kunstenares<\/strong><\/h3>\n<p><strong><\/strong><\/p>\n<p><strong>Carine Van Gerven (\u00b01966, Neerpelt)<\/strong> is een Belgische kunstfotografe en beeldend kunstenaar.<\/p>\n<p>Na een opleiding monumentale schilderkunst in Hasselt ontwikkelde ze fotografie als haar belangrijkste expressiemiddel, waarin ze hedendaagse thema\u2019s met een historische en symbolische blik benadert.<\/p>\n<p>Haar werk werd internationaal bekroond met onder andere het Europese kwaliteitslabel Qualified European Photographer (QEP) en eervolle vermeldingen bij de PX3 (Parijs), de Sienna Creative Awards en de London International Creative Competition.<\/p>\n<p>Ze is oprichtster en artistiek leider van het internationale fotofestival <strong>Lens op de Mens<\/strong> in Pelt.<\/p>\n<p>Meer over haar werk: <a href=\"https:\/\/www.carinevangerven.be\" target=\"_blank\" rel=\"noopener\">www.carinevangerven.be<\/a><\/p>\n<p>&nbsp;<\/p>\n<p><span id=\"x_isPasted\" data-olk-copy-source=\"MessageBody\">Met steun van\u00a0<\/span><strong>Interreg Maas-Rijn<\/strong>\u00a0en\u00a0<strong>Euregio Maas-Rijn<\/strong>.<\/p>\n<p>[\/et_pb_text][\/et_pb_column][\/et_pb_row][et_pb_row disabled_on=&#8221;off|off|off&#8221; _builder_version=&#8221;4.27.4&#8243; _module_preset=&#8221;default&#8221; global_colors_info=&#8221;{}&#8221;][et_pb_column type=&#8221;4_4&#8243; _builder_version=&#8221;4.27.4&#8243; _module_preset=&#8221;default&#8221; global_colors_info=&#8221;{}&#8221;][et_pb_image src=&#8221;https:\/\/fotofestivalpelt.be\/wp-content\/uploads\/2025\/10\/Logos_Expo-Concert.png&#8221; alt=&#8221;Logo Lens op de Mens&#8221; title_text=&#8221;Logos_Expo-Concert&#8221; url_new_window=&#8221;on&#8221; admin_label=&#8221;logo&#8217;s&#8221; _builder_version=&#8221;4.27.4&#8243; _module_preset=&#8221;default&#8221; border_radii=&#8221;on|5px|5px|5px|5px&#8221; box_shadow_style=&#8221;preset2&#8243; global_colors_info=&#8221;{}&#8221;][\/et_pb_image][\/et_pb_column][\/et_pb_row][\/et_pb_section]<\/p>\n","protected":false},"excerpt":{"rendered":"<p>Expo &amp; Concert80 Jaar VredeCarine Van Gerven80 Jaar Vrede80 Jaar Vrede | Concert en Expo Sint-ChristoffelkathedraalGrote Kerkstraat 2, 6041 CR Roermond, Nederland O.L.V. van FatimakerkWeg naar As 190, 3600 Genk (Bret-Gelieren), Belgi\u00eb Concerten:Sint-Christoffelkathedraal Roermond: 22 november 2025 om 20.00 uO.L.V. van Fatimakerk Genk: 23 november 2025 om 16.00 u Tickets voor een concert kosten 15 [&hellip;]<\/p>\n","protected":false},"author":2,"featured_media":0,"parent":0,"menu_order":0,"comment_status":"closed","ping_status":"closed","template":"","meta":{"_et_pb_use_builder":"on","_et_pb_old_content":"","_et_gb_content_width":"","footnotes":""},"class_list":["post-29851","page","type-page","status-publish","hentry"],"_links":{"self":[{"href":"https:\/\/fotofestivalpelt.be\/nl\/wp-json\/wp\/v2\/pages\/29851","targetHints":{"allow":["GET"]}}],"collection":[{"href":"https:\/\/fotofestivalpelt.be\/nl\/wp-json\/wp\/v2\/pages"}],"about":[{"href":"https:\/\/fotofestivalpelt.be\/nl\/wp-json\/wp\/v2\/types\/page"}],"author":[{"embeddable":true,"href":"https:\/\/fotofestivalpelt.be\/nl\/wp-json\/wp\/v2\/users\/2"}],"replies":[{"embeddable":true,"href":"https:\/\/fotofestivalpelt.be\/nl\/wp-json\/wp\/v2\/comments?post=29851"}],"version-history":[{"count":30,"href":"https:\/\/fotofestivalpelt.be\/nl\/wp-json\/wp\/v2\/pages\/29851\/revisions"}],"predecessor-version":[{"id":30065,"href":"https:\/\/fotofestivalpelt.be\/nl\/wp-json\/wp\/v2\/pages\/29851\/revisions\/30065"}],"wp:attachment":[{"href":"https:\/\/fotofestivalpelt.be\/nl\/wp-json\/wp\/v2\/media?parent=29851"}],"curies":[{"name":"wp","href":"https:\/\/api.w.org\/{rel}","templated":true}]}}