{"id":646,"date":"2019-03-09T19:42:34","date_gmt":"2019-03-09T19:42:34","guid":{"rendered":"https:\/\/fotofestivalpelt.be\/?page_id=646"},"modified":"2019-03-25T19:05:10","modified_gmt":"2019-03-25T19:05:10","slug":"gasttentoonstellingen-2017","status":"publish","type":"page","link":"https:\/\/fotofestivalpelt.be\/nl\/gasttentoonstellingen-2017\/","title":{"rendered":"GASTTENTOONSTELLINGEN 2017"},"content":{"rendered":"<p>[et_pb_section fb_built=&#8221;1&#8243; fullwidth=&#8221;on&#8221; admin_label=&#8221;Hero Section&#8221; _builder_version=&#8221;3.20.1&#8243; background_image=&#8221;https:\/\/fotofestivalpelt.be\/wp-content\/uploads\/2019\/03\/JohanBrouwers_PelleMelle_1_resize.jpg&#8221; parallax=&#8221;on&#8221; custom_padding=&#8221;0|0px|0|0px|false|false&#8221;][et_pb_fullwidth_header title=&#8221;Gasttentoonstellingen 2017&#8243; text_orientation=&#8221;center&#8221; header_fullscreen=&#8221;on&#8221; background_overlay_color=&#8221;rgba(0,0,0,0.5)&#8221; title_font_color=&#8221;#ffffff&#8221; subhead_font_color=&#8221;#ffffff&#8221; _builder_version=&#8221;3.20.1&#8243; title_level=&#8221;h2&#8243; title_font=&#8221;Montserrat|600|||||||&#8221; title_text_align=&#8221;center&#8221; title_text_color=&#8221;#f19413&#8243; title_font_size=&#8221;60px&#8221; title_font_size_tablet=&#8221;50px&#8221; title_font_size_phone=&#8221;22px&#8221; title_font_size_last_edited=&#8221;on|desktop&#8221; title_letter_spacing=&#8221;2px&#8221; content_font=&#8221;||||||||&#8221; subhead_font=&#8221;Open Sans||||||||&#8221; subhead_text_align=&#8221;center&#8221; subhead_text_color=&#8221;#ffffff&#8221; subhead_font_size=&#8221;34px&#8221; subhead_font_size_last_edited=&#8221;on|desktop&#8221; subhead_line_height=&#8221;1.6em&#8221; background_color=&#8221;rgba(255,255,255,0)&#8221; custom_button_one=&#8221;on&#8221; button_one_text_size=&#8221;14px&#8221; button_one_text_color=&#8221;#ffffff&#8221; button_one_bg_color=&#8221;#0099e5&#8243; button_one_border_width=&#8221;12px&#8221; button_one_border_color=&#8221;#0099e5&#8243; button_one_border_radius=&#8221;0px&#8221; button_one_letter_spacing=&#8221;2px&#8221; button_one_font=&#8221;Nunito|700||on|||||&#8221; button_one_use_icon=&#8221;off&#8221; animation_style=&#8221;fade&#8221; button_one_text_color_hover=&#8221;#ffffff&#8221; button_one_border_color_hover=&#8221;#0099e5&#8243; button_one_border_radius_hover=&#8221;0px&#8221; button_one_letter_spacing_hover=&#8221;2px&#8221; button_one_bg_color_hover=&#8221;#0099e5&#8243; button_one_text_size__hover_enabled=&#8221;off&#8221; button_two_text_size__hover_enabled=&#8221;off&#8221; button_one_text_color__hover_enabled=&#8221;on&#8221; button_one_text_color__hover=&#8221;#ffffff&#8221; button_two_text_color__hover_enabled=&#8221;off&#8221; button_one_border_width__hover_enabled=&#8221;off&#8221; button_two_border_width__hover_enabled=&#8221;off&#8221; button_one_border_color__hover_enabled=&#8221;on&#8221; button_one_border_color__hover=&#8221;#0099e5&#8243; button_two_border_color__hover_enabled=&#8221;off&#8221; button_one_border_radius__hover_enabled=&#8221;on&#8221; button_one_border_radius__hover=&#8221;0px&#8221; button_two_border_radius__hover_enabled=&#8221;off&#8221; button_one_letter_spacing__hover_enabled=&#8221;on&#8221; button_one_letter_spacing__hover=&#8221;2px&#8221; button_two_letter_spacing__hover_enabled=&#8221;off&#8221; button_one_bg_color__hover_enabled=&#8221;on&#8221; button_one_bg_color__hover=&#8221;#0099e5&#8243; button_two_bg_color__hover_enabled=&#8221;off&#8221; title_text_color__hover_enabled=&#8221;on&#8221;]<\/p>\n<h3>\u00a0<\/h3>\n<h2 class=\"font_7\" style=\"text-align: center;\"><strong>CC Palethe\u200b<\/strong><\/h2>\n<h2 class=\"font_7\" style=\"text-align: center;\"><strong>Dienstencentrum Pelle Melle en rusthuis Immaculata<\/strong><\/h2>\n<h2 class=\"font_7\" style=\"text-align: center;\"><strong>Zwembad Dommelslag<\/strong><\/h2>\n<h2 class=\"font_7\" style=\"text-align: center;\"><strong>Mariaziekenhuis<\/strong><\/h2>\n<p>[\/et_pb_fullwidth_header][\/et_pb_section][et_pb_section fb_built=&#8221;1&#8243; admin_label=&#8221;Feature Section&#8221; _builder_version=&#8221;3.0.90&#8243; custom_padding=&#8221;0px||0px|&#8221; locked=&#8221;off&#8221;][et_pb_row make_fullwidth=&#8221;on&#8221; use_custom_gutter=&#8221;on&#8221; gutter_width=&#8221;1&#8243; custom_padding=&#8221;0px||0px|&#8221; make_equal=&#8221;on&#8221; background_color_1=&#8221;#000000&#8243; background_color_2=&#8221;#000000&#8243; bg_img_3=&#8221;https:\/\/fotofestivalpelt.be\/wp-content\/uploads\/2019\/02\/bakery-16.jpg&#8221; bg_img_4=&#8221;https:\/\/fotofestivalpelt.be\/wp-content\/uploads\/2019\/02\/person-04.jpg&#8221; padding_left_right_link_1=&#8221;false&#8221; padding_left_right_link_2=&#8221;true&#8221; use_background_color_gradient_1=&#8221;off&#8221; use_background_color_gradient_2=&#8221;on&#8221; use_background_color_gradient_3=&#8221;on&#8221; use_background_color_gradient_4=&#8221;on&#8221; background_color_gradient_start_1=&#8221;rgba(0,0,0,0)&#8221; background_color_gradient_start_2=&#8221;rgba(0,0,0,0)&#8221; background_color_gradient_start_3=&#8221;rgba(0,0,0,0)&#8221; background_color_gradient_start_4=&#8221;rgba(0,0,0,0)&#8221; background_color_gradient_end_1=&#8221;rgba(0,0,0,0.9)&#8221; background_color_gradient_end_2=&#8221;rgba(0,0,0,0.9)&#8221; background_color_gradient_end_3=&#8221;rgba(0,0,0,0.9)&#8221; background_color_gradient_end_4=&#8221;rgba(0,0,0,0.9)&#8221; background_color_gradient_start_position_1=&#8221;20%&#8221; background_color_gradient_start_position_2=&#8221;83%&#8221; background_color_gradient_start_position_3=&#8221;20%&#8221; background_color_gradient_start_position_4=&#8221;20%&#8221; background_color_gradient_end_position_2=&#8221;100%&#8221; background_color_gradient_overlays_image_1=&#8221;on&#8221; background_color_gradient_overlays_image_2=&#8221;on&#8221; background_color_gradient_overlays_image_3=&#8221;on&#8221; background_color_gradient_overlays_image_4=&#8221;on&#8221; padding_top_1=&#8221;60px&#8221; padding_top_2=&#8221;20px&#8221; padding_top_3=&#8221;400px&#8221; padding_top_4=&#8221;400px&#8221; padding_right_1=&#8221;80px&#8221; padding_right_2=&#8221;20px&#8221; padding_right_3=&#8221;40px&#8221; padding_right_4=&#8221;40px&#8221; padding_bottom_1=&#8221;20px&#8221; padding_bottom_2=&#8221;0px&#8221; padding_bottom_3=&#8221;40px&#8221; padding_bottom_4=&#8221;40px&#8221; padding_left_1=&#8221;100px&#8221; padding_left_2=&#8221;20px&#8221; padding_left_3=&#8221;40px&#8221; padding_left_4=&#8221;40px&#8221; padding_1_phone=&#8221;5px|10px|5px|10px|false|true&#8221; padding_2_phone=&#8221;5px|5px|5px|5px|true|true&#8221; padding_1_last_edited=&#8221;on|phone&#8221; padding_2_last_edited=&#8221;on|phone&#8221; admin_label=&#8221;Foto oude dame&#8221; _builder_version=&#8221;3.20.1&#8243;][et_pb_column type=&#8221;3_5&#8243; _builder_version=&#8221;3.0.47&#8243;][et_pb_text admin_label=&#8221;Palethe&#8221; _builder_version=&#8221;3.20.1&#8243; text_font=&#8221;Montserrat||||||||&#8221; text_text_color=&#8221;#ffffff&#8221; text_font_size=&#8221;16px&#8221; header_font=&#8221;||||||||&#8221; header_3_font=&#8221;||||||||&#8221; header_3_text_color=&#8221;#f19413&#8243; header_4_font=&#8221;||||||||&#8221; header_4_text_color=&#8221;#0098af&#8221;]<\/p>\n<h3 class=\"font_7\">CC Palethe<\/h3>\n<h4>\u00a0<\/h4>\n<h4 class=\"font_8\"><strong><a>Patrick Bardyn<\/a><\/strong><\/h4>\n<p class=\"font_8\">In CC Palethe stelt Patrick Bardyn, straatfotograaf en leraar uit Oudenaken u zijn reeks Inside Out voor. In deze reeks gaat hij vooral op zoek naar de interactie tussen binnen en buiten, tussen licht en donker.<\/p>\n<p class=\"font_8\">Wat mij vooral boeit in de fotografie is het in een fractie van een seconde vastleggen van het magische moment waarop door een samenloop van omstandigheden mensen, gebouwen, straten, pleinen, licht, schaduw, vorm en beweging opeens een boeiend geheel vormen. Dit wekt emoties op die in eerste instantie door de lens in het visuele geheugen worden opgenomen maar waarvan uiteindelijk een persoonlijk beeld wordt gemaakt dat men met anderen kan delen.<\/p>\n<p class=\"font_8\">In het dagelijkse leven van de straat worden onbekende mensen de onbewuste acteurs van een boeiend schouwspel. De subjectieve keuze ligt aan de bron van een persoonlijke kijk op de samenleving. Nooit zal de magie van het vluchtige moment in de werkelijkheid terugkeren maar de beeldtaal zal de door het gebeuren opgewekte gevoelens eeuwig blijven vertalen. Daarin bestaat het wonder van de fotografie.<\/p>\n<p class=\"font_8\">De manier waarop het beeld tot stand komt heeft voor mij weinig belang. Alle technieken en gebruikte materialen hebben slechts als doel de opgewekte emotie bij het vastleggen van een geprivilegieerd moment voor eeuwig te bewaren.<\/p>\n<p class=\"font_8\">Patrick Bardyn stelde in talrijke gallerijen en musea tentoon. In 2009 en 2010 won hij de bronzen lens op het fotofestival in Knokke.<\/p>\n<p>&nbsp;<\/p>\n<h4><strong>Fotografisch kunstco\u00f6peratief f-8<\/strong><\/h4>\n<p>f-8 is een groep fotografen die zich verenigt rond kunstfotografie.<\/p>\n<p class=\"font_8\">Steven Colin \u00a0(Schiplaken) &#8211; Bert Daenen \u00a0(Tongeren) &#8211; Kristel Nijskens (Boom) &#8211; Caroline Tanghe (Vichte) \u00a0&#8211; Geert Vanden Broeck (Denderleeuw) &#8211; Patrick Verbessem (Lier)<\/p>\n<p class=\"font_8\">Elk van de leden is professioneel fotograaf die naast zijn of haar opdrachten ook eigen werken maakt. Het resultaat is een f-8 portfolio met uiteenlopende werken. Dit gaat van abstract tot zeer concreet, van groen naar grauw, van New York tot Mechelen. In het overzicht ontdekt de kijker verschillende stijlen en technieken.<\/p>\n<p class=\"font_8\">De werken worden op zeer diverse plaatsen en tijdstippen tentoongesteld.<br \/>Een greep uit de tentoonstellingen:<\/p>\n<ul class=\"font_8\">\n<li>\n<p class=\"font_8\">2015 de Nylonfabriek Sint-Niklaas (overzichtstentoonstelling)<\/p>\n<\/li>\n<li>\n<p class=\"font_8\">2015 tot 2016 Brussels Airlines business lounges\u00a0 (Roterende tentoonstelling tussen de 3 lounges)<\/p>\n<\/li>\n<li>\n<p class=\"font_8\">2016 de oude vismijn Gent<\/p>\n<\/li>\n<li>\n<p class=\"font_8\">2016 tot nu Interieurkabinet Mechelen<\/p>\n<\/li>\n<li>\n<p class=\"font_8\">2016 tot nu DomoXim Sterrebeek en Boortmeerbeek<\/p>\n<\/li>\n<li>\n<p class=\"font_8\">2016 tot 2017 Creativity @ Work Grimbergen<\/p>\n<\/li>\n<\/ul>\n<p class=\"font_8\">Voor het fotofestival \u2018lens op de mens\u2019 gingen de f-8 leden aan de slag rond het thema: mens.<br \/>Wat u te zien krijgt is een diverse aanpak van de mens in beeld.<\/p>\n<p>&nbsp;<\/p>\n<p>[\/et_pb_text][et_pb_text admin_label=&#8221;Pelle Melle&#8221; _builder_version=&#8221;3.20.1&#8243; text_font=&#8221;Montserrat||||||||&#8221; text_text_color=&#8221;#ffffff&#8221; text_font_size=&#8221;16px&#8221; header_font=&#8221;||||||||&#8221; header_3_font=&#8221;||||||||&#8221; header_3_text_color=&#8221;#f19413&#8243; header_4_font=&#8221;||||||||&#8221; header_4_text_color=&#8221;#0098af&#8221;]<\/p>\n<h3 class=\"font_7\">Dienstencentrum Pelle Melle en rusthuis Immaculata<\/h3>\n<h4>\u00a0<\/h4>\n<h4 class=\"font_7\"><strong>De jury<\/strong><\/h4>\n<p>Johan Brouwers, voorzitter<br \/>Andy Hens<br \/>Malou Swinnen<br \/>Rob Walbers<\/p>\n<h4>\u00a0<\/h4>\n<h4 class=\"font_8\"><strong><a>Arianne Cl\u00e9ment<\/a><\/strong><\/h4>\n<p class=\"font_8\">In het rusthuis Immaculata tonen we de beelden van de Canadese fotografe Arianne Cl\u00e9ment. Arianne toont de schoonheid van de vergankelijkheid. In haar reportage waar ze 100 jarige dames fotografeerde terwijl ze bezig zijn met hun uiterlijk doet ons stilstaan en nadenken.<\/p>\n<p class=\"font_8\">Arianne Cl\u00e9ment is afkomstig van het Canadese Quebec, waar ze onder andere docent fotografie en talen is.\u00a0Als journaliste maakte zij talloze foto- en videoreportages over de hele wereld.<\/p>\n<p class=\"font_8\">Zij is tevens vrijwilliger in een vluchtelingenkamp in Brazili\u00eb.<\/p>\n<p>&nbsp;<\/p>\n<p>[\/et_pb_text][et_pb_text admin_label=&#8221;Dommelslag&#8221; _builder_version=&#8221;3.20.1&#8243; text_font=&#8221;Montserrat||||||||&#8221; text_text_color=&#8221;#ffffff&#8221; text_font_size=&#8221;16px&#8221; header_font=&#8221;||||||||&#8221; header_3_font=&#8221;||||||||&#8221; header_3_text_color=&#8221;#f19413&#8243; header_4_font=&#8221;||||||||&#8221; header_4_text_color=&#8221;#0098af&#8221;]<\/p>\n<h3 class=\"font_7\">Zwembad Dommelslag<\/h3>\n<h4>\u00a0<\/h4>\n<h4 class=\"font_8\"><strong><a>Guy Schotte<\/a><\/strong><\/h4>\n<p class=\"font_8\">Guy Schotte is afkomstig uit de regio rond Antwerpen maar volgde de liefde op 25-jarige leeftijd naar Braine-le-Comte. Sinds zijn jeugd was hij gefascineerd door de fotografie maar koos desondanks voor een opleiding Farmacie, een sector waarin hij 25 jaar werkzaam zou blijven. In 2010 besloot hij om zijn passie om te vormen naar zijn beroep.<\/p>\n<p class=\"font_8\">Zijn interesse in onderwaterfotografie werd gewekt toen\u00a0hij 20 jaar geleden in\u00a0warmere oceanen begon te duiken. Nog steeds kijkt hij geboeid naar het spel van natuurlijke reflectie van licht op het wateroppervlak. In zijn po\u00ebtische werken combineert hij het lichtspel met kleur en de schoonheid van een vrouwelijk model.<\/p>\n<p class=\"font_8\">De zoektocht naar de nieuwste technieken, stopt nooit.<\/p>\n<p class=\"font_8\">In 2016 behaalde hij het QEP-label dat een Europese erkenning is voor de kwaliteit van zijn onderwaterfotografie.<\/p>\n<p>&nbsp;<\/p>\n<p>[\/et_pb_text][et_pb_text admin_label=&#8221;Ziekenhuis&#8221; _builder_version=&#8221;3.20.1&#8243; text_font=&#8221;Montserrat||||||||&#8221; text_text_color=&#8221;#ffffff&#8221; text_font_size=&#8221;16px&#8221; header_font=&#8221;||||||||&#8221; header_3_font=&#8221;||||||||&#8221; header_3_text_color=&#8221;#f19413&#8243; header_4_font=&#8221;||||||||&#8221; header_4_text_color=&#8221;#0098af&#8221;]<\/p>\n<h3 class=\"font_7\">Mariaziekenhuis<\/h3>\n<h4>\u00a0<\/h4>\n<h4 class=\"font_8\"><strong>Jos Verhoogen<\/strong><\/h4>\n<p class=\"font_8\">In de inkomhal van het Mariaziekenhuis staat het werk van Jos Verhoogen (Erps-Kwerps) centraal. Jos startte als beroepsfotograaf bij het Nieuwsblad. Wat later stonden zijn foto&#8217;s in De Morgen en in De Standaard. Na verschillende besparingsrondes bij de kranten stapte hij over naar het weekblad Libelle en begon hij les te geven bij Thomas More in Mechelen. In zijn carri\u00e8re als fotograaf was er \u00e9\u00e9n constante: zwangerschaps- en geboortefotografie.<\/p>\n<p class=\"font_8\">Reeds meer dan 30 jaar fotografeert Jos het magische moment van een geboorte. De beelden tonen de emoties van dit bijzondere moment. Reeds vele malen werden zijn geboortefoto\u2019s bekroond op internationale wedstrijden.<\/p>\n<p>&nbsp;<\/p>\n<p>[\/et_pb_text][\/et_pb_column][et_pb_column type=&#8221;2_5&#8243; _builder_version=&#8221;3.0.47&#8243;][et_pb_image src=&#8221;https:\/\/fotofestivalpelt.be\/wp-content\/uploads\/2019\/03\/2017_Patrick-Bardyn_3.jpg&#8221; align=&#8221;center&#8221; admin_label=&#8221;Bardyn&#8221; _builder_version=&#8221;3.20.1&#8243; custom_margin=&#8221;20px||20px||true&#8221;][\/et_pb_image][et_pb_image src=&#8221;https:\/\/fotofestivalpelt.be\/wp-content\/uploads\/2019\/03\/2017_Palethe_F8_1.jpg&#8221; align=&#8221;center&#8221; admin_label=&#8221;F8&#8243; _builder_version=&#8221;3.20.1&#8243; custom_margin=&#8221;20px||20px||true&#8221;][\/et_pb_image][et_pb_image src=&#8221;https:\/\/fotofestivalpelt.be\/wp-content\/uploads\/2019\/03\/RobWalbers_PelleMelle_1_resize.jpg&#8221; align=&#8221;center&#8221; admin_label=&#8221;Walbers&#8221; _builder_version=&#8221;3.20.1&#8243; custom_margin=&#8221;20px||20px||true&#8221;][\/et_pb_image][et_pb_image src=&#8221;https:\/\/fotofestivalpelt.be\/wp-content\/uploads\/2019\/03\/2017_Zwembad_09.jpg&#8221; align=&#8221;center&#8221; admin_label=&#8221;Schotte&#8221; _builder_version=&#8221;3.20.1&#8243; custom_margin=&#8221;20px||20px||true&#8221;][\/et_pb_image][et_pb_image src=&#8221;https:\/\/fotofestivalpelt.be\/wp-content\/uploads\/2019\/03\/2017_Ziekenhuis_01-e1552167659516.jpg&#8221; align=&#8221;center&#8221; admin_label=&#8221;Verhoogen&#8221; _builder_version=&#8221;3.20.1&#8243; custom_margin=&#8221;20px||20px||true&#8221;][\/et_pb_image][\/et_pb_column][\/et_pb_row][\/et_pb_section]<\/p>\n","protected":false},"excerpt":{"rendered":"<p>\u00a0 CC Palethe\u200b Dienstencentrum Pelle Melle en rusthuis Immaculata Zwembad Dommelslag MariaziekenhuisCC Palethe \u00a0 Patrick Bardyn In CC Palethe stelt Patrick Bardyn, straatfotograaf en leraar uit Oudenaken u zijn reeks Inside Out voor. In deze reeks gaat hij vooral op zoek naar de interactie tussen binnen en buiten, tussen licht en donker. Wat mij vooral [&hellip;]<\/p>\n","protected":false},"author":2,"featured_media":0,"parent":0,"menu_order":0,"comment_status":"closed","ping_status":"closed","template":"","meta":{"_et_pb_use_builder":"on","_et_pb_old_content":"","_et_gb_content_width":"","footnotes":""},"class_list":["post-646","page","type-page","status-publish","hentry"],"_links":{"self":[{"href":"https:\/\/fotofestivalpelt.be\/nl\/wp-json\/wp\/v2\/pages\/646","targetHints":{"allow":["GET"]}}],"collection":[{"href":"https:\/\/fotofestivalpelt.be\/nl\/wp-json\/wp\/v2\/pages"}],"about":[{"href":"https:\/\/fotofestivalpelt.be\/nl\/wp-json\/wp\/v2\/types\/page"}],"author":[{"embeddable":true,"href":"https:\/\/fotofestivalpelt.be\/nl\/wp-json\/wp\/v2\/users\/2"}],"replies":[{"embeddable":true,"href":"https:\/\/fotofestivalpelt.be\/nl\/wp-json\/wp\/v2\/comments?post=646"}],"version-history":[{"count":43,"href":"https:\/\/fotofestivalpelt.be\/nl\/wp-json\/wp\/v2\/pages\/646\/revisions"}],"predecessor-version":[{"id":1090,"href":"https:\/\/fotofestivalpelt.be\/nl\/wp-json\/wp\/v2\/pages\/646\/revisions\/1090"}],"wp:attachment":[{"href":"https:\/\/fotofestivalpelt.be\/nl\/wp-json\/wp\/v2\/media?parent=646"}],"curies":[{"name":"wp","href":"https:\/\/api.w.org\/{rel}","templated":true}]}}