{"id":935,"date":"2019-03-23T18:41:01","date_gmt":"2019-03-23T18:41:01","guid":{"rendered":"https:\/\/fotofestivalpelt.be\/?page_id=935"},"modified":"2025-03-17T09:48:41","modified_gmt":"2025-03-17T09:48:41","slug":"hoe-het-begon","status":"publish","type":"page","link":"https:\/\/fotofestivalpelt.be\/nl\/hoe-het-begon\/","title":{"rendered":"HOE HET BEGON"},"content":{"rendered":"<p>[et_pb_section fb_built=&#8221;1&#8243; fullwidth=&#8221;on&#8221; admin_label=&#8221;Hero Section&#8221; _builder_version=&#8221;4.16&#8243; custom_padding=&#8221;0|0px|0|0px|false|false&#8221; hover_enabled=&#8221;0&#8243; global_colors_info=&#8221;{}&#8221; sticky_enabled=&#8221;0&#8243;][et_pb_fullwidth_header title=&#8221;Meer dan 1000 foto&#8217;s in het straatbeeld van PELT&#8221; subhead=&#8221;4de editie van Lens op de Mens was een groot succes&#8221; text_orientation=&#8221;center&#8221; header_fullscreen=&#8221;on&#8221; background_overlay_color=&#8221;rgba(0,0,0,0.5)&#8221; title_font_color=&#8221;#ffffff&#8221; subhead_font_color=&#8221;#ffffff&#8221; _builder_version=&#8221;4.23.4&#8243; title_font=&#8221;Nunito||||||||&#8221; title_text_color=&#8221;#ffffff&#8221; title_font_size=&#8221;80px&#8221; content_font=&#8221;||||||||&#8221; subhead_font=&#8221;Open Sans||||||||&#8221; subhead_text_color=&#8221;#ffffff&#8221; subhead_font_size=&#8221;24px&#8221; subhead_line_height=&#8221;1.6em&#8221; background_color=&#8221;rgba(255,255,255,0)&#8221; background_image=&#8221;https:\/\/fotofestivalpelt.be\/wp-content\/uploads\/2023\/06\/Kerkhofmuur_3609.jpg&#8221; custom_button_one=&#8221;on&#8221; button_one_text_size=&#8221;14px&#8221; button_one_text_color=&#8221;#ffffff&#8221; button_one_bg_color=&#8221;#0099e5&#8243; button_one_border_width=&#8221;12px&#8221; button_one_border_color=&#8221;#0099e5&#8243; button_one_border_radius=&#8221;0px&#8221; button_one_letter_spacing=&#8221;2px&#8221; button_one_font=&#8221;Nunito|700||on|||||&#8221; button_one_use_icon=&#8221;off&#8221; background_layout=&#8221;light&#8221; animation_style=&#8221;fade&#8221; hover_enabled=&#8221;0&#8243; title_font_size_tablet=&#8221;&#8221; title_font_size_phone=&#8221;48px&#8221; title_font_size_last_edited=&#8221;on|phone&#8221; subhead_font_size_tablet=&#8221;&#8221; subhead_font_size_phone=&#8221;&#8221; subhead_font_size_last_edited=&#8221;on|phone&#8221; button_one_text_color_hover=&#8221;#ffffff&#8221; button_one_border_color_hover=&#8221;#0099e5&#8243; button_one_border_radius_hover=&#8221;0px&#8221; button_one_letter_spacing_hover=&#8221;2px&#8221; button_one_bg_color_hover=&#8221;#0099e5&#8243; global_colors_info=&#8221;{}&#8221; button_one_text_size__hover_enabled=&#8221;off&#8221; button_two_text_size__hover_enabled=&#8221;off&#8221; button_one_text_color__hover_enabled=&#8221;on&#8221; button_one_text_color__hover=&#8221;#ffffff&#8221; button_two_text_color__hover_enabled=&#8221;off&#8221; button_one_border_width__hover_enabled=&#8221;off&#8221; button_two_border_width__hover_enabled=&#8221;off&#8221; button_one_border_color__hover_enabled=&#8221;on&#8221; button_one_border_color__hover=&#8221;#0099e5&#8243; button_two_border_color__hover_enabled=&#8221;off&#8221; button_one_border_radius__hover_enabled=&#8221;on&#8221; button_one_border_radius__hover=&#8221;0px&#8221; button_two_border_radius__hover_enabled=&#8221;off&#8221; button_one_letter_spacing__hover_enabled=&#8221;on&#8221; button_one_letter_spacing__hover=&#8221;2px&#8221; button_two_letter_spacing__hover_enabled=&#8221;off&#8221; button_one_bg_color__hover_enabled=&#8221;on&#8221; button_one_bg_color__hover=&#8221;#0099e5&#8243; button_two_bg_color__hover_enabled=&#8221;off&#8221; sticky_enabled=&#8221;0&#8243;][\/et_pb_fullwidth_header][\/et_pb_section][et_pb_section fb_built=&#8221;1&#8243; admin_label=&#8221;Feature Section&#8221; _builder_version=&#8221;4.16&#8243; custom_padding=&#8221;0px||0px|&#8221; locked=&#8221;off&#8221; global_colors_info=&#8221;{}&#8221;][et_pb_row column_structure=&#8221;3_5,2_5&#8243; use_custom_gutter=&#8221;on&#8221; gutter_width=&#8221;1&#8243; make_equal=&#8221;on&#8221; padding_left_right_link_1=&#8221;false&#8221; padding_left_right_link_2=&#8221;true&#8221; admin_label=&#8221;Foto by Martin Kryst\u00fdnek&#8221; module_class=&#8221; et_pb_row_fullwidth&#8221; _builder_version=&#8221;4.16&#8243; width=&#8221;100%&#8221; width_tablet=&#8221;100%&#8221; width_phone=&#8221;&#8221; width_last_edited=&#8221;on|desktop&#8221; max_width=&#8221;100%&#8221; max_width_tablet=&#8221;100%&#8221; max_width_phone=&#8221;&#8221; max_width_last_edited=&#8221;on|desktop&#8221; custom_padding=&#8221;0px||0px|&#8221; make_fullwidth=&#8221;on&#8221; global_colors_info=&#8221;{}&#8221;][et_pb_column type=&#8221;3_5&#8243; _builder_version=&#8221;4.16&#8243; background_color=&#8221;#000000&#8243; use_background_color_gradient=&#8221;on&#8221; background_color_gradient_stops=&#8221;rgba(0,0,0,0) 20%|rgba(0,0,0,0.9) 100%&#8221; background_color_gradient_overlays_image=&#8221;on&#8221; background_color_gradient_start=&#8221;rgba(0,0,0,0)&#8221; background_color_gradient_start_position=&#8221;20%&#8221; background_color_gradient_end=&#8221;rgba(0,0,0,0.9)&#8221; custom_padding=&#8221;60px|80px|20px|100px&#8221; custom_padding_tablet=&#8221;&#8221; custom_padding_phone=&#8221;5px|10px|5px|10px|false|true&#8221; custom_padding_last_edited=&#8221;on|phone&#8221; global_colors_info=&#8221;{}&#8221; custom_padding__hover=&#8221;|||&#8221;][et_pb_text admin_label=&#8221;Hoe het begon&#8221; _builder_version=&#8221;4.27.4&#8243; text_font=&#8221;Montserrat||||||||&#8221; text_text_color=&#8221;#ffffff&#8221; text_font_size=&#8221;16px&#8221; header_font=&#8221;||||||||&#8221; header_3_font=&#8221;||||||||&#8221; header_3_text_color=&#8221;#f19413&#8243; header_4_font=&#8221;||||||||&#8221; header_4_text_color=&#8221;#0098af&#8221; global_colors_info=&#8221;{}&#8221;]<\/p>\n<h3 class=\"font_7\">Hoe het begon<\/h3>\n<p class=\"font_7\"><span class=\"wixGuard\">\u200b<\/span><\/p>\n<p class=\"font_7\">De afgelopen jaren speelde fotografie een steeds belangrijkere rol binnen cultuurcentrum Palethe in Pelt. Met huisfotografen, het maandelijkse fotografiecircuit en jaarlijks meerdere tentoonstellingen rond diverse thema\u2019s bouwde Palethe al een mooie traditie op.<\/p>\n<h3>\u00a0<\/h3>\n<h3 class=\"font_8\"><span class=\"wixGuard\">\u200b<\/span>Onze inspiratiebron<\/h3>\n<p>&nbsp;<\/p>\n<p>In 2014 bezocht Carine Van Gerven als fotograaf het internationaal fotofestival L&#8217;Et\u00e9 des Portraits in Bourbon-Lancy, een klein dorpje in de Franse Bourgognestreek. Dit fotofestival dat voor het eerst georganiseerd werd in 2004 heeft sindsdien een stevige internationale reputatie opgebouwd. Meer dan 300 fotografen tonen er om de twee jaar hun portretfoto&#8217;s in de middeleeuwse straten van het dorpje. Carine was z\u00f3 onder de indruk van dit schitterende evenement dat ze dacht &#8216;Dit moet in (Over)Pelt toch ook mogelijk zijn&#8230;&#8217;<\/p>\n<p>Ondertussen is de vierde editie van Lens op de Mens van start gegaan en we zijn L&#8217;Et\u00e9 des Portraits nog steeds dankbaar voor de inspiratie die we bij hen mochten opdoen en voor alles wat we van hen geleerd hebben. We zien hen graag als een soort &#8216;zusterfestival&#8217;.<\/p>\n<p><a href=\"https:\/\/www.letedesportraits.fr\/\" target=\"_blank\" rel=\"noopener noreferrer\"><img loading=\"lazy\" decoding=\"async\" class=\"alignleft wp-image-20809 size-medium\" src=\"https:\/\/fotofestivalpelt.be\/wp-content\/uploads\/2023\/05\/EdP_2024-300x134.jpg\" alt=\"Et\u00e9 des Portraits\" width=\"300\" height=\"134\" srcset=\"https:\/\/fotofestivalpelt.be\/wp-content\/uploads\/2023\/05\/EdP_2024-300x134.jpg 300w, https:\/\/fotofestivalpelt.be\/wp-content\/uploads\/2023\/05\/EdP_2024-350x157.jpg 350w, https:\/\/fotofestivalpelt.be\/wp-content\/uploads\/2023\/05\/EdP_2024.jpg 400w\" sizes=\"(max-width: 300px) 100vw, 300px\" \/><\/a>Wij nodigen u graag uit om een kijkje te nemen op de website van L&#8217;Et\u00e9 des Portraits <a href=\"https:\/\/www.letedesportraits.fr\/\" target=\"_blank\" rel=\"noopener noreferrer\">https:\/\/www.letedesportraits.fr\/<\/a><\/p>\n<p>De 10de editie van L&#8217;Et\u00e9 des Portraits zal plaatsvinden in de zomer van 2024. Dit fotofestival richt zich uitsluitend op professionele fotografen.<\/p>\n<p>Je kan L&#8217;Et\u00e9 des Portraits ook volgen op\u00a0<a href=\"https:\/\/www.facebook.com\/groups\/26260856454\/\" target=\"_blank\" rel=\"noopener noreferrer\">https:\/\/www.facebook.com\/groups\/26260856454\/<\/a><\/p>\n<p>De drie voorbije edities van &#8216;Lens op de mens&#8217; waren een schot in de roos. Ontelbare bezoekers van heinde en verre bezochten Pelt en waren enthousiast over de kwaliteit van de tentoonstelling.<\/p>\n<p>&nbsp;<\/p>\n<p>[\/et_pb_text][et_pb_text admin_label=&#8221;Partners&#8221; _builder_version=&#8221;4.27.4&#8243; text_font=&#8221;Montserrat||||||||&#8221; text_text_color=&#8221;#ffffff&#8221; text_font_size=&#8221;16px&#8221; header_font=&#8221;||||||||&#8221; header_3_font=&#8221;||||||||&#8221; header_3_text_color=&#8221;#f19413&#8243; header_4_font=&#8221;||||||||&#8221; header_4_text_color=&#8221;#0098af&#8221; hover_enabled=&#8221;0&#8243; global_colors_info=&#8221;{}&#8221; sticky_enabled=&#8221;0&#8243;]<\/p>\n<h3 class=\"font_8\">Onze partners<\/h3>\n<p>&nbsp;<\/p>\n<p>&#8216;Lens op de Mens&#8217; verenigt <a href=\"http:\/\/www.bosland.be\" target=\"_blank\" rel=\"noopener noreferrer\">natuur<\/a> en <a href=\"https:\/\/www.gemeentepelt.be\" target=\"_blank\" rel=\"noopener noreferrer\">cultuur<\/a> <span class=\"color_15\">en zette zelfs in de eerste editie\u00a0daarmee<\/span> Pelt op de Belgische en zelfs Europese kaart. Lens op de Mens &#8211; Fotofestival Pelt vzw wordt gesubsidieerd door de Vlaamse Overheid, de gemeente Pelt en de Nationale Loterij. Samen met CC Palethe, de vzw beroepsfotografen.be, vzw Studio, BREEDBEELD, Lensculture en vele helpende handen maken we van Pelt de place to be voor iedereen die met fotografie begaan is.<\/p>\n<p class=\"font_8\">De vzw <a href=\"https:\/\/www.beroepsfotografen.be\" target=\"_blank\" rel=\"noopener noreferrer\">beroepsfotografen.be<\/a> en\u00a0<a href=\"https:\/\/www.vzwstudio.be\/\" target=\"_blank\" rel=\"noopener noreferrer\">vzw Studio<\/a>\u00a0hebben een sterk netwerk in binnen- en buitenland. Als steunpunt voor amateurfotografen in Vlaanderen kan <a href=\"https:\/\/breedbeeld.org\/\" target=\"_blank\" rel=\"noopener noreferrer\">BREEDBEELD<\/a> als partner ook niet ontbreken. Het idee om een internationaal fotografiefestival in Pelt te lanceren werd door hen en vele van hun leden enthousiast onthaald. Voor de vijfde editie zijn we blij dat we hen opnieuw als partner mogen verwelkomen.<\/p>\n<p class=\"font_8\">Grote dank ook naar CVO Cursa, Qrios, GO Next Level X, WICO Campus Overpelt, vzw De Klimroos, Dommelhof, Pelle Melle, Koor en stem Limburg, Provincie Limburg, fotoclub Digipelt en Fotoclub Houthalen voor de samenwerkingen op allerlei terreinen.<\/p>\n<p>In 2019 kregen we bezoek van Janet Haines van de <a href=\"https:\/\/rps.org\/about\/\" target=\"_blank\" rel=\"noopener noreferrer\">Royal Photographic Society &#8211; RPS<\/a> uit de UK. Ze was erg onder de indruk van ons fotofestival en zag een toekomstige samenwerking wel zitten. In 2020 werd zij opgevolgd door Carol Olerud en Jeroen Dorrestein als onze contactpersonen binnen hun Benelux Chapter. Wij zijn verheugd dat RPS een belangrijk deel uitmaakte van onze editie 2021 en 2023. De RPS Benelux Chapter 2021 Print Exhibition was te zien als een van onze gasttentoonstellingen. Op zondag 21 september 2025 organiseerden we net als in 2021 en 2023 samen met RPS een lezing en workshop.<\/p>\n<p>De bijzondere tentoonstelling <em>They fight for us too<\/em> kon alleen maar tot stand komen dankzij de fantastische samenwerking met de nationale beroepsverenigingen van fotografen van Ukraine en Tsjechi\u00eb, UAPP en APFCR. Met onze bijzondere dank voor Jan Pohribn\u00fd en Igor Malijevsk\u00fd (APFCR) en Olga Kovalova, senior project manager, en Mstyslav Chernov, algemeen directeur van UAPP.<\/p>\n<p>Voor de 4de editie van 2023 mochten we gebruik maken van de lokalen en terreinen van de Vakschool, de vroegere site van TIO campus Wico. Onze grote dank gaat hiervoor naar de firma Custombuild.<\/p>\n<p>Ook danken wij de volgende firma&#8217;s voor hun bijzondere steun en medewerking: Totch (foto-afdrukken, banners, canvassen, enz), Milo Profi (foto-afdrukken), Colorfields (ChromaLuxe), Shoot Magazine, Guide Schepers van Zupp (ontwerper van de website), Chris Tierney van Infrablue (wedstrijdmodule), Profel, DVV verzekeringen Pelt-Lommel en brouwerij M\u00f8lder en Co\u00f6p.<\/p>\n<p>Ook de steun van de plaatselijk horeca was zeer welkom: Banana Split, &#8217;t 8ste Sacrament, &#8217;t Pelterke, &#8217;t Pittig Baguetje, Da Manu, Fresh, Tafeltijd, Peltri.<\/p>\n<p class=\"font_8\">In 2025 moet u beslist opnieuw een kijkje komen nemen bij de 5de editie van Lens op de Mens. Wij heten u alvast hartelijk welkom in onze mooie gemeente!<\/p>\n<p>&nbsp;<\/p>\n<p>[\/et_pb_text][et_pb_text admin_label=&#8221;Vzw&#8221; _builder_version=&#8221;4.27.4&#8243; text_font=&#8221;Montserrat||||||||&#8221; text_text_color=&#8221;#ffffff&#8221; text_font_size=&#8221;16px&#8221; header_font=&#8221;||||||||&#8221; header_3_font=&#8221;||||||||&#8221; header_3_text_color=&#8221;#f19413&#8243; header_4_font=&#8221;||||||||&#8221; header_4_text_color=&#8221;#0098af&#8221; global_colors_info=&#8221;{}&#8221;]<\/p>\n<h3>VZW<\/h3>\n<p>&nbsp;<\/p>\n<p>Op 14 juli 2020 werd Lens op de Mens &#8211; Fotofestival Pelt officieel erkend als vzw met ondernemingsnummer 0750.633.312.<\/p>\n<p>Het bestuur van de vzw is als volgt samengesteld:<\/p>\n<p>Carine Van Gerven, voorzitter<br \/>Johan Brouwers, ondervoorzitter en voorzitter van de wedstrijdjury<br \/>Rudi Theunis, secretaris<br \/>Sonja Sleurs, penningmeester<br \/>Hilde Stevens, curator<br \/>Jos Verhoogen, bestuurslid<\/p>\n<p>&nbsp;<\/p>\n<p>[\/et_pb_text][\/et_pb_column][et_pb_column type=&#8221;2_5&#8243; _builder_version=&#8221;4.16&#8243; use_background_color_gradient=&#8221;on&#8221; background_color_gradient_stops=&#8221;rgba(0,0,0,0) 83%|rgba(0,0,0,0.9) 100%&#8221; background_color_gradient_overlays_image=&#8221;on&#8221; background_color_gradient_start=&#8221;rgba(0,0,0,0)&#8221; background_color_gradient_start_position=&#8221;83%&#8221; background_color_gradient_end=&#8221;rgba(0,0,0,0.9)&#8221; background_image=&#8221;https:\/\/fotofestivalpelt.be\/wp-content\/uploads\/2020\/04\/P162_Kryst\u00fdnek_Martin_2000px.jpg&#8221; background_position=&#8221;center_left&#8221; custom_padding=&#8221;20px|20px|0px|20px&#8221; custom_padding_tablet=&#8221;&#8221; custom_padding_phone=&#8221;5px|5px|5px|5px|true|true&#8221; custom_padding_last_edited=&#8221;on|phone&#8221; global_colors_info=&#8221;{}&#8221; custom_padding__hover=&#8221;|||&#8221;][\/et_pb_column][\/et_pb_row][\/et_pb_section]<\/p>\n","protected":false},"excerpt":{"rendered":"<p>Hoe het begon \u200b De afgelopen jaren speelde fotografie een steeds belangrijkere rol binnen cultuurcentrum Palethe in Pelt. Met huisfotografen, het maandelijkse fotografiecircuit en jaarlijks meerdere tentoonstellingen rond diverse thema\u2019s bouwde Palethe al een mooie traditie op. \u00a0 \u200bOnze inspiratiebron &nbsp; In 2014 bezocht Carine Van Gerven als fotograaf het internationaal fotofestival L&#8217;Et\u00e9 des Portraits [&hellip;]<\/p>\n","protected":false},"author":2,"featured_media":0,"parent":0,"menu_order":0,"comment_status":"closed","ping_status":"closed","template":"","meta":{"_et_pb_use_builder":"on","_et_pb_old_content":"","_et_gb_content_width":"","footnotes":""},"class_list":["post-935","page","type-page","status-publish","hentry"],"_links":{"self":[{"href":"https:\/\/fotofestivalpelt.be\/nl\/wp-json\/wp\/v2\/pages\/935","targetHints":{"allow":["GET"]}}],"collection":[{"href":"https:\/\/fotofestivalpelt.be\/nl\/wp-json\/wp\/v2\/pages"}],"about":[{"href":"https:\/\/fotofestivalpelt.be\/nl\/wp-json\/wp\/v2\/types\/page"}],"author":[{"embeddable":true,"href":"https:\/\/fotofestivalpelt.be\/nl\/wp-json\/wp\/v2\/users\/2"}],"replies":[{"embeddable":true,"href":"https:\/\/fotofestivalpelt.be\/nl\/wp-json\/wp\/v2\/comments?post=935"}],"version-history":[{"count":55,"href":"https:\/\/fotofestivalpelt.be\/nl\/wp-json\/wp\/v2\/pages\/935\/revisions"}],"predecessor-version":[{"id":25419,"href":"https:\/\/fotofestivalpelt.be\/nl\/wp-json\/wp\/v2\/pages\/935\/revisions\/25419"}],"wp:attachment":[{"href":"https:\/\/fotofestivalpelt.be\/nl\/wp-json\/wp\/v2\/media?parent=935"}],"curies":[{"name":"wp","href":"https:\/\/api.w.org\/{rel}","templated":true}]}}